{"id":9334,"date":"2021-12-11T23:04:07","date_gmt":"2021-12-11T23:04:07","guid":{"rendered":"https:\/\/studniakatechety.pl\/sklep\/?post_type=product&#038;p=9334"},"modified":"2026-01-17T21:07:26","modified_gmt":"2026-01-17T21:07:26","slug":"szkolenie-on-line-dla-katechetow-lamiglowki-n","status":"publish","type":"product","link":"https:\/\/studniakatechety.pl\/sklep\/produkt\/szkolenie-on-line-dla-katechetow-lamiglowki-n\/","title":{"rendered":"KATECHETYCZNE \u0141AMIG\u0141\u00d3WKI | nagranie szkolenia dla katechet\u00f3w + materia\u0142y | 80 minut"},"content":{"rendered":"<p>Nagranie szkolenia dla katechet\u00f3w: KATECHETYCZNE \u0141AMIG\u0141\u00d3WKI, prowadz\u0105ca: S. Emanuela Tomczak<\/p>\n<p>&#8220;Tym razem du\u017ca dawka r\u00f3\u017cnorodnych gier i zabaw s\u0142ownych z serii RUSZ G\u0141OW\u0104\u2026<\/p>\n<p>Na szkoleniu podziel\u0119 si\u0119 pomys\u0142ami i praktyk\u0105 wykorzystania r\u00f3\u017cnorodnych gier, \u0142amig\u0142\u00f3wek, quiz\u00f3w na zaj\u0119ciach z dzie\u0107mi. W\u0142\u0105czenie mini rywalizacji i odrobiny zabawy sprzyja uczeniu, przyswajaniu, utrwalaniu, powtarzaniu i sprawdzaniu wiedzy.<\/p>\n<p>Poznasz mi\u0119dzy innymi:<\/p>\n<p>&#8211; Gry w stylu plansz\u00f3wki z katechetycznymi wyzwaniami<\/p>\n<p>&#8211; Gr\u0119 : Ja mam kto ma?<\/p>\n<p>&#8211; Gry terenowe na terenie klasy i szko\u0142y<\/p>\n<p>&#8211; Gr\u0119: rzu\u0107 i podaj<\/p>\n<p>&#8211; Gr\u0119: wyturlaj pytanie<\/p>\n<p>&#8211; Quizy.<\/p>\n<p>Je\u015bli chcesz wzbogaci\u0107 sw\u00f3j warsztat pracy. I wykorzystywa\u0107 gry w edukacji przyczyniaj\u0105c si\u0119 do rozwijania kreatywno\u015bci dzieci i m\u0142odzie\u017cy, zapraszam na szkolenie. S. Emanuela Tomczak&#8221;.<\/p>\n<p>Wykupuj\u0105cych dost\u0119p do nagrania otrzymuj\u0105 r\u00f3wnie\u017c <strong>link do materia\u0142\u00f3w<\/strong> (w tym do gier przedstawianych na webinarze). Po zapoznaniu si\u0119 ze szkoleniem mo\u017cna napisa\u0107 do Studni o wystawienie <strong>za\u015bwiadczenia<\/strong>.<\/p>\n<p>Czas trwania: 80 minut.<\/p>\n","protected":false},"excerpt":{"rendered":"<p>Nagranie szkolenia dla katechet\u00f3w.<\/p>\n<p>KATECHETYCZNE \u0141AMIG\u0141\u00d3WKI<\/p>\n<p>Prowadz\u0105ca: S. Emanuela Tomczak<\/p>\n<p>&#8220;Tym razem du\u017ca dawka r\u00f3\u017cnorodnych gier i zabaw s\u0142ownych z serii RUSZ G\u0141OW\u0104\u2026<\/p>\n<p>Na szkoleniu podziel\u0119 si\u0119 pomys\u0142ami i praktyk\u0105 wykorzystania r\u00f3\u017cnorodnych gier, \u0142amig\u0142\u00f3wek, quiz\u00f3w na zaj\u0119ciach z dzie\u0107mi. W\u0142\u0105czenie mini rywalizacji i odrobiny zabawy sprzyja uczeniu, przyswajaniu, utrwalaniu, powtarzaniu i sprawdzaniu wiedzy.<\/p>\n<p>Poznasz mi\u0119dzy innymi: gry w stylu plansz\u00f3wki z katechetycznymi wyzwaniami, gr\u0119 : &#8220;Ja mam kto ma?&#8221;, gry terenowe na terenie klasy i szko\u0142y, gr\u0119: rzu\u0107 i podaj, gr\u0119: wyturlaj pytanie,\u00a0Quizy.<\/p>\n<p>Je\u015bli chcesz wzbogaci\u0107 sw\u00f3j warsztat pracy. I wykorzystywa\u0107 gry w edukacji przyczyniaj\u0105c si\u0119 do rozwijania kreatywno\u015bci dzieci i m\u0142odzie\u017cy, zapraszam na szkolenie. S. Emanuela Tomczak&#8221;.<\/p>\n","protected":false},"featured_media":9342,"comment_status":"open","ping_status":"closed","template":"","meta":{"site-sidebar-layout":"default","site-content-layout":"","ast-site-content-layout":"default","site-content-style":"default","site-sidebar-style":"default","ast-global-header-display":"","ast-banner-title-visibility":"","ast-main-header-display":"","ast-hfb-above-header-display":"","ast-hfb-below-header-display":"","ast-hfb-mobile-header-display":"","site-post-title":"","ast-breadcrumbs-content":"","ast-featured-img":"","footer-sml-layout":"","ast-disable-related-posts":"","theme-transparent-header-meta":"default","adv-header-id-meta":"","stick-header-meta":"","header-above-stick-meta":"","header-main-stick-meta":"","header-below-stick-meta":"","astra-migrate-meta-layouts":"set","ast-page-background-enabled":"default","ast-page-background-meta":{"desktop":{"background-color":"var(--ast-global-color-4)","background-image":"","background-repeat":"repeat","background-position":"center center","background-size":"auto","background-attachment":"scroll","background-type":"","background-media":"","overlay-type":"","overlay-color":"","overlay-opacity":"","overlay-gradient":""},"tablet":{"background-color":"","background-image":"","background-repeat":"repeat","background-position":"center center","background-size":"auto","background-attachment":"scroll","background-type":"","background-media":"","overlay-type":"","overlay-color":"","overlay-opacity":"","overlay-gradient":""},"mobile":{"background-color":"","background-image":"","background-repeat":"repeat","background-position":"center center","background-size":"auto","background-attachment":"scroll","background-type":"","background-media":"","overlay-type":"","overlay-color":"","overlay-opacity":"","overlay-gradient":""}},"ast-content-background-meta":{"desktop":{"background-color":"var(--ast-global-color-5)","background-image":"","background-repeat":"repeat","background-position":"center center","background-size":"auto","background-attachment":"scroll","background-type":"","background-media":"","overlay-type":"","overlay-color":"","overlay-opacity":"","overlay-gradient":""},"tablet":{"background-color":"var(--ast-global-color-5)","background-image":"","background-repeat":"repeat","background-position":"center center","background-size":"auto","background-attachment":"scroll","background-type":"","background-media":"","overlay-type":"","overlay-color":"","overlay-opacity":"","overlay-gradient":""},"mobile":{"background-color":"var(--ast-global-color-5)","background-image":"","background-repeat":"repeat","background-position":"center center","background-size":"auto","background-attachment":"scroll","background-type":"","background-media":"","overlay-type":"","overlay-color":"","overlay-opacity":"","overlay-gradient":""}}},"product_brand":[],"product_cat":[833,884,844,880,47,902,821,822],"product_tag":[105,109,98,103],"class_list":{"0":"post-9334","1":"product","2":"type-product","3":"status-publish","4":"has-post-thumbnail","6":"product_cat-gry-metody","7":"product_cat-gry-nagrania-szkolen","8":"product_cat-metody-aktywizujace","9":"product_cat-metody-aktywizujace-nagrania-szkolen","10":"product_cat-nagrania-szkolen","11":"product_cat-s-emanuela-tomczak","12":"product_cat-sp-1-3","13":"product_cat-sp-4-6","14":"product_tag-gry","15":"product_tag-metody-aktywizujace","16":"product_tag-pomoce-katechetyczne","17":"product_tag-s-emanuela-tomczak","18":"desktop-align-center","19":"tablet-align-left","20":"mobile-align-left","22":"first","23":"instock","24":"downloadable","25":"virtual","26":"purchasable","27":"product-type-simple"},"yoast_head":"<!-- This site is optimized with the Yoast SEO plugin v27.3 - https:\/\/yoast.com\/product\/yoast-seo-wordpress\/ -->\n<title>KATECHETYCZNE \u0141AMIG\u0141\u00d3WKI | nagranie szkolenia dla katechet\u00f3w + materia\u0142y | 80 minut - pomoce katechetyczne | szkolenia dla katechet&oacute;w | STUDNIA KATECHETY<\/title>\n<meta name=\"description\" content=\"pomoce katechetyczne | szkolenia dla katechet&oacute;w | STUDNIA KATECHETY\" \/>\n<meta name=\"robots\" content=\"index, follow, max-snippet:-1, max-image-preview:large, max-video-preview:-1\" \/>\n<link rel=\"canonical\" href=\"https:\/\/studniakatechety.pl\/sklep\/produkt\/szkolenie-on-line-dla-katechetow-lamiglowki-n\/\" \/>\n<meta property=\"og:locale\" content=\"pl_PL\" \/>\n<meta property=\"og:type\" content=\"article\" \/>\n<meta property=\"og:title\" content=\"KATECHETYCZNE \u0141AMIG\u0141\u00d3WKI | nagranie szkolenia dla katechet\u00f3w + materia\u0142y | 80 minut - pomoce katechetyczne | szkolenia dla katechet&oacute;w | STUDNIA KATECHETY\" \/>\n<meta property=\"og:description\" content=\"pomoce katechetyczne | szkolenia dla katechet&oacute;w | STUDNIA KATECHETY\" \/>\n<meta property=\"og:url\" content=\"https:\/\/studniakatechety.pl\/sklep\/produkt\/szkolenie-on-line-dla-katechetow-lamiglowki-n\/\" \/>\n<meta property=\"og:site_name\" content=\"pomoce katechetyczne | szkolenia dla katechet&oacute;w | STUDNIA KATECHETY\" \/>\n<meta property=\"article:publisher\" content=\"https:\/\/www.facebook.com\/studniakatechety\/\" \/>\n<meta property=\"article:modified_time\" content=\"2026-01-17T21:07:26+00:00\" \/>\n<meta property=\"og:image\" content=\"https:\/\/studniakatechety.pl\/sklep\/wp-content\/uploads\/2021\/12\/katechetyczne-lamiglowki-n-1.png\" \/>\n\t<meta property=\"og:image:width\" content=\"1528\" \/>\n\t<meta property=\"og:image:height\" content=\"1080\" \/>\n\t<meta property=\"og:image:type\" content=\"image\/png\" \/>\n<meta name=\"twitter:card\" content=\"summary_large_image\" \/>\n<meta name=\"twitter:label1\" content=\"Szacowany czas czytania\" \/>\n\t<meta name=\"twitter:data1\" content=\"2 minuty\" \/>\n<script type=\"application\/ld+json\" class=\"yoast-schema-graph\">{\"@context\":\"https:\\\/\\\/schema.org\",\"@graph\":[{\"@type\":\"WebPage\",\"@id\":\"https:\\\/\\\/studniakatechety.pl\\\/sklep\\\/produkt\\\/szkolenie-on-line-dla-katechetow-lamiglowki-n\\\/\",\"url\":\"https:\\\/\\\/studniakatechety.pl\\\/sklep\\\/produkt\\\/szkolenie-on-line-dla-katechetow-lamiglowki-n\\\/\",\"name\":\"KATECHETYCZNE \u0141AMIG\u0141\u00d3WKI | nagranie szkolenia dla katechet\u00f3w + materia\u0142y | 80 minut - pomoce katechetyczne | szkolenia dla katechet&oacute;w | STUDNIA KATECHETY\",\"isPartOf\":{\"@id\":\"https:\\\/\\\/studniakatechety.pl\\\/sklep\\\/#website\"},\"primaryImageOfPage\":{\"@id\":\"https:\\\/\\\/studniakatechety.pl\\\/sklep\\\/produkt\\\/szkolenie-on-line-dla-katechetow-lamiglowki-n\\\/#primaryimage\"},\"image\":{\"@id\":\"https:\\\/\\\/studniakatechety.pl\\\/sklep\\\/produkt\\\/szkolenie-on-line-dla-katechetow-lamiglowki-n\\\/#primaryimage\"},\"thumbnailUrl\":\"https:\\\/\\\/studniakatechety.pl\\\/sklep\\\/wp-content\\\/uploads\\\/2021\\\/12\\\/katechetyczne-lamiglowki-n-1.png\",\"datePublished\":\"2021-12-11T23:04:07+00:00\",\"dateModified\":\"2026-01-17T21:07:26+00:00\",\"description\":\"pomoce katechetyczne | szkolenia dla katechet&oacute;w | STUDNIA KATECHETY\",\"breadcrumb\":{\"@id\":\"https:\\\/\\\/studniakatechety.pl\\\/sklep\\\/produkt\\\/szkolenie-on-line-dla-katechetow-lamiglowki-n\\\/#breadcrumb\"},\"inLanguage\":\"pl-PL\",\"potentialAction\":[{\"@type\":\"ReadAction\",\"target\":[\"https:\\\/\\\/studniakatechety.pl\\\/sklep\\\/produkt\\\/szkolenie-on-line-dla-katechetow-lamiglowki-n\\\/\"]}]},{\"@type\":\"ImageObject\",\"inLanguage\":\"pl-PL\",\"@id\":\"https:\\\/\\\/studniakatechety.pl\\\/sklep\\\/produkt\\\/szkolenie-on-line-dla-katechetow-lamiglowki-n\\\/#primaryimage\",\"url\":\"https:\\\/\\\/studniakatechety.pl\\\/sklep\\\/wp-content\\\/uploads\\\/2021\\\/12\\\/katechetyczne-lamiglowki-n-1.png\",\"contentUrl\":\"https:\\\/\\\/studniakatechety.pl\\\/sklep\\\/wp-content\\\/uploads\\\/2021\\\/12\\\/katechetyczne-lamiglowki-n-1.png\",\"width\":1528,\"height\":1080,\"caption\":\"szkolenia dla katechet\u00f3w on-line\"},{\"@type\":\"BreadcrumbList\",\"@id\":\"https:\\\/\\\/studniakatechety.pl\\\/sklep\\\/produkt\\\/szkolenie-on-line-dla-katechetow-lamiglowki-n\\\/#breadcrumb\",\"itemListElement\":[{\"@type\":\"ListItem\",\"position\":1,\"name\":\"Strona g\u0142\u00f3wna\",\"item\":\"https:\\\/\\\/studniakatechety.pl\\\/sklep\\\/\"},{\"@type\":\"ListItem\",\"position\":2,\"name\":\"SKLEP\",\"item\":\"https:\\\/\\\/studniakatechety.pl\\\/sklep\\\/shop\\\/\"},{\"@type\":\"ListItem\",\"position\":3,\"name\":\"KATECHETYCZNE \u0141AMIG\u0141\u00d3WKI | nagranie szkolenia dla katechet\u00f3w + materia\u0142y | 80 minut\"}]},{\"@type\":\"WebSite\",\"@id\":\"https:\\\/\\\/studniakatechety.pl\\\/sklep\\\/#website\",\"url\":\"https:\\\/\\\/studniakatechety.pl\\\/sklep\\\/\",\"name\":\"pomoce katechetyczne | szkolenia dla katechet\u00f3w | STUDNIA KATECHETY\",\"description\":\"Strona dla katechet&oacute;w\",\"publisher\":{\"@id\":\"https:\\\/\\\/studniakatechety.pl\\\/sklep\\\/#organization\"},\"potentialAction\":[{\"@type\":\"SearchAction\",\"target\":{\"@type\":\"EntryPoint\",\"urlTemplate\":\"https:\\\/\\\/studniakatechety.pl\\\/sklep\\\/?s={search_term_string}\"},\"query-input\":{\"@type\":\"PropertyValueSpecification\",\"valueRequired\":true,\"valueName\":\"search_term_string\"}}],\"inLanguage\":\"pl-PL\"},{\"@type\":\"Organization\",\"@id\":\"https:\\\/\\\/studniakatechety.pl\\\/sklep\\\/#organization\",\"name\":\"pomoce katechetyczne | szkolenia dla katechet\u00f3w | STUDNIA KATECHETY\",\"url\":\"https:\\\/\\\/studniakatechety.pl\\\/sklep\\\/\",\"logo\":{\"@type\":\"ImageObject\",\"inLanguage\":\"pl-PL\",\"@id\":\"https:\\\/\\\/studniakatechety.pl\\\/sklep\\\/#\\\/schema\\\/logo\\\/image\\\/\",\"url\":\"https:\\\/\\\/studniakatechety.pl\\\/sklep\\\/wp-content\\\/uploads\\\/2025\\\/04\\\/Studnia-Katechety.png\",\"contentUrl\":\"https:\\\/\\\/studniakatechety.pl\\\/sklep\\\/wp-content\\\/uploads\\\/2025\\\/04\\\/Studnia-Katechety.png\",\"width\":600,\"height\":600,\"caption\":\"pomoce katechetyczne | szkolenia dla katechet\u00f3w | STUDNIA KATECHETY\"},\"image\":{\"@id\":\"https:\\\/\\\/studniakatechety.pl\\\/sklep\\\/#\\\/schema\\\/logo\\\/image\\\/\"},\"sameAs\":[\"https:\\\/\\\/www.facebook.com\\\/studniakatechety\\\/\"]}]}<\/script>\n<!-- \/ Yoast SEO plugin. -->","yoast_head_json":{"title":"KATECHETYCZNE \u0141AMIG\u0141\u00d3WKI | nagranie szkolenia dla katechet\u00f3w + materia\u0142y | 80 minut - pomoce katechetyczne | szkolenia dla katechet&oacute;w | STUDNIA KATECHETY","description":"pomoce katechetyczne | szkolenia dla katechet&oacute;w | STUDNIA KATECHETY","robots":{"index":"index","follow":"follow","max-snippet":"max-snippet:-1","max-image-preview":"max-image-preview:large","max-video-preview":"max-video-preview:-1"},"canonical":"https:\/\/studniakatechety.pl\/sklep\/produkt\/szkolenie-on-line-dla-katechetow-lamiglowki-n\/","og_locale":"pl_PL","og_type":"article","og_title":"KATECHETYCZNE \u0141AMIG\u0141\u00d3WKI | nagranie szkolenia dla katechet\u00f3w + materia\u0142y | 80 minut - pomoce katechetyczne | szkolenia dla katechet&oacute;w | STUDNIA KATECHETY","og_description":"pomoce katechetyczne | szkolenia dla katechet&oacute;w | STUDNIA KATECHETY","og_url":"https:\/\/studniakatechety.pl\/sklep\/produkt\/szkolenie-on-line-dla-katechetow-lamiglowki-n\/","og_site_name":"pomoce katechetyczne | szkolenia dla katechet&oacute;w | STUDNIA KATECHETY","article_publisher":"https:\/\/www.facebook.com\/studniakatechety\/","article_modified_time":"2026-01-17T21:07:26+00:00","og_image":[{"width":1528,"height":1080,"url":"https:\/\/studniakatechety.pl\/sklep\/wp-content\/uploads\/2021\/12\/katechetyczne-lamiglowki-n-1.png","type":"image\/png"}],"twitter_card":"summary_large_image","twitter_misc":{"Szacowany czas czytania":"2 minuty"},"schema":{"@context":"https:\/\/schema.org","@graph":[{"@type":"WebPage","@id":"https:\/\/studniakatechety.pl\/sklep\/produkt\/szkolenie-on-line-dla-katechetow-lamiglowki-n\/","url":"https:\/\/studniakatechety.pl\/sklep\/produkt\/szkolenie-on-line-dla-katechetow-lamiglowki-n\/","name":"KATECHETYCZNE \u0141AMIG\u0141\u00d3WKI | nagranie szkolenia dla katechet\u00f3w + materia\u0142y | 80 minut - pomoce katechetyczne | szkolenia dla katechet&oacute;w | STUDNIA KATECHETY","isPartOf":{"@id":"https:\/\/studniakatechety.pl\/sklep\/#website"},"primaryImageOfPage":{"@id":"https:\/\/studniakatechety.pl\/sklep\/produkt\/szkolenie-on-line-dla-katechetow-lamiglowki-n\/#primaryimage"},"image":{"@id":"https:\/\/studniakatechety.pl\/sklep\/produkt\/szkolenie-on-line-dla-katechetow-lamiglowki-n\/#primaryimage"},"thumbnailUrl":"https:\/\/studniakatechety.pl\/sklep\/wp-content\/uploads\/2021\/12\/katechetyczne-lamiglowki-n-1.png","datePublished":"2021-12-11T23:04:07+00:00","dateModified":"2026-01-17T21:07:26+00:00","description":"pomoce katechetyczne | szkolenia dla katechet&oacute;w | STUDNIA KATECHETY","breadcrumb":{"@id":"https:\/\/studniakatechety.pl\/sklep\/produkt\/szkolenie-on-line-dla-katechetow-lamiglowki-n\/#breadcrumb"},"inLanguage":"pl-PL","potentialAction":[{"@type":"ReadAction","target":["https:\/\/studniakatechety.pl\/sklep\/produkt\/szkolenie-on-line-dla-katechetow-lamiglowki-n\/"]}]},{"@type":"ImageObject","inLanguage":"pl-PL","@id":"https:\/\/studniakatechety.pl\/sklep\/produkt\/szkolenie-on-line-dla-katechetow-lamiglowki-n\/#primaryimage","url":"https:\/\/studniakatechety.pl\/sklep\/wp-content\/uploads\/2021\/12\/katechetyczne-lamiglowki-n-1.png","contentUrl":"https:\/\/studniakatechety.pl\/sklep\/wp-content\/uploads\/2021\/12\/katechetyczne-lamiglowki-n-1.png","width":1528,"height":1080,"caption":"szkolenia dla katechet\u00f3w on-line"},{"@type":"BreadcrumbList","@id":"https:\/\/studniakatechety.pl\/sklep\/produkt\/szkolenie-on-line-dla-katechetow-lamiglowki-n\/#breadcrumb","itemListElement":[{"@type":"ListItem","position":1,"name":"Strona g\u0142\u00f3wna","item":"https:\/\/studniakatechety.pl\/sklep\/"},{"@type":"ListItem","position":2,"name":"SKLEP","item":"https:\/\/studniakatechety.pl\/sklep\/shop\/"},{"@type":"ListItem","position":3,"name":"KATECHETYCZNE \u0141AMIG\u0141\u00d3WKI | nagranie szkolenia dla katechet\u00f3w + materia\u0142y | 80 minut"}]},{"@type":"WebSite","@id":"https:\/\/studniakatechety.pl\/sklep\/#website","url":"https:\/\/studniakatechety.pl\/sklep\/","name":"pomoce katechetyczne | szkolenia dla katechet\u00f3w | STUDNIA KATECHETY","description":"Strona dla katechet&oacute;w","publisher":{"@id":"https:\/\/studniakatechety.pl\/sklep\/#organization"},"potentialAction":[{"@type":"SearchAction","target":{"@type":"EntryPoint","urlTemplate":"https:\/\/studniakatechety.pl\/sklep\/?s={search_term_string}"},"query-input":{"@type":"PropertyValueSpecification","valueRequired":true,"valueName":"search_term_string"}}],"inLanguage":"pl-PL"},{"@type":"Organization","@id":"https:\/\/studniakatechety.pl\/sklep\/#organization","name":"pomoce katechetyczne | szkolenia dla katechet\u00f3w | STUDNIA KATECHETY","url":"https:\/\/studniakatechety.pl\/sklep\/","logo":{"@type":"ImageObject","inLanguage":"pl-PL","@id":"https:\/\/studniakatechety.pl\/sklep\/#\/schema\/logo\/image\/","url":"https:\/\/studniakatechety.pl\/sklep\/wp-content\/uploads\/2025\/04\/Studnia-Katechety.png","contentUrl":"https:\/\/studniakatechety.pl\/sklep\/wp-content\/uploads\/2025\/04\/Studnia-Katechety.png","width":600,"height":600,"caption":"pomoce katechetyczne | szkolenia dla katechet\u00f3w | STUDNIA KATECHETY"},"image":{"@id":"https:\/\/studniakatechety.pl\/sklep\/#\/schema\/logo\/image\/"},"sameAs":["https:\/\/www.facebook.com\/studniakatechety\/"]}]}},"_links":{"self":[{"href":"https:\/\/studniakatechety.pl\/sklep\/wp-json\/wp\/v2\/product\/9334","targetHints":{"allow":["GET"]}}],"collection":[{"href":"https:\/\/studniakatechety.pl\/sklep\/wp-json\/wp\/v2\/product"}],"about":[{"href":"https:\/\/studniakatechety.pl\/sklep\/wp-json\/wp\/v2\/types\/product"}],"replies":[{"embeddable":true,"href":"https:\/\/studniakatechety.pl\/sklep\/wp-json\/wp\/v2\/comments?post=9334"}],"version-history":[{"count":9,"href":"https:\/\/studniakatechety.pl\/sklep\/wp-json\/wp\/v2\/product\/9334\/revisions"}],"predecessor-version":[{"id":9343,"href":"https:\/\/studniakatechety.pl\/sklep\/wp-json\/wp\/v2\/product\/9334\/revisions\/9343"}],"wp:featuredmedia":[{"embeddable":true,"href":"https:\/\/studniakatechety.pl\/sklep\/wp-json\/wp\/v2\/media\/9342"}],"wp:attachment":[{"href":"https:\/\/studniakatechety.pl\/sklep\/wp-json\/wp\/v2\/media?parent=9334"}],"wp:term":[{"taxonomy":"product_brand","embeddable":true,"href":"https:\/\/studniakatechety.pl\/sklep\/wp-json\/wp\/v2\/product_brand?post=9334"},{"taxonomy":"product_cat","embeddable":true,"href":"https:\/\/studniakatechety.pl\/sklep\/wp-json\/wp\/v2\/product_cat?post=9334"},{"taxonomy":"product_tag","embeddable":true,"href":"https:\/\/studniakatechety.pl\/sklep\/wp-json\/wp\/v2\/product_tag?post=9334"}],"curies":[{"name":"wp","href":"https:\/\/api.w.org\/{rel}","templated":true}]}}