{"id":9186,"date":"2021-11-30T20:18:10","date_gmt":"2021-11-30T20:18:10","guid":{"rendered":"https:\/\/studniakatechety.pl\/sklep\/?post_type=product&#038;p=9186"},"modified":"2025-10-31T20:58:57","modified_gmt":"2025-10-31T20:58:57","slug":"jak-mowic-o-upadku-pierwszych-ludzi-na-katechezie-rdz-3-107-minut","status":"publish","type":"product","link":"https:\/\/studniakatechety.pl\/sklep\/produkt\/jak-mowic-o-upadku-pierwszych-ludzi-na-katechezie-rdz-3-107-minut\/","title":{"rendered":"JAK M\u00d3WI\u0106 O UPADKU PIERWSZYCH LUDZI NA KATECHEZIE (Rdz 3)? | nagranie szkolenia dla katechet\u00f3w + materia\u0142y | 107 minut"},"content":{"rendered":"<p>Nagranie szkolenia dla katechet\u00f3w.<\/p>\n<p>Szkolenie biblijne: Jak m\u00f3wi\u0107 na katechezie o upadku pierwszych ludzi (Rdz 3)?<\/p>\n<p>Prowadz\u0105cy: Krzysztof Jan Wojtyra<\/p>\n<p>Zapraszam Ci\u0119 na szkolenie, w kt\u00f3rym przyjrzymy si\u0119 kolejnemu fragmentowi Pisma \u015awi\u0119tego! Po opisie stworzenia czas na opis upadku pierwszych ludzi, kt\u00f3remu znowu przyjrzymy si\u0119 biblijnie z nutk\u0105 dogmatyki. Jak przedstawia\u0107 ten fragment w szkole w formie \u201e\u015bledztwa\u201d? Dlaczego jest to grzech Adama (O, zaiste konieczny by\u0142 grzech Adama, kt\u00f3ry zosta\u0142 zg\u0142adzony \u015bmierci\u0105 Chrystusa! \u2013 fragment Exultetu) skoro to Ewa spo\u017cy\u0142a owoc? Dlaczego w\u0105\u017c mia\u0142 je\u015b\u0107 proch ziemi? A co najwa\u017cniejsze \u2013 postaramy si\u0119 zrozumie\u0107 psychologi\u0119 grzechu na postawie Rdz 3.<\/p>\n<p>Czas trwania: 107 minut<\/p>\n<p>Opr\u00f3cz nagrania dost\u0119p do prezentacji. Po zapoznaniu si\u0119 z tre\u015bciami mo\u017cna napisa\u0107 o wydanie za\u015bwiadczenia.<\/p>\n","protected":false},"excerpt":{"rendered":"<p>Nagranie szkolenia dla katechet\u00f3w.<\/p>\n<p>Szkolenie biblijne: Jak m\u00f3wi\u0107 na katechezie o upadku pierwszych ludzi (Rdz 3)?<\/p>\n","protected":false},"featured_media":9191,"comment_status":"open","ping_status":"closed","template":"","meta":{"site-sidebar-layout":"default","site-content-layout":"","ast-site-content-layout":"default","site-content-style":"default","site-sidebar-style":"default","ast-global-header-display":"","ast-banner-title-visibility":"","ast-main-header-display":"","ast-hfb-above-header-display":"","ast-hfb-below-header-display":"","ast-hfb-mobile-header-display":"","site-post-title":"","ast-breadcrumbs-content":"","ast-featured-img":"","footer-sml-layout":"","ast-disable-related-posts":"","theme-transparent-header-meta":"default","adv-header-id-meta":"","stick-header-meta":"","header-above-stick-meta":"","header-main-stick-meta":"","header-below-stick-meta":"","astra-migrate-meta-layouts":"set","ast-page-background-enabled":"default","ast-page-background-meta":{"desktop":{"background-color":"var(--ast-global-color-4)","background-image":"","background-repeat":"repeat","background-position":"center center","background-size":"auto","background-attachment":"scroll","background-type":"","background-media":"","overlay-type":"","overlay-color":"","overlay-opacity":"","overlay-gradient":""},"tablet":{"background-color":"","background-image":"","background-repeat":"repeat","background-position":"center center","background-size":"auto","background-attachment":"scroll","background-type":"","background-media":"","overlay-type":"","overlay-color":"","overlay-opacity":"","overlay-gradient":""},"mobile":{"background-color":"","background-image":"","background-repeat":"repeat","background-position":"center center","background-size":"auto","background-attachment":"scroll","background-type":"","background-media":"","overlay-type":"","overlay-color":"","overlay-opacity":"","overlay-gradient":""}},"ast-content-background-meta":{"desktop":{"background-color":"var(--ast-global-color-5)","background-image":"","background-repeat":"repeat","background-position":"center center","background-size":"auto","background-attachment":"scroll","background-type":"","background-media":"","overlay-type":"","overlay-color":"","overlay-opacity":"","overlay-gradient":""},"tablet":{"background-color":"var(--ast-global-color-5)","background-image":"","background-repeat":"repeat","background-position":"center center","background-size":"auto","background-attachment":"scroll","background-type":"","background-media":"","overlay-type":"","overlay-color":"","overlay-opacity":"","overlay-gradient":""},"mobile":{"background-color":"var(--ast-global-color-5)","background-image":"","background-repeat":"repeat","background-position":"center center","background-size":"auto","background-attachment":"scroll","background-type":"","background-media":"","overlay-type":"","overlay-color":"","overlay-opacity":"","overlay-gradient":""}}},"product_brand":[],"product_cat":[836,888,876,47,877,822,823,878],"product_tag":[108,134,193,205],"class_list":{"0":"post-9186","1":"product","2":"type-product","3":"status-publish","4":"has-post-thumbnail","6":"product_cat-biblijne","7":"product_cat-biblijne-nagrania-szkolen","8":"product_cat-krzysztof-jan-wojtyra","9":"product_cat-nagrania-szkolen","10":"product_cat-nauczyciele","11":"product_cat-sp-4-6","12":"product_cat-sp-7-8","13":"product_cat-szkola-srednia","14":"product_tag-biblijne","15":"product_tag-k-j-wojtyra","16":"product_tag-scenariusz","17":"product_tag-tematy","18":"desktop-align-center","19":"tablet-align-left","20":"mobile-align-left","22":"first","23":"instock","24":"downloadable","25":"virtual","26":"purchasable","27":"product-type-simple"},"yoast_head":"<!-- This site is optimized with the Yoast SEO plugin v27.3 - https:\/\/yoast.com\/product\/yoast-seo-wordpress\/ -->\n<title>JAK M\u00d3WI\u0106 O UPADKU PIERWSZYCH LUDZI NA KATECHEZIE (Rdz 3)? | nagranie szkolenia dla katechet\u00f3w + materia\u0142y | 107 minut - pomoce katechetyczne | szkolenia dla katechet&oacute;w | STUDNIA KATECHETY<\/title>\n<meta name=\"description\" content=\"pomoce katechetyczne | szkolenia dla katechet&oacute;w | STUDNIA KATECHETY\" \/>\n<meta name=\"robots\" content=\"index, follow, max-snippet:-1, max-image-preview:large, max-video-preview:-1\" \/>\n<link rel=\"canonical\" href=\"https:\/\/studniakatechety.pl\/sklep\/produkt\/jak-mowic-o-upadku-pierwszych-ludzi-na-katechezie-rdz-3-107-minut\/\" \/>\n<meta property=\"og:locale\" content=\"pl_PL\" \/>\n<meta property=\"og:type\" content=\"article\" \/>\n<meta property=\"og:title\" content=\"JAK M\u00d3WI\u0106 O UPADKU PIERWSZYCH LUDZI NA KATECHEZIE (Rdz 3)? | nagranie szkolenia dla katechet\u00f3w + materia\u0142y | 107 minut - pomoce katechetyczne | szkolenia dla katechet&oacute;w | STUDNIA KATECHETY\" \/>\n<meta property=\"og:description\" content=\"pomoce katechetyczne | szkolenia dla katechet&oacute;w | STUDNIA KATECHETY\" \/>\n<meta property=\"og:url\" content=\"https:\/\/studniakatechety.pl\/sklep\/produkt\/jak-mowic-o-upadku-pierwszych-ludzi-na-katechezie-rdz-3-107-minut\/\" \/>\n<meta property=\"og:site_name\" content=\"pomoce katechetyczne | szkolenia dla katechet&oacute;w | STUDNIA KATECHETY\" \/>\n<meta property=\"article:publisher\" content=\"https:\/\/www.facebook.com\/studniakatechety\/\" \/>\n<meta property=\"article:modified_time\" content=\"2025-10-31T20:58:57+00:00\" \/>\n<meta property=\"og:image\" content=\"https:\/\/studniakatechety.pl\/sklep\/wp-content\/uploads\/2021\/11\/biblijny2n.png\" \/>\n\t<meta property=\"og:image:width\" content=\"1280\" \/>\n\t<meta property=\"og:image:height\" content=\"744\" \/>\n\t<meta property=\"og:image:type\" content=\"image\/png\" \/>\n<meta name=\"twitter:card\" content=\"summary_large_image\" \/>\n<meta name=\"twitter:label1\" content=\"Szacowany czas czytania\" \/>\n\t<meta name=\"twitter:data1\" content=\"1 minuta\" \/>\n<script type=\"application\/ld+json\" class=\"yoast-schema-graph\">{\"@context\":\"https:\\\/\\\/schema.org\",\"@graph\":[{\"@type\":\"WebPage\",\"@id\":\"https:\\\/\\\/studniakatechety.pl\\\/sklep\\\/produkt\\\/jak-mowic-o-upadku-pierwszych-ludzi-na-katechezie-rdz-3-107-minut\\\/\",\"url\":\"https:\\\/\\\/studniakatechety.pl\\\/sklep\\\/produkt\\\/jak-mowic-o-upadku-pierwszych-ludzi-na-katechezie-rdz-3-107-minut\\\/\",\"name\":\"JAK M\u00d3WI\u0106 O UPADKU PIERWSZYCH LUDZI NA KATECHEZIE (Rdz 3)? | nagranie szkolenia dla katechet\u00f3w + materia\u0142y | 107 minut - pomoce katechetyczne | szkolenia dla katechet&oacute;w | STUDNIA KATECHETY\",\"isPartOf\":{\"@id\":\"https:\\\/\\\/studniakatechety.pl\\\/sklep\\\/#website\"},\"primaryImageOfPage\":{\"@id\":\"https:\\\/\\\/studniakatechety.pl\\\/sklep\\\/produkt\\\/jak-mowic-o-upadku-pierwszych-ludzi-na-katechezie-rdz-3-107-minut\\\/#primaryimage\"},\"image\":{\"@id\":\"https:\\\/\\\/studniakatechety.pl\\\/sklep\\\/produkt\\\/jak-mowic-o-upadku-pierwszych-ludzi-na-katechezie-rdz-3-107-minut\\\/#primaryimage\"},\"thumbnailUrl\":\"https:\\\/\\\/studniakatechety.pl\\\/sklep\\\/wp-content\\\/uploads\\\/2021\\\/11\\\/biblijny2n.png\",\"datePublished\":\"2021-11-30T20:18:10+00:00\",\"dateModified\":\"2025-10-31T20:58:57+00:00\",\"description\":\"pomoce katechetyczne | szkolenia dla katechet&oacute;w | STUDNIA KATECHETY\",\"breadcrumb\":{\"@id\":\"https:\\\/\\\/studniakatechety.pl\\\/sklep\\\/produkt\\\/jak-mowic-o-upadku-pierwszych-ludzi-na-katechezie-rdz-3-107-minut\\\/#breadcrumb\"},\"inLanguage\":\"pl-PL\",\"potentialAction\":[{\"@type\":\"ReadAction\",\"target\":[\"https:\\\/\\\/studniakatechety.pl\\\/sklep\\\/produkt\\\/jak-mowic-o-upadku-pierwszych-ludzi-na-katechezie-rdz-3-107-minut\\\/\"]}]},{\"@type\":\"ImageObject\",\"inLanguage\":\"pl-PL\",\"@id\":\"https:\\\/\\\/studniakatechety.pl\\\/sklep\\\/produkt\\\/jak-mowic-o-upadku-pierwszych-ludzi-na-katechezie-rdz-3-107-minut\\\/#primaryimage\",\"url\":\"https:\\\/\\\/studniakatechety.pl\\\/sklep\\\/wp-content\\\/uploads\\\/2021\\\/11\\\/biblijny2n.png\",\"contentUrl\":\"https:\\\/\\\/studniakatechety.pl\\\/sklep\\\/wp-content\\\/uploads\\\/2021\\\/11\\\/biblijny2n.png\",\"width\":1280,\"height\":744,\"caption\":\"szkolenia dla katechet\u00f3w\"},{\"@type\":\"BreadcrumbList\",\"@id\":\"https:\\\/\\\/studniakatechety.pl\\\/sklep\\\/produkt\\\/jak-mowic-o-upadku-pierwszych-ludzi-na-katechezie-rdz-3-107-minut\\\/#breadcrumb\",\"itemListElement\":[{\"@type\":\"ListItem\",\"position\":1,\"name\":\"Strona g\u0142\u00f3wna\",\"item\":\"https:\\\/\\\/studniakatechety.pl\\\/sklep\\\/\"},{\"@type\":\"ListItem\",\"position\":2,\"name\":\"SKLEP\",\"item\":\"https:\\\/\\\/studniakatechety.pl\\\/sklep\\\/shop\\\/\"},{\"@type\":\"ListItem\",\"position\":3,\"name\":\"JAK M\u00d3WI\u0106 O UPADKU PIERWSZYCH LUDZI NA KATECHEZIE (Rdz 3)? | nagranie szkolenia dla katechet\u00f3w + materia\u0142y | 107 minut\"}]},{\"@type\":\"WebSite\",\"@id\":\"https:\\\/\\\/studniakatechety.pl\\\/sklep\\\/#website\",\"url\":\"https:\\\/\\\/studniakatechety.pl\\\/sklep\\\/\",\"name\":\"pomoce katechetyczne | szkolenia dla katechet\u00f3w | STUDNIA KATECHETY\",\"description\":\"Strona dla katechet&oacute;w\",\"publisher\":{\"@id\":\"https:\\\/\\\/studniakatechety.pl\\\/sklep\\\/#organization\"},\"potentialAction\":[{\"@type\":\"SearchAction\",\"target\":{\"@type\":\"EntryPoint\",\"urlTemplate\":\"https:\\\/\\\/studniakatechety.pl\\\/sklep\\\/?s={search_term_string}\"},\"query-input\":{\"@type\":\"PropertyValueSpecification\",\"valueRequired\":true,\"valueName\":\"search_term_string\"}}],\"inLanguage\":\"pl-PL\"},{\"@type\":\"Organization\",\"@id\":\"https:\\\/\\\/studniakatechety.pl\\\/sklep\\\/#organization\",\"name\":\"pomoce katechetyczne | szkolenia dla katechet\u00f3w | STUDNIA KATECHETY\",\"url\":\"https:\\\/\\\/studniakatechety.pl\\\/sklep\\\/\",\"logo\":{\"@type\":\"ImageObject\",\"inLanguage\":\"pl-PL\",\"@id\":\"https:\\\/\\\/studniakatechety.pl\\\/sklep\\\/#\\\/schema\\\/logo\\\/image\\\/\",\"url\":\"https:\\\/\\\/studniakatechety.pl\\\/sklep\\\/wp-content\\\/uploads\\\/2025\\\/04\\\/Studnia-Katechety.png\",\"contentUrl\":\"https:\\\/\\\/studniakatechety.pl\\\/sklep\\\/wp-content\\\/uploads\\\/2025\\\/04\\\/Studnia-Katechety.png\",\"width\":600,\"height\":600,\"caption\":\"pomoce katechetyczne | szkolenia dla katechet\u00f3w | STUDNIA KATECHETY\"},\"image\":{\"@id\":\"https:\\\/\\\/studniakatechety.pl\\\/sklep\\\/#\\\/schema\\\/logo\\\/image\\\/\"},\"sameAs\":[\"https:\\\/\\\/www.facebook.com\\\/studniakatechety\\\/\"]}]}<\/script>\n<!-- \/ Yoast SEO plugin. -->","yoast_head_json":{"title":"JAK M\u00d3WI\u0106 O UPADKU PIERWSZYCH LUDZI NA KATECHEZIE (Rdz 3)? | nagranie szkolenia dla katechet\u00f3w + materia\u0142y | 107 minut - pomoce katechetyczne | szkolenia dla katechet&oacute;w | STUDNIA KATECHETY","description":"pomoce katechetyczne | szkolenia dla katechet&oacute;w | STUDNIA KATECHETY","robots":{"index":"index","follow":"follow","max-snippet":"max-snippet:-1","max-image-preview":"max-image-preview:large","max-video-preview":"max-video-preview:-1"},"canonical":"https:\/\/studniakatechety.pl\/sklep\/produkt\/jak-mowic-o-upadku-pierwszych-ludzi-na-katechezie-rdz-3-107-minut\/","og_locale":"pl_PL","og_type":"article","og_title":"JAK M\u00d3WI\u0106 O UPADKU PIERWSZYCH LUDZI NA KATECHEZIE (Rdz 3)? | nagranie szkolenia dla katechet\u00f3w + materia\u0142y | 107 minut - pomoce katechetyczne | szkolenia dla katechet&oacute;w | STUDNIA KATECHETY","og_description":"pomoce katechetyczne | szkolenia dla katechet&oacute;w | STUDNIA KATECHETY","og_url":"https:\/\/studniakatechety.pl\/sklep\/produkt\/jak-mowic-o-upadku-pierwszych-ludzi-na-katechezie-rdz-3-107-minut\/","og_site_name":"pomoce katechetyczne | szkolenia dla katechet&oacute;w | STUDNIA KATECHETY","article_publisher":"https:\/\/www.facebook.com\/studniakatechety\/","article_modified_time":"2025-10-31T20:58:57+00:00","og_image":[{"width":1280,"height":744,"url":"https:\/\/studniakatechety.pl\/sklep\/wp-content\/uploads\/2021\/11\/biblijny2n.png","type":"image\/png"}],"twitter_card":"summary_large_image","twitter_misc":{"Szacowany czas czytania":"1 minuta"},"schema":{"@context":"https:\/\/schema.org","@graph":[{"@type":"WebPage","@id":"https:\/\/studniakatechety.pl\/sklep\/produkt\/jak-mowic-o-upadku-pierwszych-ludzi-na-katechezie-rdz-3-107-minut\/","url":"https:\/\/studniakatechety.pl\/sklep\/produkt\/jak-mowic-o-upadku-pierwszych-ludzi-na-katechezie-rdz-3-107-minut\/","name":"JAK M\u00d3WI\u0106 O UPADKU PIERWSZYCH LUDZI NA KATECHEZIE (Rdz 3)? | nagranie szkolenia dla katechet\u00f3w + materia\u0142y | 107 minut - pomoce katechetyczne | szkolenia dla katechet&oacute;w | STUDNIA KATECHETY","isPartOf":{"@id":"https:\/\/studniakatechety.pl\/sklep\/#website"},"primaryImageOfPage":{"@id":"https:\/\/studniakatechety.pl\/sklep\/produkt\/jak-mowic-o-upadku-pierwszych-ludzi-na-katechezie-rdz-3-107-minut\/#primaryimage"},"image":{"@id":"https:\/\/studniakatechety.pl\/sklep\/produkt\/jak-mowic-o-upadku-pierwszych-ludzi-na-katechezie-rdz-3-107-minut\/#primaryimage"},"thumbnailUrl":"https:\/\/studniakatechety.pl\/sklep\/wp-content\/uploads\/2021\/11\/biblijny2n.png","datePublished":"2021-11-30T20:18:10+00:00","dateModified":"2025-10-31T20:58:57+00:00","description":"pomoce katechetyczne | szkolenia dla katechet&oacute;w | STUDNIA KATECHETY","breadcrumb":{"@id":"https:\/\/studniakatechety.pl\/sklep\/produkt\/jak-mowic-o-upadku-pierwszych-ludzi-na-katechezie-rdz-3-107-minut\/#breadcrumb"},"inLanguage":"pl-PL","potentialAction":[{"@type":"ReadAction","target":["https:\/\/studniakatechety.pl\/sklep\/produkt\/jak-mowic-o-upadku-pierwszych-ludzi-na-katechezie-rdz-3-107-minut\/"]}]},{"@type":"ImageObject","inLanguage":"pl-PL","@id":"https:\/\/studniakatechety.pl\/sklep\/produkt\/jak-mowic-o-upadku-pierwszych-ludzi-na-katechezie-rdz-3-107-minut\/#primaryimage","url":"https:\/\/studniakatechety.pl\/sklep\/wp-content\/uploads\/2021\/11\/biblijny2n.png","contentUrl":"https:\/\/studniakatechety.pl\/sklep\/wp-content\/uploads\/2021\/11\/biblijny2n.png","width":1280,"height":744,"caption":"szkolenia dla katechet\u00f3w"},{"@type":"BreadcrumbList","@id":"https:\/\/studniakatechety.pl\/sklep\/produkt\/jak-mowic-o-upadku-pierwszych-ludzi-na-katechezie-rdz-3-107-minut\/#breadcrumb","itemListElement":[{"@type":"ListItem","position":1,"name":"Strona g\u0142\u00f3wna","item":"https:\/\/studniakatechety.pl\/sklep\/"},{"@type":"ListItem","position":2,"name":"SKLEP","item":"https:\/\/studniakatechety.pl\/sklep\/shop\/"},{"@type":"ListItem","position":3,"name":"JAK M\u00d3WI\u0106 O UPADKU PIERWSZYCH LUDZI NA KATECHEZIE (Rdz 3)? | nagranie szkolenia dla katechet\u00f3w + materia\u0142y | 107 minut"}]},{"@type":"WebSite","@id":"https:\/\/studniakatechety.pl\/sklep\/#website","url":"https:\/\/studniakatechety.pl\/sklep\/","name":"pomoce katechetyczne | szkolenia dla katechet\u00f3w | STUDNIA KATECHETY","description":"Strona dla katechet&oacute;w","publisher":{"@id":"https:\/\/studniakatechety.pl\/sklep\/#organization"},"potentialAction":[{"@type":"SearchAction","target":{"@type":"EntryPoint","urlTemplate":"https:\/\/studniakatechety.pl\/sklep\/?s={search_term_string}"},"query-input":{"@type":"PropertyValueSpecification","valueRequired":true,"valueName":"search_term_string"}}],"inLanguage":"pl-PL"},{"@type":"Organization","@id":"https:\/\/studniakatechety.pl\/sklep\/#organization","name":"pomoce katechetyczne | szkolenia dla katechet\u00f3w | STUDNIA KATECHETY","url":"https:\/\/studniakatechety.pl\/sklep\/","logo":{"@type":"ImageObject","inLanguage":"pl-PL","@id":"https:\/\/studniakatechety.pl\/sklep\/#\/schema\/logo\/image\/","url":"https:\/\/studniakatechety.pl\/sklep\/wp-content\/uploads\/2025\/04\/Studnia-Katechety.png","contentUrl":"https:\/\/studniakatechety.pl\/sklep\/wp-content\/uploads\/2025\/04\/Studnia-Katechety.png","width":600,"height":600,"caption":"pomoce katechetyczne | szkolenia dla katechet\u00f3w | STUDNIA KATECHETY"},"image":{"@id":"https:\/\/studniakatechety.pl\/sklep\/#\/schema\/logo\/image\/"},"sameAs":["https:\/\/www.facebook.com\/studniakatechety\/"]}]}},"_links":{"self":[{"href":"https:\/\/studniakatechety.pl\/sklep\/wp-json\/wp\/v2\/product\/9186","targetHints":{"allow":["GET"]}}],"collection":[{"href":"https:\/\/studniakatechety.pl\/sklep\/wp-json\/wp\/v2\/product"}],"about":[{"href":"https:\/\/studniakatechety.pl\/sklep\/wp-json\/wp\/v2\/types\/product"}],"replies":[{"embeddable":true,"href":"https:\/\/studniakatechety.pl\/sklep\/wp-json\/wp\/v2\/comments?post=9186"}],"version-history":[{"count":6,"href":"https:\/\/studniakatechety.pl\/sklep\/wp-json\/wp\/v2\/product\/9186\/revisions"}],"predecessor-version":[{"id":9561,"href":"https:\/\/studniakatechety.pl\/sklep\/wp-json\/wp\/v2\/product\/9186\/revisions\/9561"}],"wp:featuredmedia":[{"embeddable":true,"href":"https:\/\/studniakatechety.pl\/sklep\/wp-json\/wp\/v2\/media\/9191"}],"wp:attachment":[{"href":"https:\/\/studniakatechety.pl\/sklep\/wp-json\/wp\/v2\/media?parent=9186"}],"wp:term":[{"taxonomy":"product_brand","embeddable":true,"href":"https:\/\/studniakatechety.pl\/sklep\/wp-json\/wp\/v2\/product_brand?post=9186"},{"taxonomy":"product_cat","embeddable":true,"href":"https:\/\/studniakatechety.pl\/sklep\/wp-json\/wp\/v2\/product_cat?post=9186"},{"taxonomy":"product_tag","embeddable":true,"href":"https:\/\/studniakatechety.pl\/sklep\/wp-json\/wp\/v2\/product_tag?post=9186"}],"curies":[{"name":"wp","href":"https:\/\/api.w.org\/{rel}","templated":true}]}}