{"id":8906,"date":"2021-11-06T00:02:23","date_gmt":"2021-11-06T00:02:23","guid":{"rendered":"https:\/\/studniakatechety.pl\/sklep\/?post_type=product&#038;p=8906"},"modified":"2026-04-17T21:03:41","modified_gmt":"2026-04-17T21:03:41","slug":"szkolenie-dla-katechetow-pomyslowa-katecheza-n","status":"publish","type":"product","link":"https:\/\/studniakatechety.pl\/sklep\/produkt\/szkolenie-dla-katechetow-pomyslowa-katecheza-n\/","title":{"rendered":"POMYS\u0141OWA KATECHEZA | nagranie szkolenia dla katechet\u00f3w + materia\u0142y | 88 minut"},"content":{"rendered":"<p>Nagranie szkolenia dla katechet\u00f3w<\/p>\n<p>Zaczynasz prac\u0119 w katechezie i chcesz znale\u017a\u0107 metody pracy najbardziej odpowiednie do Twoich uczni\u00f3w? A mo\u017ce posiadasz ogromne do\u015bwiadczenie i potrzebujesz czego\u015b nowego, gdy\u017c Twoje pomys\u0142y i kreatywno\u015b\u0107 ju\u017c jest wyczerpana? A mo\u017ce po prostu szukasz inspiracji? Zapraszam na szkolenie, kt\u00f3re poprowadzi katechetka z ponad 10 letnim sta\u017cem pracy na wszystkich poziomach edukacyjnych, doradczyni metodyczn\u0105 z kurii w Warszawie. Na tym szkoleniu poznasz i podsumujesz wiedz\u0119 na temat r\u00f3\u017cnorakich metod aktywnych i aktywizacyjnych. Dostaniesz konkretne wskaz\u00f3wki do pracy na lekcji religii. B\u0119dzie to szkolenie przedstawiaj\u0105ce r\u00f3\u017cne metody racy z dzie\u0107mi klas 1-4: multimedialne, muzyczne, biblijne, multisensoryczne i wiele innych.<\/p>\n<p>Opr\u00f3cz\u00a0 nagrania dost\u0119p do prezentacji wykorzystanej w szkoleniu.<\/p>\n<p>Po zapoznaniu si\u0119 z tre\u015bciami mo\u017cna zg\u0142osi\u0107 si\u0119 po za\u015bwiadczenie.<\/p>\n<p>Prowadz\u0105ca: Anna Parfenovich (Zielinska)<\/p>\n<p>Czas trwania: 88 minut<\/p>\n","protected":false},"excerpt":{"rendered":"<p>Nagranie szkolenia dla katechet\u00f3w<\/p>\n<p>Zaczynasz prac\u0119 w katechezie i chcesz znale\u017a\u0107 metody pracy najbardziej odpowiednie do Twoich uczni\u00f3w? A mo\u017ce posiadasz ogromne do\u015bwiadczenie i potrzebujesz czego\u015b nowego, gdy\u017c Twoje pomys\u0142y i kreatywno\u015b\u0107 ju\u017c jest wyczerpana? A mo\u017ce po prostu szukasz inspiracji? Zapraszam na szkolenie, kt\u00f3re poprowadzi katechetka z ponad 10 letnim sta\u017cem pracy na wszystkich poziomach edukacyjnych, doradczyni metodyczn\u0105 z kurii w Warszawie. Na tym szkoleniu poznasz i podsumujesz wiedz\u0119 na temat r\u00f3\u017cnorakich metod aktywnych i aktywizacyjnych. Dostaniesz konkretne wskaz\u00f3wki do pracy na lekcji religii. B\u0119dzie to szkolenie przedstawiaj\u0105ce r\u00f3\u017cne metody racy z dzie\u0107mi klas 1-4: multimedialne, muzyczne, biblijne, multisensoryczne i wiele innych.<\/p>\n<p>Opr\u00f3cz\u00a0 nagrania dost\u0119p do prezentacji wykorzystanej w szkoleniu.<\/p>\n<p>Po zapoznaniu si\u0119 z tre\u015bciami mo\u017cna zg\u0142osi\u0107 si\u0119 po za\u015bwiadczenie.<\/p>\n<p>Prowadz\u0105ca: Anna Parfenovich (Zielinska)<\/p>\n<p>Czas trwania: 88 minut<\/p>\n","protected":false},"featured_media":9544,"comment_status":"open","ping_status":"closed","template":"","meta":{"site-sidebar-layout":"default","site-content-layout":"","ast-site-content-layout":"default","site-content-style":"default","site-sidebar-style":"default","ast-global-header-display":"","ast-banner-title-visibility":"","ast-main-header-display":"","ast-hfb-above-header-display":"","ast-hfb-below-header-display":"","ast-hfb-mobile-header-display":"","site-post-title":"","ast-breadcrumbs-content":"","ast-featured-img":"","footer-sml-layout":"","ast-disable-related-posts":"","theme-transparent-header-meta":"default","adv-header-id-meta":"","stick-header-meta":"","header-above-stick-meta":"","header-main-stick-meta":"","header-below-stick-meta":"","astra-migrate-meta-layouts":"set","ast-page-background-enabled":"default","ast-page-background-meta":{"desktop":{"background-color":"var(--ast-global-color-4)","background-image":"","background-repeat":"repeat","background-position":"center center","background-size":"auto","background-attachment":"scroll","background-type":"","background-media":"","overlay-type":"","overlay-color":"","overlay-opacity":"","overlay-gradient":""},"tablet":{"background-color":"","background-image":"","background-repeat":"repeat","background-position":"center center","background-size":"auto","background-attachment":"scroll","background-type":"","background-media":"","overlay-type":"","overlay-color":"","overlay-opacity":"","overlay-gradient":""},"mobile":{"background-color":"","background-image":"","background-repeat":"repeat","background-position":"center center","background-size":"auto","background-attachment":"scroll","background-type":"","background-media":"","overlay-type":"","overlay-color":"","overlay-opacity":"","overlay-gradient":""}},"ast-content-background-meta":{"desktop":{"background-color":"var(--ast-global-color-5)","background-image":"","background-repeat":"repeat","background-position":"center center","background-size":"auto","background-attachment":"scroll","background-type":"","background-media":"","overlay-type":"","overlay-color":"","overlay-opacity":"","overlay-gradient":""},"tablet":{"background-color":"var(--ast-global-color-5)","background-image":"","background-repeat":"repeat","background-position":"center center","background-size":"auto","background-attachment":"scroll","background-type":"","background-media":"","overlay-type":"","overlay-color":"","overlay-opacity":"","overlay-gradient":""},"mobile":{"background-color":"var(--ast-global-color-5)","background-image":"","background-repeat":"repeat","background-position":"center center","background-size":"auto","background-attachment":"scroll","background-type":"","background-media":"","overlay-type":"","overlay-color":"","overlay-opacity":"","overlay-gradient":""}}},"product_brand":[],"product_cat":[864,836,844,880,843,890,47,879,821,845],"product_tag":[157,137,109,77],"class_list":{"0":"post-8906","1":"product","2":"type-product","3":"status-publish","4":"has-post-thumbnail","6":"product_cat-anna-parfenovich","7":"product_cat-biblijne","8":"product_cat-metody-aktywizujace","9":"product_cat-metody-aktywizujace-nagrania-szkolen","10":"product_cat-metody-polisensoryczne","11":"product_cat-muzyczne-nagrania-szkolen","12":"product_cat-nagrania-szkolen","13":"product_cat-nowe-technologie","14":"product_cat-sp-1-3","15":"product_cat-tik","16":"product_tag-a-parfenovich","17":"product_tag-a-zielinska","18":"product_tag-metody-aktywizujace","19":"product_tag-tik","20":"desktop-align-center","21":"tablet-align-left","22":"mobile-align-left","24":"first","25":"instock","26":"downloadable","27":"virtual","28":"purchasable","29":"product-type-simple"},"yoast_head":"<!-- This site is optimized with the Yoast SEO plugin v27.3 - https:\/\/yoast.com\/product\/yoast-seo-wordpress\/ -->\n<title>POMYS\u0141OWA KATECHEZA | nagranie szkolenia dla katechet\u00f3w + materia\u0142y | 88 minut - pomoce katechetyczne | szkolenia dla katechet&oacute;w | STUDNIA KATECHETY<\/title>\n<meta name=\"description\" content=\"pomoce katechetyczne | szkolenia dla katechet&oacute;w | STUDNIA KATECHETY\" \/>\n<meta name=\"robots\" content=\"index, follow, max-snippet:-1, max-image-preview:large, max-video-preview:-1\" \/>\n<link rel=\"canonical\" href=\"https:\/\/studniakatechety.pl\/sklep\/produkt\/szkolenie-dla-katechetow-pomyslowa-katecheza-n\/\" \/>\n<meta property=\"og:locale\" content=\"pl_PL\" \/>\n<meta property=\"og:type\" content=\"article\" \/>\n<meta property=\"og:title\" content=\"POMYS\u0141OWA KATECHEZA | nagranie szkolenia dla katechet\u00f3w + materia\u0142y | 88 minut - pomoce katechetyczne | szkolenia dla katechet&oacute;w | STUDNIA KATECHETY\" \/>\n<meta property=\"og:description\" content=\"pomoce katechetyczne | szkolenia dla katechet&oacute;w | STUDNIA KATECHETY\" \/>\n<meta property=\"og:url\" content=\"https:\/\/studniakatechety.pl\/sklep\/produkt\/szkolenie-dla-katechetow-pomyslowa-katecheza-n\/\" \/>\n<meta property=\"og:site_name\" content=\"pomoce katechetyczne | szkolenia dla katechet&oacute;w | STUDNIA KATECHETY\" \/>\n<meta property=\"article:publisher\" content=\"https:\/\/www.facebook.com\/studniakatechety\/\" \/>\n<meta property=\"article:modified_time\" content=\"2026-04-17T21:03:41+00:00\" \/>\n<meta property=\"og:image\" content=\"https:\/\/studniakatechety.pl\/sklep\/wp-content\/uploads\/2021\/11\/pomyslowa-katecheza-n-1.png\" \/>\n\t<meta property=\"og:image:width\" content=\"1600\" \/>\n\t<meta property=\"og:image:height\" content=\"917\" \/>\n\t<meta property=\"og:image:type\" content=\"image\/png\" \/>\n<meta name=\"twitter:card\" content=\"summary_large_image\" \/>\n<meta name=\"twitter:label1\" content=\"Szacowany czas czytania\" \/>\n\t<meta name=\"twitter:data1\" content=\"1 minuta\" \/>\n<script type=\"application\/ld+json\" class=\"yoast-schema-graph\">{\"@context\":\"https:\\\/\\\/schema.org\",\"@graph\":[{\"@type\":\"WebPage\",\"@id\":\"https:\\\/\\\/studniakatechety.pl\\\/sklep\\\/produkt\\\/szkolenie-dla-katechetow-pomyslowa-katecheza-n\\\/\",\"url\":\"https:\\\/\\\/studniakatechety.pl\\\/sklep\\\/produkt\\\/szkolenie-dla-katechetow-pomyslowa-katecheza-n\\\/\",\"name\":\"POMYS\u0141OWA KATECHEZA | nagranie szkolenia dla katechet\u00f3w + materia\u0142y | 88 minut - pomoce katechetyczne | szkolenia dla katechet&oacute;w | STUDNIA KATECHETY\",\"isPartOf\":{\"@id\":\"https:\\\/\\\/studniakatechety.pl\\\/sklep\\\/#website\"},\"primaryImageOfPage\":{\"@id\":\"https:\\\/\\\/studniakatechety.pl\\\/sklep\\\/produkt\\\/szkolenie-dla-katechetow-pomyslowa-katecheza-n\\\/#primaryimage\"},\"image\":{\"@id\":\"https:\\\/\\\/studniakatechety.pl\\\/sklep\\\/produkt\\\/szkolenie-dla-katechetow-pomyslowa-katecheza-n\\\/#primaryimage\"},\"thumbnailUrl\":\"https:\\\/\\\/studniakatechety.pl\\\/sklep\\\/wp-content\\\/uploads\\\/2021\\\/11\\\/pomyslowa-katecheza-n-1.png\",\"datePublished\":\"2021-11-06T00:02:23+00:00\",\"dateModified\":\"2026-04-17T21:03:41+00:00\",\"description\":\"pomoce katechetyczne | szkolenia dla katechet&oacute;w | STUDNIA KATECHETY\",\"breadcrumb\":{\"@id\":\"https:\\\/\\\/studniakatechety.pl\\\/sklep\\\/produkt\\\/szkolenie-dla-katechetow-pomyslowa-katecheza-n\\\/#breadcrumb\"},\"inLanguage\":\"pl-PL\",\"potentialAction\":[{\"@type\":\"ReadAction\",\"target\":[\"https:\\\/\\\/studniakatechety.pl\\\/sklep\\\/produkt\\\/szkolenie-dla-katechetow-pomyslowa-katecheza-n\\\/\"]}]},{\"@type\":\"ImageObject\",\"inLanguage\":\"pl-PL\",\"@id\":\"https:\\\/\\\/studniakatechety.pl\\\/sklep\\\/produkt\\\/szkolenie-dla-katechetow-pomyslowa-katecheza-n\\\/#primaryimage\",\"url\":\"https:\\\/\\\/studniakatechety.pl\\\/sklep\\\/wp-content\\\/uploads\\\/2021\\\/11\\\/pomyslowa-katecheza-n-1.png\",\"contentUrl\":\"https:\\\/\\\/studniakatechety.pl\\\/sklep\\\/wp-content\\\/uploads\\\/2021\\\/11\\\/pomyslowa-katecheza-n-1.png\",\"width\":1600,\"height\":917,\"caption\":\"szkolenia dla katechet\u00f3w\"},{\"@type\":\"BreadcrumbList\",\"@id\":\"https:\\\/\\\/studniakatechety.pl\\\/sklep\\\/produkt\\\/szkolenie-dla-katechetow-pomyslowa-katecheza-n\\\/#breadcrumb\",\"itemListElement\":[{\"@type\":\"ListItem\",\"position\":1,\"name\":\"Strona g\u0142\u00f3wna\",\"item\":\"https:\\\/\\\/studniakatechety.pl\\\/sklep\\\/\"},{\"@type\":\"ListItem\",\"position\":2,\"name\":\"SKLEP\",\"item\":\"https:\\\/\\\/studniakatechety.pl\\\/sklep\\\/shop\\\/\"},{\"@type\":\"ListItem\",\"position\":3,\"name\":\"POMYS\u0141OWA KATECHEZA | nagranie szkolenia dla katechet\u00f3w + materia\u0142y | 88 minut\"}]},{\"@type\":\"WebSite\",\"@id\":\"https:\\\/\\\/studniakatechety.pl\\\/sklep\\\/#website\",\"url\":\"https:\\\/\\\/studniakatechety.pl\\\/sklep\\\/\",\"name\":\"pomoce katechetyczne | szkolenia dla katechet\u00f3w | STUDNIA KATECHETY\",\"description\":\"Strona dla katechet&oacute;w\",\"publisher\":{\"@id\":\"https:\\\/\\\/studniakatechety.pl\\\/sklep\\\/#organization\"},\"potentialAction\":[{\"@type\":\"SearchAction\",\"target\":{\"@type\":\"EntryPoint\",\"urlTemplate\":\"https:\\\/\\\/studniakatechety.pl\\\/sklep\\\/?s={search_term_string}\"},\"query-input\":{\"@type\":\"PropertyValueSpecification\",\"valueRequired\":true,\"valueName\":\"search_term_string\"}}],\"inLanguage\":\"pl-PL\"},{\"@type\":\"Organization\",\"@id\":\"https:\\\/\\\/studniakatechety.pl\\\/sklep\\\/#organization\",\"name\":\"pomoce katechetyczne | szkolenia dla katechet\u00f3w | STUDNIA KATECHETY\",\"url\":\"https:\\\/\\\/studniakatechety.pl\\\/sklep\\\/\",\"logo\":{\"@type\":\"ImageObject\",\"inLanguage\":\"pl-PL\",\"@id\":\"https:\\\/\\\/studniakatechety.pl\\\/sklep\\\/#\\\/schema\\\/logo\\\/image\\\/\",\"url\":\"https:\\\/\\\/studniakatechety.pl\\\/sklep\\\/wp-content\\\/uploads\\\/2025\\\/04\\\/Studnia-Katechety.png\",\"contentUrl\":\"https:\\\/\\\/studniakatechety.pl\\\/sklep\\\/wp-content\\\/uploads\\\/2025\\\/04\\\/Studnia-Katechety.png\",\"width\":600,\"height\":600,\"caption\":\"pomoce katechetyczne | szkolenia dla katechet\u00f3w | STUDNIA KATECHETY\"},\"image\":{\"@id\":\"https:\\\/\\\/studniakatechety.pl\\\/sklep\\\/#\\\/schema\\\/logo\\\/image\\\/\"},\"sameAs\":[\"https:\\\/\\\/www.facebook.com\\\/studniakatechety\\\/\"]}]}<\/script>\n<!-- \/ Yoast SEO plugin. -->","yoast_head_json":{"title":"POMYS\u0141OWA KATECHEZA | nagranie szkolenia dla katechet\u00f3w + materia\u0142y | 88 minut - pomoce katechetyczne | szkolenia dla katechet&oacute;w | STUDNIA KATECHETY","description":"pomoce katechetyczne | szkolenia dla katechet&oacute;w | STUDNIA KATECHETY","robots":{"index":"index","follow":"follow","max-snippet":"max-snippet:-1","max-image-preview":"max-image-preview:large","max-video-preview":"max-video-preview:-1"},"canonical":"https:\/\/studniakatechety.pl\/sklep\/produkt\/szkolenie-dla-katechetow-pomyslowa-katecheza-n\/","og_locale":"pl_PL","og_type":"article","og_title":"POMYS\u0141OWA KATECHEZA | nagranie szkolenia dla katechet\u00f3w + materia\u0142y | 88 minut - pomoce katechetyczne | szkolenia dla katechet&oacute;w | STUDNIA KATECHETY","og_description":"pomoce katechetyczne | szkolenia dla katechet&oacute;w | STUDNIA KATECHETY","og_url":"https:\/\/studniakatechety.pl\/sklep\/produkt\/szkolenie-dla-katechetow-pomyslowa-katecheza-n\/","og_site_name":"pomoce katechetyczne | szkolenia dla katechet&oacute;w | STUDNIA KATECHETY","article_publisher":"https:\/\/www.facebook.com\/studniakatechety\/","article_modified_time":"2026-04-17T21:03:41+00:00","og_image":[{"width":1600,"height":917,"url":"https:\/\/studniakatechety.pl\/sklep\/wp-content\/uploads\/2021\/11\/pomyslowa-katecheza-n-1.png","type":"image\/png"}],"twitter_card":"summary_large_image","twitter_misc":{"Szacowany czas czytania":"1 minuta"},"schema":{"@context":"https:\/\/schema.org","@graph":[{"@type":"WebPage","@id":"https:\/\/studniakatechety.pl\/sklep\/produkt\/szkolenie-dla-katechetow-pomyslowa-katecheza-n\/","url":"https:\/\/studniakatechety.pl\/sklep\/produkt\/szkolenie-dla-katechetow-pomyslowa-katecheza-n\/","name":"POMYS\u0141OWA KATECHEZA | nagranie szkolenia dla katechet\u00f3w + materia\u0142y | 88 minut - pomoce katechetyczne | szkolenia dla katechet&oacute;w | STUDNIA KATECHETY","isPartOf":{"@id":"https:\/\/studniakatechety.pl\/sklep\/#website"},"primaryImageOfPage":{"@id":"https:\/\/studniakatechety.pl\/sklep\/produkt\/szkolenie-dla-katechetow-pomyslowa-katecheza-n\/#primaryimage"},"image":{"@id":"https:\/\/studniakatechety.pl\/sklep\/produkt\/szkolenie-dla-katechetow-pomyslowa-katecheza-n\/#primaryimage"},"thumbnailUrl":"https:\/\/studniakatechety.pl\/sklep\/wp-content\/uploads\/2021\/11\/pomyslowa-katecheza-n-1.png","datePublished":"2021-11-06T00:02:23+00:00","dateModified":"2026-04-17T21:03:41+00:00","description":"pomoce katechetyczne | szkolenia dla katechet&oacute;w | STUDNIA KATECHETY","breadcrumb":{"@id":"https:\/\/studniakatechety.pl\/sklep\/produkt\/szkolenie-dla-katechetow-pomyslowa-katecheza-n\/#breadcrumb"},"inLanguage":"pl-PL","potentialAction":[{"@type":"ReadAction","target":["https:\/\/studniakatechety.pl\/sklep\/produkt\/szkolenie-dla-katechetow-pomyslowa-katecheza-n\/"]}]},{"@type":"ImageObject","inLanguage":"pl-PL","@id":"https:\/\/studniakatechety.pl\/sklep\/produkt\/szkolenie-dla-katechetow-pomyslowa-katecheza-n\/#primaryimage","url":"https:\/\/studniakatechety.pl\/sklep\/wp-content\/uploads\/2021\/11\/pomyslowa-katecheza-n-1.png","contentUrl":"https:\/\/studniakatechety.pl\/sklep\/wp-content\/uploads\/2021\/11\/pomyslowa-katecheza-n-1.png","width":1600,"height":917,"caption":"szkolenia dla katechet\u00f3w"},{"@type":"BreadcrumbList","@id":"https:\/\/studniakatechety.pl\/sklep\/produkt\/szkolenie-dla-katechetow-pomyslowa-katecheza-n\/#breadcrumb","itemListElement":[{"@type":"ListItem","position":1,"name":"Strona g\u0142\u00f3wna","item":"https:\/\/studniakatechety.pl\/sklep\/"},{"@type":"ListItem","position":2,"name":"SKLEP","item":"https:\/\/studniakatechety.pl\/sklep\/shop\/"},{"@type":"ListItem","position":3,"name":"POMYS\u0141OWA KATECHEZA | nagranie szkolenia dla katechet\u00f3w + materia\u0142y | 88 minut"}]},{"@type":"WebSite","@id":"https:\/\/studniakatechety.pl\/sklep\/#website","url":"https:\/\/studniakatechety.pl\/sklep\/","name":"pomoce katechetyczne | szkolenia dla katechet\u00f3w | STUDNIA KATECHETY","description":"Strona dla katechet&oacute;w","publisher":{"@id":"https:\/\/studniakatechety.pl\/sklep\/#organization"},"potentialAction":[{"@type":"SearchAction","target":{"@type":"EntryPoint","urlTemplate":"https:\/\/studniakatechety.pl\/sklep\/?s={search_term_string}"},"query-input":{"@type":"PropertyValueSpecification","valueRequired":true,"valueName":"search_term_string"}}],"inLanguage":"pl-PL"},{"@type":"Organization","@id":"https:\/\/studniakatechety.pl\/sklep\/#organization","name":"pomoce katechetyczne | szkolenia dla katechet\u00f3w | STUDNIA KATECHETY","url":"https:\/\/studniakatechety.pl\/sklep\/","logo":{"@type":"ImageObject","inLanguage":"pl-PL","@id":"https:\/\/studniakatechety.pl\/sklep\/#\/schema\/logo\/image\/","url":"https:\/\/studniakatechety.pl\/sklep\/wp-content\/uploads\/2025\/04\/Studnia-Katechety.png","contentUrl":"https:\/\/studniakatechety.pl\/sklep\/wp-content\/uploads\/2025\/04\/Studnia-Katechety.png","width":600,"height":600,"caption":"pomoce katechetyczne | szkolenia dla katechet\u00f3w | STUDNIA KATECHETY"},"image":{"@id":"https:\/\/studniakatechety.pl\/sklep\/#\/schema\/logo\/image\/"},"sameAs":["https:\/\/www.facebook.com\/studniakatechety\/"]}]}},"_links":{"self":[{"href":"https:\/\/studniakatechety.pl\/sklep\/wp-json\/wp\/v2\/product\/8906","targetHints":{"allow":["GET"]}}],"collection":[{"href":"https:\/\/studniakatechety.pl\/sklep\/wp-json\/wp\/v2\/product"}],"about":[{"href":"https:\/\/studniakatechety.pl\/sklep\/wp-json\/wp\/v2\/types\/product"}],"replies":[{"embeddable":true,"href":"https:\/\/studniakatechety.pl\/sklep\/wp-json\/wp\/v2\/comments?post=8906"}],"version-history":[{"count":8,"href":"https:\/\/studniakatechety.pl\/sklep\/wp-json\/wp\/v2\/product\/8906\/revisions"}],"predecessor-version":[{"id":14408,"href":"https:\/\/studniakatechety.pl\/sklep\/wp-json\/wp\/v2\/product\/8906\/revisions\/14408"}],"wp:featuredmedia":[{"embeddable":true,"href":"https:\/\/studniakatechety.pl\/sklep\/wp-json\/wp\/v2\/media\/9544"}],"wp:attachment":[{"href":"https:\/\/studniakatechety.pl\/sklep\/wp-json\/wp\/v2\/media?parent=8906"}],"wp:term":[{"taxonomy":"product_brand","embeddable":true,"href":"https:\/\/studniakatechety.pl\/sklep\/wp-json\/wp\/v2\/product_brand?post=8906"},{"taxonomy":"product_cat","embeddable":true,"href":"https:\/\/studniakatechety.pl\/sklep\/wp-json\/wp\/v2\/product_cat?post=8906"},{"taxonomy":"product_tag","embeddable":true,"href":"https:\/\/studniakatechety.pl\/sklep\/wp-json\/wp\/v2\/product_tag?post=8906"}],"curies":[{"name":"wp","href":"https:\/\/api.w.org\/{rel}","templated":true}]}}