{"id":6907,"date":"2021-07-03T09:24:38","date_gmt":"2021-07-03T09:24:38","guid":{"rendered":"https:\/\/studniakatechety.pl\/sklep\/?post_type=product&#038;p=6907"},"modified":"2025-10-31T21:13:05","modified_gmt":"2025-10-31T21:13:05","slug":"pielgrzymka-n","status":"publish","type":"product","link":"https:\/\/studniakatechety.pl\/sklep\/produkt\/pielgrzymka-n\/","title":{"rendered":"WIRTUALNA PIELGRZYMKA PO ZIEMI \u015aWI\u0118TEJ [1] | nagranie szkolenia dla katechet\u00f3w + materia\u0142y | 88 minut"},"content":{"rendered":"<div class=\"\" data-block=\"true\" data-editor=\"6e6fe\" data-offset-key=\"c3lie-0-0\">\n<div class=\"_1mf _1mj\" data-offset-key=\"c3lie-0-0\"><span data-offset-key=\"c3lie-0-0\">Dzi\u0119ki technologii informatycznej przeniesiemy si\u0119 do Ziemi \u015awi\u0119tej by zobaczy\u0107 miejsca zwi\u0105zane z najwa\u017cniejszymi wydarzeniami w historii dziej\u00f3w:<\/span><\/div>\n<\/div>\n<div class=\"\" data-block=\"true\" data-editor=\"6e6fe\" data-offset-key=\"8pph6-0-0\">\n<div class=\"_1mf _1mj\" data-offset-key=\"8pph6-0-0\"><span data-offset-key=\"8pph6-0-0\">Betlejem: Bazylika Narodzenia Pa\u0144skiego<\/span><\/div>\n<\/div>\n<div class=\"\" data-block=\"true\" data-editor=\"6e6fe\" data-offset-key=\"ehcna-0-0\">\n<div class=\"_1mf _1mj\" data-offset-key=\"ehcna-0-0\"><span data-offset-key=\"ehcna-0-0\">Jerozolima: panorama, uliczki starego miasta, Gr\u00f3b Pa\u0144ski, Wzg\u00f3rze \u015awi\u0105tynne, Z\u0142ota Kopu\u0142a na Skale<\/span><\/div>\n<\/div>\n<div class=\"\" data-block=\"true\" data-editor=\"6e6fe\" data-offset-key=\"5bvls-0-0\">\n<div class=\"_1mf _1mj\" data-offset-key=\"5bvls-0-0\"><span data-offset-key=\"5bvls-0-0\">Galilea: Nazaret, Jezioro Galilejskie<\/span><\/div>\n<\/div>\n<div class=\"\" data-block=\"true\" data-editor=\"6e6fe\" data-offset-key=\"71pdp-0-0\">\n<div class=\"_1mf _1mj\" data-offset-key=\"71pdp-0-0\"><span data-offset-key=\"71pdp-0-0\">Rzeka Jordan i Morze Martwe.<\/span><\/div>\n<\/div>\n<div class=\"\" data-block=\"true\" data-editor=\"6e6fe\" data-offset-key=\"fssc9-0-0\">\n<div class=\"_1mf _1mj\" data-offset-key=\"fssc9-0-0\"><span data-offset-key=\"fssc9-0-0\">Przewodnik: Krzysztof S\u0142apczy\u0144ski, kreatywny katecheta, kt\u00f3ry studiowa\u0142 i mieszka\u0142 w Izraelu i zna Ziemi\u0119 \u015awi\u0119t\u0105 jak w\u0142asn\u0105 kiesze\u0144 \ud83d\ude09<\/span><\/div>\n<\/div>\n<div class=\"\" data-block=\"true\" data-editor=\"6e6fe\" data-offset-key=\"8hm0l-0-0\"><\/div>\n<div class=\"\" data-block=\"true\" data-editor=\"6e6fe\" data-offset-key=\"9fan0-0-0\">\n<div class=\"_1mf _1mj\" data-offset-key=\"9fan0-0-0\">Opr\u00f3cz dost\u0119pu do nagrania szkolenia plik z linkami, o kt\u00f3rych mowa w szkoleniu. Po zapoznaniu si\u0119 z tre\u015bciami mo\u017cna skontaktowa\u0107 si\u0119 ze Studni\u0105 w celu uzyskania za\u015bwiadczenia.<\/div>\n<div data-offset-key=\"9fan0-0-0\">Czas trwania: 88 minut.<\/div>\n<\/div>\n","protected":false},"excerpt":{"rendered":"<p>Dzi\u0119ki technologii informatycznej przeniesiemy si\u0119 do Ziemi \u015awi\u0119tej by zobaczy\u0107 miejsca zwi\u0105zane z najwa\u017cniejszymi wydarzeniami w historii dziej\u00f3w: Betlejem: Bazylika Narodzenia Pa\u0144skiego Jerozolima: panorama, uliczki starego miasta, Gr\u00f3b Pa\u0144ski, Wzg\u00f3rze \u015awi\u0105tynne, Z\u0142ota Kopu\u0142a na Skale Galilea: Nazaret, Jezioro Galilejskie Rzeka Jordan i Morze Martwe. Przewodnik: Krzysztof S\u0142apczy\u0144ski, kreatywny katecheta, kt\u00f3ry studiowa\u0142 i mieszka\u0142 w Izraelu [&hellip;]<\/p>\n","protected":false},"featured_media":6908,"comment_status":"open","ping_status":"closed","template":"","meta":{"site-sidebar-layout":"default","site-content-layout":"","ast-site-content-layout":"default","site-content-style":"default","site-sidebar-style":"default","ast-global-header-display":"","ast-banner-title-visibility":"","ast-main-header-display":"","ast-hfb-above-header-display":"","ast-hfb-below-header-display":"","ast-hfb-mobile-header-display":"","site-post-title":"","ast-breadcrumbs-content":"","ast-featured-img":"","footer-sml-layout":"","ast-disable-related-posts":"","theme-transparent-header-meta":"default","adv-header-id-meta":"","stick-header-meta":"","header-above-stick-meta":"","header-main-stick-meta":"","header-below-stick-meta":"","astra-migrate-meta-layouts":"set","ast-page-background-enabled":"default","ast-page-background-meta":{"desktop":{"background-color":"var(--ast-global-color-4)","background-image":"","background-repeat":"repeat","background-position":"center center","background-size":"auto","background-attachment":"scroll","background-type":"","background-media":"","overlay-type":"","overlay-color":"","overlay-opacity":"","overlay-gradient":""},"tablet":{"background-color":"","background-image":"","background-repeat":"repeat","background-position":"center center","background-size":"auto","background-attachment":"scroll","background-type":"","background-media":"","overlay-type":"","overlay-color":"","overlay-opacity":"","overlay-gradient":""},"mobile":{"background-color":"","background-image":"","background-repeat":"repeat","background-position":"center center","background-size":"auto","background-attachment":"scroll","background-type":"","background-media":"","overlay-type":"","overlay-color":"","overlay-opacity":"","overlay-gradient":""}},"ast-content-background-meta":{"desktop":{"background-color":"var(--ast-global-color-5)","background-image":"","background-repeat":"repeat","background-position":"center center","background-size":"auto","background-attachment":"scroll","background-type":"","background-media":"","overlay-type":"","overlay-color":"","overlay-opacity":"","overlay-gradient":""},"tablet":{"background-color":"var(--ast-global-color-5)","background-image":"","background-repeat":"repeat","background-position":"center center","background-size":"auto","background-attachment":"scroll","background-type":"","background-media":"","overlay-type":"","overlay-color":"","overlay-opacity":"","overlay-gradient":""},"mobile":{"background-color":"var(--ast-global-color-5)","background-image":"","background-repeat":"repeat","background-position":"center center","background-size":"auto","background-attachment":"scroll","background-type":"","background-media":"","overlay-type":"","overlay-color":"","overlay-opacity":"","overlay-gradient":""}}},"product_brand":[],"product_cat":[841,862,47,839,822,823,878,885],"product_tag":[112,74,77,75],"class_list":{"0":"post-6907","1":"product","2":"type-product","3":"status-publish","4":"has-post-thumbnail","6":"product_cat-inne-metody","7":"product_cat-krzysztof-slapczynski","8":"product_cat-nagrania-szkolen","9":"product_cat-prezentacje","10":"product_cat-sp-4-6","11":"product_cat-sp-7-8","12":"product_cat-szkola-srednia","13":"product_cat-wirtualne-pielgrzymki-nagrania-szkolen","14":"product_tag-k-slapczynski","15":"product_tag-szkolenia-dla-katechetow","16":"product_tag-tik","17":"product_tag-wirtualna-pielgrzymka","18":"desktop-align-center","19":"tablet-align-left","20":"mobile-align-left","22":"first","23":"instock","24":"downloadable","25":"virtual","26":"purchasable","27":"product-type-simple"},"yoast_head":"<!-- This site is optimized with the Yoast SEO plugin v27.3 - https:\/\/yoast.com\/product\/yoast-seo-wordpress\/ -->\n<title>WIRTUALNA PIELGRZYMKA PO ZIEMI \u015aWI\u0118TEJ [1] | nagranie szkolenia dla katechet\u00f3w + materia\u0142y | 88 minut - pomoce katechetyczne | szkolenia dla katechet&oacute;w | STUDNIA KATECHETY<\/title>\n<meta name=\"description\" content=\"pomoce katechetyczne | szkolenia dla katechet&oacute;w | STUDNIA KATECHETY\" \/>\n<meta name=\"robots\" content=\"index, follow, max-snippet:-1, max-image-preview:large, max-video-preview:-1\" \/>\n<link rel=\"canonical\" href=\"https:\/\/studniakatechety.pl\/sklep\/produkt\/pielgrzymka-n\/\" \/>\n<meta property=\"og:locale\" content=\"pl_PL\" \/>\n<meta property=\"og:type\" content=\"article\" \/>\n<meta property=\"og:title\" content=\"WIRTUALNA PIELGRZYMKA PO ZIEMI \u015aWI\u0118TEJ [1] | nagranie szkolenia dla katechet\u00f3w + materia\u0142y | 88 minut - pomoce katechetyczne | szkolenia dla katechet&oacute;w | STUDNIA KATECHETY\" \/>\n<meta property=\"og:description\" content=\"pomoce katechetyczne | szkolenia dla katechet&oacute;w | STUDNIA KATECHETY\" \/>\n<meta property=\"og:url\" content=\"https:\/\/studniakatechety.pl\/sklep\/produkt\/pielgrzymka-n\/\" \/>\n<meta property=\"og:site_name\" content=\"pomoce katechetyczne | szkolenia dla katechet&oacute;w | STUDNIA KATECHETY\" \/>\n<meta property=\"article:publisher\" content=\"https:\/\/www.facebook.com\/studniakatechety\/\" \/>\n<meta property=\"article:modified_time\" content=\"2025-10-31T21:13:05+00:00\" \/>\n<meta property=\"og:image\" content=\"https:\/\/studniakatechety.pl\/sklep\/wp-content\/uploads\/2021\/07\/wirtualna-pielgrzymka-po-ziemi-swietej-nag.png\" \/>\n\t<meta property=\"og:image:width\" content=\"1200\" \/>\n\t<meta property=\"og:image:height\" content=\"900\" \/>\n\t<meta property=\"og:image:type\" content=\"image\/png\" \/>\n<meta name=\"twitter:card\" content=\"summary_large_image\" \/>\n<meta name=\"twitter:label1\" content=\"Szacowany czas czytania\" \/>\n\t<meta name=\"twitter:data1\" content=\"1 minuta\" \/>\n<script type=\"application\/ld+json\" class=\"yoast-schema-graph\">{\"@context\":\"https:\\\/\\\/schema.org\",\"@graph\":[{\"@type\":\"WebPage\",\"@id\":\"https:\\\/\\\/studniakatechety.pl\\\/sklep\\\/produkt\\\/pielgrzymka-n\\\/\",\"url\":\"https:\\\/\\\/studniakatechety.pl\\\/sklep\\\/produkt\\\/pielgrzymka-n\\\/\",\"name\":\"WIRTUALNA PIELGRZYMKA PO ZIEMI \u015aWI\u0118TEJ [1] | nagranie szkolenia dla katechet\u00f3w + materia\u0142y | 88 minut - pomoce katechetyczne | szkolenia dla katechet&oacute;w | STUDNIA KATECHETY\",\"isPartOf\":{\"@id\":\"https:\\\/\\\/studniakatechety.pl\\\/sklep\\\/#website\"},\"primaryImageOfPage\":{\"@id\":\"https:\\\/\\\/studniakatechety.pl\\\/sklep\\\/produkt\\\/pielgrzymka-n\\\/#primaryimage\"},\"image\":{\"@id\":\"https:\\\/\\\/studniakatechety.pl\\\/sklep\\\/produkt\\\/pielgrzymka-n\\\/#primaryimage\"},\"thumbnailUrl\":\"https:\\\/\\\/studniakatechety.pl\\\/sklep\\\/wp-content\\\/uploads\\\/2021\\\/07\\\/wirtualna-pielgrzymka-po-ziemi-swietej-nag.png\",\"datePublished\":\"2021-07-03T09:24:38+00:00\",\"dateModified\":\"2025-10-31T21:13:05+00:00\",\"description\":\"pomoce katechetyczne | szkolenia dla katechet&oacute;w | STUDNIA KATECHETY\",\"breadcrumb\":{\"@id\":\"https:\\\/\\\/studniakatechety.pl\\\/sklep\\\/produkt\\\/pielgrzymka-n\\\/#breadcrumb\"},\"inLanguage\":\"pl-PL\",\"potentialAction\":[{\"@type\":\"ReadAction\",\"target\":[\"https:\\\/\\\/studniakatechety.pl\\\/sklep\\\/produkt\\\/pielgrzymka-n\\\/\"]}]},{\"@type\":\"ImageObject\",\"inLanguage\":\"pl-PL\",\"@id\":\"https:\\\/\\\/studniakatechety.pl\\\/sklep\\\/produkt\\\/pielgrzymka-n\\\/#primaryimage\",\"url\":\"https:\\\/\\\/studniakatechety.pl\\\/sklep\\\/wp-content\\\/uploads\\\/2021\\\/07\\\/wirtualna-pielgrzymka-po-ziemi-swietej-nag.png\",\"contentUrl\":\"https:\\\/\\\/studniakatechety.pl\\\/sklep\\\/wp-content\\\/uploads\\\/2021\\\/07\\\/wirtualna-pielgrzymka-po-ziemi-swietej-nag.png\",\"width\":1200,\"height\":900,\"caption\":\"szkolenie dla katechet\u00f3w - Wirtualna pielgrzymka po Ziemi \u015awi\u0119tej\"},{\"@type\":\"BreadcrumbList\",\"@id\":\"https:\\\/\\\/studniakatechety.pl\\\/sklep\\\/produkt\\\/pielgrzymka-n\\\/#breadcrumb\",\"itemListElement\":[{\"@type\":\"ListItem\",\"position\":1,\"name\":\"Strona g\u0142\u00f3wna\",\"item\":\"https:\\\/\\\/studniakatechety.pl\\\/sklep\\\/\"},{\"@type\":\"ListItem\",\"position\":2,\"name\":\"SKLEP\",\"item\":\"https:\\\/\\\/studniakatechety.pl\\\/sklep\\\/shop\\\/\"},{\"@type\":\"ListItem\",\"position\":3,\"name\":\"WIRTUALNA PIELGRZYMKA PO ZIEMI \u015aWI\u0118TEJ [1] | nagranie szkolenia dla katechet\u00f3w + materia\u0142y | 88 minut\"}]},{\"@type\":\"WebSite\",\"@id\":\"https:\\\/\\\/studniakatechety.pl\\\/sklep\\\/#website\",\"url\":\"https:\\\/\\\/studniakatechety.pl\\\/sklep\\\/\",\"name\":\"pomoce katechetyczne | szkolenia dla katechet\u00f3w | STUDNIA KATECHETY\",\"description\":\"Strona dla katechet&oacute;w\",\"publisher\":{\"@id\":\"https:\\\/\\\/studniakatechety.pl\\\/sklep\\\/#organization\"},\"potentialAction\":[{\"@type\":\"SearchAction\",\"target\":{\"@type\":\"EntryPoint\",\"urlTemplate\":\"https:\\\/\\\/studniakatechety.pl\\\/sklep\\\/?s={search_term_string}\"},\"query-input\":{\"@type\":\"PropertyValueSpecification\",\"valueRequired\":true,\"valueName\":\"search_term_string\"}}],\"inLanguage\":\"pl-PL\"},{\"@type\":\"Organization\",\"@id\":\"https:\\\/\\\/studniakatechety.pl\\\/sklep\\\/#organization\",\"name\":\"pomoce katechetyczne | szkolenia dla katechet\u00f3w | STUDNIA KATECHETY\",\"url\":\"https:\\\/\\\/studniakatechety.pl\\\/sklep\\\/\",\"logo\":{\"@type\":\"ImageObject\",\"inLanguage\":\"pl-PL\",\"@id\":\"https:\\\/\\\/studniakatechety.pl\\\/sklep\\\/#\\\/schema\\\/logo\\\/image\\\/\",\"url\":\"https:\\\/\\\/studniakatechety.pl\\\/sklep\\\/wp-content\\\/uploads\\\/2025\\\/04\\\/Studnia-Katechety.png\",\"contentUrl\":\"https:\\\/\\\/studniakatechety.pl\\\/sklep\\\/wp-content\\\/uploads\\\/2025\\\/04\\\/Studnia-Katechety.png\",\"width\":600,\"height\":600,\"caption\":\"pomoce katechetyczne | szkolenia dla katechet\u00f3w | STUDNIA KATECHETY\"},\"image\":{\"@id\":\"https:\\\/\\\/studniakatechety.pl\\\/sklep\\\/#\\\/schema\\\/logo\\\/image\\\/\"},\"sameAs\":[\"https:\\\/\\\/www.facebook.com\\\/studniakatechety\\\/\"]}]}<\/script>\n<!-- \/ Yoast SEO plugin. -->","yoast_head_json":{"title":"WIRTUALNA PIELGRZYMKA PO ZIEMI \u015aWI\u0118TEJ [1] | nagranie szkolenia dla katechet\u00f3w + materia\u0142y | 88 minut - pomoce katechetyczne | szkolenia dla katechet&oacute;w | STUDNIA KATECHETY","description":"pomoce katechetyczne | szkolenia dla katechet&oacute;w | STUDNIA KATECHETY","robots":{"index":"index","follow":"follow","max-snippet":"max-snippet:-1","max-image-preview":"max-image-preview:large","max-video-preview":"max-video-preview:-1"},"canonical":"https:\/\/studniakatechety.pl\/sklep\/produkt\/pielgrzymka-n\/","og_locale":"pl_PL","og_type":"article","og_title":"WIRTUALNA PIELGRZYMKA PO ZIEMI \u015aWI\u0118TEJ [1] | nagranie szkolenia dla katechet\u00f3w + materia\u0142y | 88 minut - pomoce katechetyczne | szkolenia dla katechet&oacute;w | STUDNIA KATECHETY","og_description":"pomoce katechetyczne | szkolenia dla katechet&oacute;w | STUDNIA KATECHETY","og_url":"https:\/\/studniakatechety.pl\/sklep\/produkt\/pielgrzymka-n\/","og_site_name":"pomoce katechetyczne | szkolenia dla katechet&oacute;w | STUDNIA KATECHETY","article_publisher":"https:\/\/www.facebook.com\/studniakatechety\/","article_modified_time":"2025-10-31T21:13:05+00:00","og_image":[{"width":1200,"height":900,"url":"https:\/\/studniakatechety.pl\/sklep\/wp-content\/uploads\/2021\/07\/wirtualna-pielgrzymka-po-ziemi-swietej-nag.png","type":"image\/png"}],"twitter_card":"summary_large_image","twitter_misc":{"Szacowany czas czytania":"1 minuta"},"schema":{"@context":"https:\/\/schema.org","@graph":[{"@type":"WebPage","@id":"https:\/\/studniakatechety.pl\/sklep\/produkt\/pielgrzymka-n\/","url":"https:\/\/studniakatechety.pl\/sklep\/produkt\/pielgrzymka-n\/","name":"WIRTUALNA PIELGRZYMKA PO ZIEMI \u015aWI\u0118TEJ [1] | nagranie szkolenia dla katechet\u00f3w + materia\u0142y | 88 minut - pomoce katechetyczne | szkolenia dla katechet&oacute;w | STUDNIA KATECHETY","isPartOf":{"@id":"https:\/\/studniakatechety.pl\/sklep\/#website"},"primaryImageOfPage":{"@id":"https:\/\/studniakatechety.pl\/sklep\/produkt\/pielgrzymka-n\/#primaryimage"},"image":{"@id":"https:\/\/studniakatechety.pl\/sklep\/produkt\/pielgrzymka-n\/#primaryimage"},"thumbnailUrl":"https:\/\/studniakatechety.pl\/sklep\/wp-content\/uploads\/2021\/07\/wirtualna-pielgrzymka-po-ziemi-swietej-nag.png","datePublished":"2021-07-03T09:24:38+00:00","dateModified":"2025-10-31T21:13:05+00:00","description":"pomoce katechetyczne | szkolenia dla katechet&oacute;w | STUDNIA KATECHETY","breadcrumb":{"@id":"https:\/\/studniakatechety.pl\/sklep\/produkt\/pielgrzymka-n\/#breadcrumb"},"inLanguage":"pl-PL","potentialAction":[{"@type":"ReadAction","target":["https:\/\/studniakatechety.pl\/sklep\/produkt\/pielgrzymka-n\/"]}]},{"@type":"ImageObject","inLanguage":"pl-PL","@id":"https:\/\/studniakatechety.pl\/sklep\/produkt\/pielgrzymka-n\/#primaryimage","url":"https:\/\/studniakatechety.pl\/sklep\/wp-content\/uploads\/2021\/07\/wirtualna-pielgrzymka-po-ziemi-swietej-nag.png","contentUrl":"https:\/\/studniakatechety.pl\/sklep\/wp-content\/uploads\/2021\/07\/wirtualna-pielgrzymka-po-ziemi-swietej-nag.png","width":1200,"height":900,"caption":"szkolenie dla katechet\u00f3w - Wirtualna pielgrzymka po Ziemi \u015awi\u0119tej"},{"@type":"BreadcrumbList","@id":"https:\/\/studniakatechety.pl\/sklep\/produkt\/pielgrzymka-n\/#breadcrumb","itemListElement":[{"@type":"ListItem","position":1,"name":"Strona g\u0142\u00f3wna","item":"https:\/\/studniakatechety.pl\/sklep\/"},{"@type":"ListItem","position":2,"name":"SKLEP","item":"https:\/\/studniakatechety.pl\/sklep\/shop\/"},{"@type":"ListItem","position":3,"name":"WIRTUALNA PIELGRZYMKA PO ZIEMI \u015aWI\u0118TEJ [1] | nagranie szkolenia dla katechet\u00f3w + materia\u0142y | 88 minut"}]},{"@type":"WebSite","@id":"https:\/\/studniakatechety.pl\/sklep\/#website","url":"https:\/\/studniakatechety.pl\/sklep\/","name":"pomoce katechetyczne | szkolenia dla katechet\u00f3w | STUDNIA KATECHETY","description":"Strona dla katechet&oacute;w","publisher":{"@id":"https:\/\/studniakatechety.pl\/sklep\/#organization"},"potentialAction":[{"@type":"SearchAction","target":{"@type":"EntryPoint","urlTemplate":"https:\/\/studniakatechety.pl\/sklep\/?s={search_term_string}"},"query-input":{"@type":"PropertyValueSpecification","valueRequired":true,"valueName":"search_term_string"}}],"inLanguage":"pl-PL"},{"@type":"Organization","@id":"https:\/\/studniakatechety.pl\/sklep\/#organization","name":"pomoce katechetyczne | szkolenia dla katechet\u00f3w | STUDNIA KATECHETY","url":"https:\/\/studniakatechety.pl\/sklep\/","logo":{"@type":"ImageObject","inLanguage":"pl-PL","@id":"https:\/\/studniakatechety.pl\/sklep\/#\/schema\/logo\/image\/","url":"https:\/\/studniakatechety.pl\/sklep\/wp-content\/uploads\/2025\/04\/Studnia-Katechety.png","contentUrl":"https:\/\/studniakatechety.pl\/sklep\/wp-content\/uploads\/2025\/04\/Studnia-Katechety.png","width":600,"height":600,"caption":"pomoce katechetyczne | szkolenia dla katechet\u00f3w | STUDNIA KATECHETY"},"image":{"@id":"https:\/\/studniakatechety.pl\/sklep\/#\/schema\/logo\/image\/"},"sameAs":["https:\/\/www.facebook.com\/studniakatechety\/"]}]}},"_links":{"self":[{"href":"https:\/\/studniakatechety.pl\/sklep\/wp-json\/wp\/v2\/product\/6907","targetHints":{"allow":["GET"]}}],"collection":[{"href":"https:\/\/studniakatechety.pl\/sklep\/wp-json\/wp\/v2\/product"}],"about":[{"href":"https:\/\/studniakatechety.pl\/sklep\/wp-json\/wp\/v2\/types\/product"}],"replies":[{"embeddable":true,"href":"https:\/\/studniakatechety.pl\/sklep\/wp-json\/wp\/v2\/comments?post=6907"}],"version-history":[{"count":8,"href":"https:\/\/studniakatechety.pl\/sklep\/wp-json\/wp\/v2\/product\/6907\/revisions"}],"predecessor-version":[{"id":11394,"href":"https:\/\/studniakatechety.pl\/sklep\/wp-json\/wp\/v2\/product\/6907\/revisions\/11394"}],"wp:featuredmedia":[{"embeddable":true,"href":"https:\/\/studniakatechety.pl\/sklep\/wp-json\/wp\/v2\/media\/6908"}],"wp:attachment":[{"href":"https:\/\/studniakatechety.pl\/sklep\/wp-json\/wp\/v2\/media?parent=6907"}],"wp:term":[{"taxonomy":"product_brand","embeddable":true,"href":"https:\/\/studniakatechety.pl\/sklep\/wp-json\/wp\/v2\/product_brand?post=6907"},{"taxonomy":"product_cat","embeddable":true,"href":"https:\/\/studniakatechety.pl\/sklep\/wp-json\/wp\/v2\/product_cat?post=6907"},{"taxonomy":"product_tag","embeddable":true,"href":"https:\/\/studniakatechety.pl\/sklep\/wp-json\/wp\/v2\/product_tag?post=6907"}],"curies":[{"name":"wp","href":"https:\/\/api.w.org\/{rel}","templated":true}]}}