{"id":6736,"date":"2021-06-12T14:07:09","date_gmt":"2021-06-12T14:07:09","guid":{"rendered":"https:\/\/studniakatechety.pl\/sklep\/?post_type=product&#038;p=6736"},"modified":"2025-10-31T21:14:16","modified_gmt":"2025-10-31T21:14:16","slug":"integracja-n","status":"publish","type":"product","link":"https:\/\/studniakatechety.pl\/sklep\/produkt\/integracja-n\/","title":{"rendered":"ZABAWY I \u0106WICZENIA INTEGRACYJNE oraz WPROWADZANIE ZASAD | nagranie szkolenia dla katechet\u00f3w + materia\u0142y | 110 minut"},"content":{"rendered":"<div data-block=\"true\" data-editor=\"c2jcl\" data-offset-key=\"ci8a7-0-0\">Nagranie szkolenia dla katechet\u00f3w.<\/div>\n<div class=\"\" style=\"text-align: left;\" data-block=\"true\" data-editor=\"c2jcl\" data-offset-key=\"ci8a7-0-0\">&#8220;Dobra atmosfera w grupie sprzyja skutecznemu nauczaniu. Dzi\u0119ki integracji, dzieci i m\u0142odzie\u017c poznaj\u0105 si\u0119 i lepiej czuj\u0105 si\u0119 w szkole. <span data-offset-key=\"quau-0-0\">Na warsztacie przedstawione zostan\u0105 konkretne przyk\u0142ady zabaw i \u0107wicze\u0144 oraz sposoby wprowadzania norm obowi\u0105zuj\u0105cych w grupie<\/span><span data-offset-key=\"do5k5-0-0\">&#8220;.<\/span><\/div>\n<div data-block=\"true\" data-editor=\"c2jcl\" data-offset-key=\"ci8a7-0-0\">Nagranie kolejnej edycji (2024) webinaru o zasadach i integracji z nawi\u0105zaniem do sytuacji pracy w grupach sk\u0142adaj\u0105cych si\u0119 z uczni\u00f3w w r\u00f3\u017cnym wieku.<\/div>\n<div class=\"\" style=\"text-align: left;\" data-block=\"true\" data-editor=\"c2jcl\" data-offset-key=\"59qoq-0-0\">\n<div data-offset-key=\"59qoq-0-0\"><\/div>\n<div class=\"_1mf _1mj\" data-offset-key=\"59qoq-0-0\"><span data-offset-key=\"59qoq-0-0\">Prowadz\u0105ca: <a href=\"https:\/\/studniakatechety.pl\/sklep\/tag-produktu\/b-pocwiardowska\/\" target=\"_blank\" rel=\"noopener\"><strong>Blanka Po\u0107wiardowska<\/strong><\/a>, specjalistka od kompetencji wychowawczych, trenerka umiej\u0119tno\u015bci interpersonalnych, pedago\u017cka, socjoterapeutka. <\/span><\/div>\n<\/div>\n<div class=\"\" style=\"text-align: left;\" data-block=\"true\" data-editor=\"c2jcl\" data-offset-key=\"barhp-0-0\">\n<div class=\"_1mf _1mj\" data-offset-key=\"barhp-0-0\">Opr\u00f3cz dost\u0119pu do nagrania kupuj\u0105cy otrzymuje prezentacj\u0119 i opisy zabaw integracyjnych.<\/div>\n<div data-offset-key=\"barhp-0-0\">Czas trwania 110 minut<\/div>\n<\/div>\n","protected":false},"excerpt":{"rendered":"<p>Nagranie szkolenia dla katechet\u00f3w. &#8220;Dobra atmosfera w grupie sprzyja skutecznemu nauczaniu. Dzi\u0119ki integracji, dzieci i m\u0142odzie\u017c poznaj\u0105 si\u0119 i lepiej czuj\u0105 si\u0119 w szkole. Na warsztacie przedstawione zostan\u0105 konkretne przyk\u0142ady zabaw i \u0107wicze\u0144 oraz sposoby wprowadzania norm obowi\u0105zuj\u0105cych w grupie&#8220;. Nagranie kolejnej edycji (2024) webinaru o zasadach i integracji z nawi\u0105zaniem do sytuacji pracy w [&hellip;]<\/p>\n","protected":false},"featured_media":36712,"comment_status":"open","ping_status":"closed","template":"","meta":{"site-sidebar-layout":"default","site-content-layout":"","ast-site-content-layout":"default","site-content-style":"default","site-sidebar-style":"default","ast-global-header-display":"","ast-banner-title-visibility":"","ast-main-header-display":"","ast-hfb-above-header-display":"","ast-hfb-below-header-display":"","ast-hfb-mobile-header-display":"","site-post-title":"","ast-breadcrumbs-content":"","ast-featured-img":"","footer-sml-layout":"","ast-disable-related-posts":"","theme-transparent-header-meta":"default","adv-header-id-meta":"","stick-header-meta":"","header-above-stick-meta":"","header-main-stick-meta":"","header-below-stick-meta":"","astra-migrate-meta-layouts":"set","ast-page-background-enabled":"default","ast-page-background-meta":{"desktop":{"background-color":"var(--ast-global-color-4)","background-image":"","background-repeat":"repeat","background-position":"center center","background-size":"auto","background-attachment":"scroll","background-type":"","background-media":"","overlay-type":"","overlay-color":"","overlay-opacity":"","overlay-gradient":""},"tablet":{"background-color":"","background-image":"","background-repeat":"repeat","background-position":"center center","background-size":"auto","background-attachment":"scroll","background-type":"","background-media":"","overlay-type":"","overlay-color":"","overlay-opacity":"","overlay-gradient":""},"mobile":{"background-color":"","background-image":"","background-repeat":"repeat","background-position":"center center","background-size":"auto","background-attachment":"scroll","background-type":"","background-media":"","overlay-type":"","overlay-color":"","overlay-opacity":"","overlay-gradient":""}},"ast-content-background-meta":{"desktop":{"background-color":"var(--ast-global-color-5)","background-image":"","background-repeat":"repeat","background-position":"center center","background-size":"auto","background-attachment":"scroll","background-type":"","background-media":"","overlay-type":"","overlay-color":"","overlay-opacity":"","overlay-gradient":""},"tablet":{"background-color":"var(--ast-global-color-5)","background-image":"","background-repeat":"repeat","background-position":"center center","background-size":"auto","background-attachment":"scroll","background-type":"","background-media":"","overlay-type":"","overlay-color":"","overlay-opacity":"","overlay-gradient":""},"mobile":{"background-color":"var(--ast-global-color-5)","background-image":"","background-repeat":"repeat","background-position":"center center","background-size":"auto","background-attachment":"scroll","background-type":"","background-media":"","overlay-type":"","overlay-color":"","overlay-opacity":"","overlay-gradient":""}}},"product_brand":[],"product_cat":[251,881,903,880,47,822,823,878,882],"product_tag":[129,142,141,109,206],"class_list":{"0":"post-6736","1":"product","2":"type-product","3":"status-publish","4":"has-post-thumbnail","6":"product_cat-blanka-pocwiardowska","7":"product_cat-dyscyplina","8":"product_cat-integracyjne","9":"product_cat-metody-aktywizujace-nagrania-szkolen","10":"product_cat-nagrania-szkolen","11":"product_cat-sp-4-6","12":"product_cat-sp-7-8","13":"product_cat-szkola-srednia","14":"product_cat-umiejetnosci-wychowawcze-nagrania-szkolen","15":"product_tag-b-pocwiardowska","16":"product_tag-dyscyplina","17":"product_tag-integracja","18":"product_tag-metody-aktywizujace","19":"product_tag-umiejetnosci-wychowawcze","20":"desktop-align-center","21":"tablet-align-left","22":"mobile-align-left","24":"first","25":"instock","26":"downloadable","27":"virtual","28":"purchasable","29":"product-type-simple"},"yoast_head":"<!-- This site is optimized with the Yoast SEO plugin v27.3 - https:\/\/yoast.com\/product\/yoast-seo-wordpress\/ -->\n<title>ZABAWY I \u0106WICZENIA INTEGRACYJNE oraz WPROWADZANIE ZASAD | nagranie szkolenia dla katechet\u00f3w + materia\u0142y | 110 minut - pomoce katechetyczne | szkolenia dla katechet&oacute;w | STUDNIA KATECHETY<\/title>\n<meta name=\"description\" content=\"pomoce katechetyczne | szkolenia dla katechet&oacute;w | STUDNIA KATECHETY\" \/>\n<meta name=\"robots\" content=\"index, follow, max-snippet:-1, max-image-preview:large, max-video-preview:-1\" \/>\n<link rel=\"canonical\" href=\"https:\/\/studniakatechety.pl\/sklep\/produkt\/integracja-n\/\" \/>\n<meta property=\"og:locale\" content=\"pl_PL\" \/>\n<meta property=\"og:type\" content=\"article\" \/>\n<meta property=\"og:title\" content=\"ZABAWY I \u0106WICZENIA INTEGRACYJNE oraz WPROWADZANIE ZASAD | nagranie szkolenia dla katechet\u00f3w + materia\u0142y | 110 minut - pomoce katechetyczne | szkolenia dla katechet&oacute;w | STUDNIA KATECHETY\" \/>\n<meta property=\"og:description\" content=\"pomoce katechetyczne | szkolenia dla katechet&oacute;w | STUDNIA KATECHETY\" \/>\n<meta property=\"og:url\" content=\"https:\/\/studniakatechety.pl\/sklep\/produkt\/integracja-n\/\" \/>\n<meta property=\"og:site_name\" content=\"pomoce katechetyczne | szkolenia dla katechet&oacute;w | STUDNIA KATECHETY\" \/>\n<meta property=\"article:publisher\" content=\"https:\/\/www.facebook.com\/studniakatechety\/\" \/>\n<meta property=\"article:modified_time\" content=\"2025-10-31T21:14:16+00:00\" \/>\n<meta property=\"og:image\" content=\"https:\/\/studniakatechety.pl\/sklep\/wp-content\/uploads\/2021\/06\/wprowadzanie-zasad-oraz-gry-i-cwiczenia-integracyjne-1-2.png\" \/>\n\t<meta property=\"og:image:width\" content=\"1200\" \/>\n\t<meta property=\"og:image:height\" content=\"900\" \/>\n\t<meta property=\"og:image:type\" content=\"image\/png\" \/>\n<meta name=\"twitter:card\" content=\"summary_large_image\" \/>\n<meta name=\"twitter:label1\" content=\"Szacowany czas czytania\" \/>\n\t<meta name=\"twitter:data1\" content=\"1 minuta\" \/>\n<script type=\"application\/ld+json\" class=\"yoast-schema-graph\">{\"@context\":\"https:\\\/\\\/schema.org\",\"@graph\":[{\"@type\":\"WebPage\",\"@id\":\"https:\\\/\\\/studniakatechety.pl\\\/sklep\\\/produkt\\\/integracja-n\\\/\",\"url\":\"https:\\\/\\\/studniakatechety.pl\\\/sklep\\\/produkt\\\/integracja-n\\\/\",\"name\":\"ZABAWY I \u0106WICZENIA INTEGRACYJNE oraz WPROWADZANIE ZASAD | nagranie szkolenia dla katechet\u00f3w + materia\u0142y | 110 minut - pomoce katechetyczne | szkolenia dla katechet&oacute;w | STUDNIA KATECHETY\",\"isPartOf\":{\"@id\":\"https:\\\/\\\/studniakatechety.pl\\\/sklep\\\/#website\"},\"primaryImageOfPage\":{\"@id\":\"https:\\\/\\\/studniakatechety.pl\\\/sklep\\\/produkt\\\/integracja-n\\\/#primaryimage\"},\"image\":{\"@id\":\"https:\\\/\\\/studniakatechety.pl\\\/sklep\\\/produkt\\\/integracja-n\\\/#primaryimage\"},\"thumbnailUrl\":\"https:\\\/\\\/studniakatechety.pl\\\/sklep\\\/wp-content\\\/uploads\\\/2021\\\/06\\\/wprowadzanie-zasad-oraz-gry-i-cwiczenia-integracyjne-1-2.png\",\"datePublished\":\"2021-06-12T14:07:09+00:00\",\"dateModified\":\"2025-10-31T21:14:16+00:00\",\"description\":\"pomoce katechetyczne | szkolenia dla katechet&oacute;w | STUDNIA KATECHETY\",\"breadcrumb\":{\"@id\":\"https:\\\/\\\/studniakatechety.pl\\\/sklep\\\/produkt\\\/integracja-n\\\/#breadcrumb\"},\"inLanguage\":\"pl-PL\",\"potentialAction\":[{\"@type\":\"ReadAction\",\"target\":[\"https:\\\/\\\/studniakatechety.pl\\\/sklep\\\/produkt\\\/integracja-n\\\/\"]}]},{\"@type\":\"ImageObject\",\"inLanguage\":\"pl-PL\",\"@id\":\"https:\\\/\\\/studniakatechety.pl\\\/sklep\\\/produkt\\\/integracja-n\\\/#primaryimage\",\"url\":\"https:\\\/\\\/studniakatechety.pl\\\/sklep\\\/wp-content\\\/uploads\\\/2021\\\/06\\\/wprowadzanie-zasad-oraz-gry-i-cwiczenia-integracyjne-1-2.png\",\"contentUrl\":\"https:\\\/\\\/studniakatechety.pl\\\/sklep\\\/wp-content\\\/uploads\\\/2021\\\/06\\\/wprowadzanie-zasad-oraz-gry-i-cwiczenia-integracyjne-1-2.png\",\"width\":1200,\"height\":900},{\"@type\":\"BreadcrumbList\",\"@id\":\"https:\\\/\\\/studniakatechety.pl\\\/sklep\\\/produkt\\\/integracja-n\\\/#breadcrumb\",\"itemListElement\":[{\"@type\":\"ListItem\",\"position\":1,\"name\":\"Strona g\u0142\u00f3wna\",\"item\":\"https:\\\/\\\/studniakatechety.pl\\\/sklep\\\/\"},{\"@type\":\"ListItem\",\"position\":2,\"name\":\"SKLEP\",\"item\":\"https:\\\/\\\/studniakatechety.pl\\\/sklep\\\/shop\\\/\"},{\"@type\":\"ListItem\",\"position\":3,\"name\":\"ZABAWY I \u0106WICZENIA INTEGRACYJNE oraz WPROWADZANIE ZASAD | nagranie szkolenia dla katechet\u00f3w + materia\u0142y | 110 minut\"}]},{\"@type\":\"WebSite\",\"@id\":\"https:\\\/\\\/studniakatechety.pl\\\/sklep\\\/#website\",\"url\":\"https:\\\/\\\/studniakatechety.pl\\\/sklep\\\/\",\"name\":\"pomoce katechetyczne | szkolenia dla katechet\u00f3w | STUDNIA KATECHETY\",\"description\":\"Strona dla katechet&oacute;w\",\"publisher\":{\"@id\":\"https:\\\/\\\/studniakatechety.pl\\\/sklep\\\/#organization\"},\"potentialAction\":[{\"@type\":\"SearchAction\",\"target\":{\"@type\":\"EntryPoint\",\"urlTemplate\":\"https:\\\/\\\/studniakatechety.pl\\\/sklep\\\/?s={search_term_string}\"},\"query-input\":{\"@type\":\"PropertyValueSpecification\",\"valueRequired\":true,\"valueName\":\"search_term_string\"}}],\"inLanguage\":\"pl-PL\"},{\"@type\":\"Organization\",\"@id\":\"https:\\\/\\\/studniakatechety.pl\\\/sklep\\\/#organization\",\"name\":\"pomoce katechetyczne | szkolenia dla katechet\u00f3w | STUDNIA KATECHETY\",\"url\":\"https:\\\/\\\/studniakatechety.pl\\\/sklep\\\/\",\"logo\":{\"@type\":\"ImageObject\",\"inLanguage\":\"pl-PL\",\"@id\":\"https:\\\/\\\/studniakatechety.pl\\\/sklep\\\/#\\\/schema\\\/logo\\\/image\\\/\",\"url\":\"https:\\\/\\\/studniakatechety.pl\\\/sklep\\\/wp-content\\\/uploads\\\/2025\\\/04\\\/Studnia-Katechety.png\",\"contentUrl\":\"https:\\\/\\\/studniakatechety.pl\\\/sklep\\\/wp-content\\\/uploads\\\/2025\\\/04\\\/Studnia-Katechety.png\",\"width\":600,\"height\":600,\"caption\":\"pomoce katechetyczne | szkolenia dla katechet\u00f3w | STUDNIA KATECHETY\"},\"image\":{\"@id\":\"https:\\\/\\\/studniakatechety.pl\\\/sklep\\\/#\\\/schema\\\/logo\\\/image\\\/\"},\"sameAs\":[\"https:\\\/\\\/www.facebook.com\\\/studniakatechety\\\/\"]}]}<\/script>\n<!-- \/ Yoast SEO plugin. -->","yoast_head_json":{"title":"ZABAWY I \u0106WICZENIA INTEGRACYJNE oraz WPROWADZANIE ZASAD | nagranie szkolenia dla katechet\u00f3w + materia\u0142y | 110 minut - pomoce katechetyczne | szkolenia dla katechet&oacute;w | STUDNIA KATECHETY","description":"pomoce katechetyczne | szkolenia dla katechet&oacute;w | STUDNIA KATECHETY","robots":{"index":"index","follow":"follow","max-snippet":"max-snippet:-1","max-image-preview":"max-image-preview:large","max-video-preview":"max-video-preview:-1"},"canonical":"https:\/\/studniakatechety.pl\/sklep\/produkt\/integracja-n\/","og_locale":"pl_PL","og_type":"article","og_title":"ZABAWY I \u0106WICZENIA INTEGRACYJNE oraz WPROWADZANIE ZASAD | nagranie szkolenia dla katechet\u00f3w + materia\u0142y | 110 minut - pomoce katechetyczne | szkolenia dla katechet&oacute;w | STUDNIA KATECHETY","og_description":"pomoce katechetyczne | szkolenia dla katechet&oacute;w | STUDNIA KATECHETY","og_url":"https:\/\/studniakatechety.pl\/sklep\/produkt\/integracja-n\/","og_site_name":"pomoce katechetyczne | szkolenia dla katechet&oacute;w | STUDNIA KATECHETY","article_publisher":"https:\/\/www.facebook.com\/studniakatechety\/","article_modified_time":"2025-10-31T21:14:16+00:00","og_image":[{"width":1200,"height":900,"url":"https:\/\/studniakatechety.pl\/sklep\/wp-content\/uploads\/2021\/06\/wprowadzanie-zasad-oraz-gry-i-cwiczenia-integracyjne-1-2.png","type":"image\/png"}],"twitter_card":"summary_large_image","twitter_misc":{"Szacowany czas czytania":"1 minuta"},"schema":{"@context":"https:\/\/schema.org","@graph":[{"@type":"WebPage","@id":"https:\/\/studniakatechety.pl\/sklep\/produkt\/integracja-n\/","url":"https:\/\/studniakatechety.pl\/sklep\/produkt\/integracja-n\/","name":"ZABAWY I \u0106WICZENIA INTEGRACYJNE oraz WPROWADZANIE ZASAD | nagranie szkolenia dla katechet\u00f3w + materia\u0142y | 110 minut - pomoce katechetyczne | szkolenia dla katechet&oacute;w | STUDNIA KATECHETY","isPartOf":{"@id":"https:\/\/studniakatechety.pl\/sklep\/#website"},"primaryImageOfPage":{"@id":"https:\/\/studniakatechety.pl\/sklep\/produkt\/integracja-n\/#primaryimage"},"image":{"@id":"https:\/\/studniakatechety.pl\/sklep\/produkt\/integracja-n\/#primaryimage"},"thumbnailUrl":"https:\/\/studniakatechety.pl\/sklep\/wp-content\/uploads\/2021\/06\/wprowadzanie-zasad-oraz-gry-i-cwiczenia-integracyjne-1-2.png","datePublished":"2021-06-12T14:07:09+00:00","dateModified":"2025-10-31T21:14:16+00:00","description":"pomoce katechetyczne | szkolenia dla katechet&oacute;w | STUDNIA KATECHETY","breadcrumb":{"@id":"https:\/\/studniakatechety.pl\/sklep\/produkt\/integracja-n\/#breadcrumb"},"inLanguage":"pl-PL","potentialAction":[{"@type":"ReadAction","target":["https:\/\/studniakatechety.pl\/sklep\/produkt\/integracja-n\/"]}]},{"@type":"ImageObject","inLanguage":"pl-PL","@id":"https:\/\/studniakatechety.pl\/sklep\/produkt\/integracja-n\/#primaryimage","url":"https:\/\/studniakatechety.pl\/sklep\/wp-content\/uploads\/2021\/06\/wprowadzanie-zasad-oraz-gry-i-cwiczenia-integracyjne-1-2.png","contentUrl":"https:\/\/studniakatechety.pl\/sklep\/wp-content\/uploads\/2021\/06\/wprowadzanie-zasad-oraz-gry-i-cwiczenia-integracyjne-1-2.png","width":1200,"height":900},{"@type":"BreadcrumbList","@id":"https:\/\/studniakatechety.pl\/sklep\/produkt\/integracja-n\/#breadcrumb","itemListElement":[{"@type":"ListItem","position":1,"name":"Strona g\u0142\u00f3wna","item":"https:\/\/studniakatechety.pl\/sklep\/"},{"@type":"ListItem","position":2,"name":"SKLEP","item":"https:\/\/studniakatechety.pl\/sklep\/shop\/"},{"@type":"ListItem","position":3,"name":"ZABAWY I \u0106WICZENIA INTEGRACYJNE oraz WPROWADZANIE ZASAD | nagranie szkolenia dla katechet\u00f3w + materia\u0142y | 110 minut"}]},{"@type":"WebSite","@id":"https:\/\/studniakatechety.pl\/sklep\/#website","url":"https:\/\/studniakatechety.pl\/sklep\/","name":"pomoce katechetyczne | szkolenia dla katechet\u00f3w | STUDNIA KATECHETY","description":"Strona dla katechet&oacute;w","publisher":{"@id":"https:\/\/studniakatechety.pl\/sklep\/#organization"},"potentialAction":[{"@type":"SearchAction","target":{"@type":"EntryPoint","urlTemplate":"https:\/\/studniakatechety.pl\/sklep\/?s={search_term_string}"},"query-input":{"@type":"PropertyValueSpecification","valueRequired":true,"valueName":"search_term_string"}}],"inLanguage":"pl-PL"},{"@type":"Organization","@id":"https:\/\/studniakatechety.pl\/sklep\/#organization","name":"pomoce katechetyczne | szkolenia dla katechet\u00f3w | STUDNIA KATECHETY","url":"https:\/\/studniakatechety.pl\/sklep\/","logo":{"@type":"ImageObject","inLanguage":"pl-PL","@id":"https:\/\/studniakatechety.pl\/sklep\/#\/schema\/logo\/image\/","url":"https:\/\/studniakatechety.pl\/sklep\/wp-content\/uploads\/2025\/04\/Studnia-Katechety.png","contentUrl":"https:\/\/studniakatechety.pl\/sklep\/wp-content\/uploads\/2025\/04\/Studnia-Katechety.png","width":600,"height":600,"caption":"pomoce katechetyczne | szkolenia dla katechet\u00f3w | STUDNIA KATECHETY"},"image":{"@id":"https:\/\/studniakatechety.pl\/sklep\/#\/schema\/logo\/image\/"},"sameAs":["https:\/\/www.facebook.com\/studniakatechety\/"]}]}},"_links":{"self":[{"href":"https:\/\/studniakatechety.pl\/sklep\/wp-json\/wp\/v2\/product\/6736","targetHints":{"allow":["GET"]}}],"collection":[{"href":"https:\/\/studniakatechety.pl\/sklep\/wp-json\/wp\/v2\/product"}],"about":[{"href":"https:\/\/studniakatechety.pl\/sklep\/wp-json\/wp\/v2\/types\/product"}],"replies":[{"embeddable":true,"href":"https:\/\/studniakatechety.pl\/sklep\/wp-json\/wp\/v2\/comments?post=6736"}],"version-history":[{"count":9,"href":"https:\/\/studniakatechety.pl\/sklep\/wp-json\/wp\/v2\/product\/6736\/revisions"}],"predecessor-version":[{"id":9592,"href":"https:\/\/studniakatechety.pl\/sklep\/wp-json\/wp\/v2\/product\/6736\/revisions\/9592"}],"wp:featuredmedia":[{"embeddable":true,"href":"https:\/\/studniakatechety.pl\/sklep\/wp-json\/wp\/v2\/media\/36712"}],"wp:attachment":[{"href":"https:\/\/studniakatechety.pl\/sklep\/wp-json\/wp\/v2\/media?parent=6736"}],"wp:term":[{"taxonomy":"product_brand","embeddable":true,"href":"https:\/\/studniakatechety.pl\/sklep\/wp-json\/wp\/v2\/product_brand?post=6736"},{"taxonomy":"product_cat","embeddable":true,"href":"https:\/\/studniakatechety.pl\/sklep\/wp-json\/wp\/v2\/product_cat?post=6736"},{"taxonomy":"product_tag","embeddable":true,"href":"https:\/\/studniakatechety.pl\/sklep\/wp-json\/wp\/v2\/product_tag?post=6736"}],"curies":[{"name":"wp","href":"https:\/\/api.w.org\/{rel}","templated":true}]}}