{"id":6600,"date":"2021-05-31T15:14:27","date_gmt":"2021-05-31T15:14:27","guid":{"rendered":"https:\/\/studniakatechety.pl\/sklep\/?post_type=product&#038;p=6600"},"modified":"2025-06-07T17:51:43","modified_gmt":"2025-06-07T17:51:43","slug":"biteable-n","status":"publish","type":"product","link":"https:\/\/studniakatechety.pl\/sklep\/produkt\/biteable-n\/","title":{"rendered":"BITEABLE NA KATECHEZIE &#8211; tworzenie filmu animowanego | nagranie szkolenia dla katechet\u00f3w | 90 minut"},"content":{"rendered":"<p>Nagranie szkolenia dla katechet\u00f3w.<\/p>\n<p>Czy BITEABLE mo\u017ce by\u0107 mi jeszcze potrzebne w tym roku? <span style=\"font-size: 20px;\">Wracamy do szk\u00f3\u0142, nadal jednak mo\u017cemy pozosta\u0107 nieco cyfrowi. A mo\u017ce do dyplomu dla uczni\u00f3w doda\u0107, kr\u00f3tki autorski film? Zaciekawi\u0107 dzieci tworz\u0105c kr\u00f3tk\u0105 animacj\u0119? Wprowadzi\u0107 do tematu lekcji \u015bmiesznym filmikiem? A mo\u017ce zada\u0107 uczniom stworzenie kr\u00f3tkiego filmu? Naucz si\u0119 korzysta\u0107 z prostego kreatora animacji wideo, z kt\u00f3rego korzysta wielu tw\u00f3rc\u00f3w prostych reklam i teledysk\u00f3w. To nie jest trudne. Wystarczy pomys\u0142 i odrobin\u0119 technologicznej odwagi. Biteable daje ogromne mo\u017cliwo\u015bci, ogranicza nas tylko nasza wyobra\u017ania. Wiele zasob\u00f3w i funkcji jest zupe\u0142nie darmowa. We\u017a udzia\u0142 w szkoleniu aby stworzy\u0107 sw\u00f3j pierwszy teledysk. Zapraszam.<\/span>\u00a0Artur Surma<\/p>\n<p>Czas trwania: 90 minut<\/p>\n","protected":false},"excerpt":{"rendered":"<p>Nagranie szkolenia dla katechet\u00f3w.<\/p>\n<p>BITEABLE NA KATECHEZIE &#8211; tworzenie filmu animowanego<\/p>\n","protected":false},"featured_media":9526,"comment_status":"open","ping_status":"closed","template":"","meta":{"site-sidebar-layout":"default","site-content-layout":"default","ast-site-content-layout":"default","site-content-style":"default","site-sidebar-style":"default","ast-global-header-display":"","ast-banner-title-visibility":"","ast-main-header-display":"","ast-hfb-above-header-display":"","ast-hfb-below-header-display":"","ast-hfb-mobile-header-display":"","site-post-title":"","ast-breadcrumbs-content":"","ast-featured-img":"","footer-sml-layout":"","ast-disable-related-posts":"","theme-transparent-header-meta":"default","adv-header-id-meta":"","stick-header-meta":"","header-above-stick-meta":"","header-main-stick-meta":"","header-below-stick-meta":"","astra-migrate-meta-layouts":"default","ast-page-background-enabled":"default","ast-page-background-meta":{"desktop":{"background-color":"var(--ast-global-color-4)","background-image":"","background-repeat":"repeat","background-position":"center center","background-size":"auto","background-attachment":"scroll","background-type":"","background-media":"","overlay-type":"","overlay-color":"","overlay-opacity":"","overlay-gradient":""},"tablet":{"background-color":"","background-image":"","background-repeat":"repeat","background-position":"center center","background-size":"auto","background-attachment":"scroll","background-type":"","background-media":"","overlay-type":"","overlay-color":"","overlay-opacity":"","overlay-gradient":""},"mobile":{"background-color":"","background-image":"","background-repeat":"repeat","background-position":"center center","background-size":"auto","background-attachment":"scroll","background-type":"","background-media":"","overlay-type":"","overlay-color":"","overlay-opacity":"","overlay-gradient":""}},"ast-content-background-meta":{"desktop":{"background-color":"var(--ast-global-color-5)","background-image":"","background-repeat":"repeat","background-position":"center center","background-size":"auto","background-attachment":"scroll","background-type":"","background-media":"","overlay-type":"","overlay-color":"","overlay-opacity":"","overlay-gradient":""},"tablet":{"background-color":"var(--ast-global-color-5)","background-image":"","background-repeat":"repeat","background-position":"center center","background-size":"auto","background-attachment":"scroll","background-type":"","background-media":"","overlay-type":"","overlay-color":"","overlay-opacity":"","overlay-gradient":""},"mobile":{"background-color":"var(--ast-global-color-5)","background-image":"","background-repeat":"repeat","background-position":"center center","background-size":"auto","background-attachment":"scroll","background-type":"","background-media":"","overlay-type":"","overlay-color":"","overlay-opacity":"","overlay-gradient":""}}},"product_brand":[],"product_cat":[47],"product_tag":[131,76,77],"class_list":{"0":"post-6600","1":"product","2":"type-product","3":"status-publish","4":"has-post-thumbnail","6":"product_cat-nagrania-szkolen","7":"product_tag-a-surma","8":"product_tag-nowe-technologie","9":"product_tag-tik","10":"desktop-align-center","11":"tablet-align-left","12":"mobile-align-left","14":"first","15":"instock","16":"downloadable","17":"virtual","18":"purchasable","19":"product-type-simple"},"yoast_head":"<!-- This site is optimized with the Yoast SEO plugin v27.3 - https:\/\/yoast.com\/product\/yoast-seo-wordpress\/ -->\n<title>BITEABLE NA KATECHEZIE - tworzenie filmu animowanego | nagranie szkolenia dla katechet\u00f3w | 90 minut - pomoce katechetyczne | szkolenia dla katechet&oacute;w | STUDNIA KATECHETY<\/title>\n<meta name=\"description\" content=\"pomoce katechetyczne | szkolenia dla katechet&oacute;w | STUDNIA KATECHETY\" \/>\n<meta name=\"robots\" content=\"index, follow, max-snippet:-1, max-image-preview:large, max-video-preview:-1\" \/>\n<link rel=\"canonical\" href=\"https:\/\/studniakatechety.pl\/sklep\/produkt\/biteable-n\/\" \/>\n<meta property=\"og:locale\" content=\"pl_PL\" \/>\n<meta property=\"og:type\" content=\"article\" \/>\n<meta property=\"og:title\" content=\"BITEABLE NA KATECHEZIE - tworzenie filmu animowanego | nagranie szkolenia dla katechet\u00f3w | 90 minut - pomoce katechetyczne | szkolenia dla katechet&oacute;w | STUDNIA KATECHETY\" \/>\n<meta property=\"og:description\" content=\"pomoce katechetyczne | szkolenia dla katechet&oacute;w | STUDNIA KATECHETY\" \/>\n<meta property=\"og:url\" content=\"https:\/\/studniakatechety.pl\/sklep\/produkt\/biteable-n\/\" \/>\n<meta property=\"og:site_name\" content=\"pomoce katechetyczne | szkolenia dla katechet&oacute;w | STUDNIA KATECHETY\" \/>\n<meta property=\"article:publisher\" content=\"https:\/\/www.facebook.com\/studniakatechety\/\" \/>\n<meta property=\"article:modified_time\" content=\"2025-06-07T17:51:43+00:00\" \/>\n<meta property=\"og:image\" content=\"https:\/\/studniakatechety.pl\/sklep\/wp-content\/uploads\/2021\/05\/biteable-nn-1.png\" \/>\n\t<meta property=\"og:image:width\" content=\"1616\" \/>\n\t<meta property=\"og:image:height\" content=\"906\" \/>\n\t<meta property=\"og:image:type\" content=\"image\/png\" \/>\n<meta name=\"twitter:card\" content=\"summary_large_image\" \/>\n<meta name=\"twitter:label1\" content=\"Szacowany czas czytania\" \/>\n\t<meta name=\"twitter:data1\" content=\"1 minuta\" \/>\n<script type=\"application\/ld+json\" class=\"yoast-schema-graph\">{\"@context\":\"https:\\\/\\\/schema.org\",\"@graph\":[{\"@type\":\"WebPage\",\"@id\":\"https:\\\/\\\/studniakatechety.pl\\\/sklep\\\/produkt\\\/biteable-n\\\/\",\"url\":\"https:\\\/\\\/studniakatechety.pl\\\/sklep\\\/produkt\\\/biteable-n\\\/\",\"name\":\"BITEABLE NA KATECHEZIE - tworzenie filmu animowanego | nagranie szkolenia dla katechet\u00f3w | 90 minut - pomoce katechetyczne | szkolenia dla katechet&oacute;w | STUDNIA KATECHETY\",\"isPartOf\":{\"@id\":\"https:\\\/\\\/studniakatechety.pl\\\/sklep\\\/#website\"},\"primaryImageOfPage\":{\"@id\":\"https:\\\/\\\/studniakatechety.pl\\\/sklep\\\/produkt\\\/biteable-n\\\/#primaryimage\"},\"image\":{\"@id\":\"https:\\\/\\\/studniakatechety.pl\\\/sklep\\\/produkt\\\/biteable-n\\\/#primaryimage\"},\"thumbnailUrl\":\"https:\\\/\\\/studniakatechety.pl\\\/sklep\\\/wp-content\\\/uploads\\\/2021\\\/05\\\/biteable-nn-1.png\",\"datePublished\":\"2021-05-31T15:14:27+00:00\",\"dateModified\":\"2025-06-07T17:51:43+00:00\",\"description\":\"pomoce katechetyczne | szkolenia dla katechet&oacute;w | STUDNIA KATECHETY\",\"breadcrumb\":{\"@id\":\"https:\\\/\\\/studniakatechety.pl\\\/sklep\\\/produkt\\\/biteable-n\\\/#breadcrumb\"},\"inLanguage\":\"pl-PL\",\"potentialAction\":[{\"@type\":\"ReadAction\",\"target\":[\"https:\\\/\\\/studniakatechety.pl\\\/sklep\\\/produkt\\\/biteable-n\\\/\"]}]},{\"@type\":\"ImageObject\",\"inLanguage\":\"pl-PL\",\"@id\":\"https:\\\/\\\/studniakatechety.pl\\\/sklep\\\/produkt\\\/biteable-n\\\/#primaryimage\",\"url\":\"https:\\\/\\\/studniakatechety.pl\\\/sklep\\\/wp-content\\\/uploads\\\/2021\\\/05\\\/biteable-nn-1.png\",\"contentUrl\":\"https:\\\/\\\/studniakatechety.pl\\\/sklep\\\/wp-content\\\/uploads\\\/2021\\\/05\\\/biteable-nn-1.png\",\"width\":1616,\"height\":906,\"caption\":\"szkolenia dla katechet\u00f3w\"},{\"@type\":\"BreadcrumbList\",\"@id\":\"https:\\\/\\\/studniakatechety.pl\\\/sklep\\\/produkt\\\/biteable-n\\\/#breadcrumb\",\"itemListElement\":[{\"@type\":\"ListItem\",\"position\":1,\"name\":\"Strona g\u0142\u00f3wna\",\"item\":\"https:\\\/\\\/studniakatechety.pl\\\/sklep\\\/\"},{\"@type\":\"ListItem\",\"position\":2,\"name\":\"SKLEP\",\"item\":\"https:\\\/\\\/studniakatechety.pl\\\/sklep\\\/shop\\\/\"},{\"@type\":\"ListItem\",\"position\":3,\"name\":\"BITEABLE NA KATECHEZIE &#8211; tworzenie filmu animowanego | nagranie szkolenia dla katechet\u00f3w | 90 minut\"}]},{\"@type\":\"WebSite\",\"@id\":\"https:\\\/\\\/studniakatechety.pl\\\/sklep\\\/#website\",\"url\":\"https:\\\/\\\/studniakatechety.pl\\\/sklep\\\/\",\"name\":\"pomoce katechetyczne | szkolenia dla katechet\u00f3w | STUDNIA KATECHETY\",\"description\":\"Strona dla katechet&oacute;w\",\"publisher\":{\"@id\":\"https:\\\/\\\/studniakatechety.pl\\\/sklep\\\/#organization\"},\"potentialAction\":[{\"@type\":\"SearchAction\",\"target\":{\"@type\":\"EntryPoint\",\"urlTemplate\":\"https:\\\/\\\/studniakatechety.pl\\\/sklep\\\/?s={search_term_string}\"},\"query-input\":{\"@type\":\"PropertyValueSpecification\",\"valueRequired\":true,\"valueName\":\"search_term_string\"}}],\"inLanguage\":\"pl-PL\"},{\"@type\":\"Organization\",\"@id\":\"https:\\\/\\\/studniakatechety.pl\\\/sklep\\\/#organization\",\"name\":\"pomoce katechetyczne | szkolenia dla katechet\u00f3w | STUDNIA KATECHETY\",\"url\":\"https:\\\/\\\/studniakatechety.pl\\\/sklep\\\/\",\"logo\":{\"@type\":\"ImageObject\",\"inLanguage\":\"pl-PL\",\"@id\":\"https:\\\/\\\/studniakatechety.pl\\\/sklep\\\/#\\\/schema\\\/logo\\\/image\\\/\",\"url\":\"https:\\\/\\\/studniakatechety.pl\\\/sklep\\\/wp-content\\\/uploads\\\/2025\\\/04\\\/Studnia-Katechety.png\",\"contentUrl\":\"https:\\\/\\\/studniakatechety.pl\\\/sklep\\\/wp-content\\\/uploads\\\/2025\\\/04\\\/Studnia-Katechety.png\",\"width\":600,\"height\":600,\"caption\":\"pomoce katechetyczne | szkolenia dla katechet\u00f3w | STUDNIA KATECHETY\"},\"image\":{\"@id\":\"https:\\\/\\\/studniakatechety.pl\\\/sklep\\\/#\\\/schema\\\/logo\\\/image\\\/\"},\"sameAs\":[\"https:\\\/\\\/www.facebook.com\\\/studniakatechety\\\/\"]}]}<\/script>\n<!-- \/ Yoast SEO plugin. -->","yoast_head_json":{"title":"BITEABLE NA KATECHEZIE - tworzenie filmu animowanego | nagranie szkolenia dla katechet\u00f3w | 90 minut - pomoce katechetyczne | szkolenia dla katechet&oacute;w | STUDNIA KATECHETY","description":"pomoce katechetyczne | szkolenia dla katechet&oacute;w | STUDNIA KATECHETY","robots":{"index":"index","follow":"follow","max-snippet":"max-snippet:-1","max-image-preview":"max-image-preview:large","max-video-preview":"max-video-preview:-1"},"canonical":"https:\/\/studniakatechety.pl\/sklep\/produkt\/biteable-n\/","og_locale":"pl_PL","og_type":"article","og_title":"BITEABLE NA KATECHEZIE - tworzenie filmu animowanego | nagranie szkolenia dla katechet\u00f3w | 90 minut - pomoce katechetyczne | szkolenia dla katechet&oacute;w | STUDNIA KATECHETY","og_description":"pomoce katechetyczne | szkolenia dla katechet&oacute;w | STUDNIA KATECHETY","og_url":"https:\/\/studniakatechety.pl\/sklep\/produkt\/biteable-n\/","og_site_name":"pomoce katechetyczne | szkolenia dla katechet&oacute;w | STUDNIA KATECHETY","article_publisher":"https:\/\/www.facebook.com\/studniakatechety\/","article_modified_time":"2025-06-07T17:51:43+00:00","og_image":[{"width":1616,"height":906,"url":"https:\/\/studniakatechety.pl\/sklep\/wp-content\/uploads\/2021\/05\/biteable-nn-1.png","type":"image\/png"}],"twitter_card":"summary_large_image","twitter_misc":{"Szacowany czas czytania":"1 minuta"},"schema":{"@context":"https:\/\/schema.org","@graph":[{"@type":"WebPage","@id":"https:\/\/studniakatechety.pl\/sklep\/produkt\/biteable-n\/","url":"https:\/\/studniakatechety.pl\/sklep\/produkt\/biteable-n\/","name":"BITEABLE NA KATECHEZIE - tworzenie filmu animowanego | nagranie szkolenia dla katechet\u00f3w | 90 minut - pomoce katechetyczne | szkolenia dla katechet&oacute;w | STUDNIA KATECHETY","isPartOf":{"@id":"https:\/\/studniakatechety.pl\/sklep\/#website"},"primaryImageOfPage":{"@id":"https:\/\/studniakatechety.pl\/sklep\/produkt\/biteable-n\/#primaryimage"},"image":{"@id":"https:\/\/studniakatechety.pl\/sklep\/produkt\/biteable-n\/#primaryimage"},"thumbnailUrl":"https:\/\/studniakatechety.pl\/sklep\/wp-content\/uploads\/2021\/05\/biteable-nn-1.png","datePublished":"2021-05-31T15:14:27+00:00","dateModified":"2025-06-07T17:51:43+00:00","description":"pomoce katechetyczne | szkolenia dla katechet&oacute;w | STUDNIA KATECHETY","breadcrumb":{"@id":"https:\/\/studniakatechety.pl\/sklep\/produkt\/biteable-n\/#breadcrumb"},"inLanguage":"pl-PL","potentialAction":[{"@type":"ReadAction","target":["https:\/\/studniakatechety.pl\/sklep\/produkt\/biteable-n\/"]}]},{"@type":"ImageObject","inLanguage":"pl-PL","@id":"https:\/\/studniakatechety.pl\/sklep\/produkt\/biteable-n\/#primaryimage","url":"https:\/\/studniakatechety.pl\/sklep\/wp-content\/uploads\/2021\/05\/biteable-nn-1.png","contentUrl":"https:\/\/studniakatechety.pl\/sklep\/wp-content\/uploads\/2021\/05\/biteable-nn-1.png","width":1616,"height":906,"caption":"szkolenia dla katechet\u00f3w"},{"@type":"BreadcrumbList","@id":"https:\/\/studniakatechety.pl\/sklep\/produkt\/biteable-n\/#breadcrumb","itemListElement":[{"@type":"ListItem","position":1,"name":"Strona g\u0142\u00f3wna","item":"https:\/\/studniakatechety.pl\/sklep\/"},{"@type":"ListItem","position":2,"name":"SKLEP","item":"https:\/\/studniakatechety.pl\/sklep\/shop\/"},{"@type":"ListItem","position":3,"name":"BITEABLE NA KATECHEZIE &#8211; tworzenie filmu animowanego | nagranie szkolenia dla katechet\u00f3w | 90 minut"}]},{"@type":"WebSite","@id":"https:\/\/studniakatechety.pl\/sklep\/#website","url":"https:\/\/studniakatechety.pl\/sklep\/","name":"pomoce katechetyczne | szkolenia dla katechet\u00f3w | STUDNIA KATECHETY","description":"Strona dla katechet&oacute;w","publisher":{"@id":"https:\/\/studniakatechety.pl\/sklep\/#organization"},"potentialAction":[{"@type":"SearchAction","target":{"@type":"EntryPoint","urlTemplate":"https:\/\/studniakatechety.pl\/sklep\/?s={search_term_string}"},"query-input":{"@type":"PropertyValueSpecification","valueRequired":true,"valueName":"search_term_string"}}],"inLanguage":"pl-PL"},{"@type":"Organization","@id":"https:\/\/studniakatechety.pl\/sklep\/#organization","name":"pomoce katechetyczne | szkolenia dla katechet\u00f3w | STUDNIA KATECHETY","url":"https:\/\/studniakatechety.pl\/sklep\/","logo":{"@type":"ImageObject","inLanguage":"pl-PL","@id":"https:\/\/studniakatechety.pl\/sklep\/#\/schema\/logo\/image\/","url":"https:\/\/studniakatechety.pl\/sklep\/wp-content\/uploads\/2025\/04\/Studnia-Katechety.png","contentUrl":"https:\/\/studniakatechety.pl\/sklep\/wp-content\/uploads\/2025\/04\/Studnia-Katechety.png","width":600,"height":600,"caption":"pomoce katechetyczne | szkolenia dla katechet\u00f3w | STUDNIA KATECHETY"},"image":{"@id":"https:\/\/studniakatechety.pl\/sklep\/#\/schema\/logo\/image\/"},"sameAs":["https:\/\/www.facebook.com\/studniakatechety\/"]}]}},"_links":{"self":[{"href":"https:\/\/studniakatechety.pl\/sklep\/wp-json\/wp\/v2\/product\/6600","targetHints":{"allow":["GET"]}}],"collection":[{"href":"https:\/\/studniakatechety.pl\/sklep\/wp-json\/wp\/v2\/product"}],"about":[{"href":"https:\/\/studniakatechety.pl\/sklep\/wp-json\/wp\/v2\/types\/product"}],"replies":[{"embeddable":true,"href":"https:\/\/studniakatechety.pl\/sklep\/wp-json\/wp\/v2\/comments?post=6600"}],"version-history":[{"count":5,"href":"https:\/\/studniakatechety.pl\/sklep\/wp-json\/wp\/v2\/product\/6600\/revisions"}],"predecessor-version":[{"id":9535,"href":"https:\/\/studniakatechety.pl\/sklep\/wp-json\/wp\/v2\/product\/6600\/revisions\/9535"}],"wp:featuredmedia":[{"embeddable":true,"href":"https:\/\/studniakatechety.pl\/sklep\/wp-json\/wp\/v2\/media\/9526"}],"wp:attachment":[{"href":"https:\/\/studniakatechety.pl\/sklep\/wp-json\/wp\/v2\/media?parent=6600"}],"wp:term":[{"taxonomy":"product_brand","embeddable":true,"href":"https:\/\/studniakatechety.pl\/sklep\/wp-json\/wp\/v2\/product_brand?post=6600"},{"taxonomy":"product_cat","embeddable":true,"href":"https:\/\/studniakatechety.pl\/sklep\/wp-json\/wp\/v2\/product_cat?post=6600"},{"taxonomy":"product_tag","embeddable":true,"href":"https:\/\/studniakatechety.pl\/sklep\/wp-json\/wp\/v2\/product_tag?post=6600"}],"curies":[{"name":"wp","href":"https:\/\/api.w.org\/{rel}","templated":true}]}}