{"id":5302,"date":"2021-03-01T20:31:32","date_gmt":"2021-03-01T20:31:32","guid":{"rendered":"https:\/\/studniakatechety.pl\/sklep\/?post_type=product&#038;p=5302"},"modified":"2025-06-07T17:57:14","modified_gmt":"2025-06-07T17:57:14","slug":"spe-n","status":"publish","type":"product","link":"https:\/\/studniakatechety.pl\/sklep\/produkt\/spe-n\/","title":{"rendered":"PRACA Z DZIECKIEM O SPE NA KATECHEZIE W ZWYK\u0141EJ SZKOLE | nagranie szkolenia dla katechet\u00f3w + materia\u0142y | 119 minut"},"content":{"rendered":"<div class=\"\" data-block=\"true\" data-editor=\"75a6e\" data-offset-key=\"alfp7-0-0\">\n<div data-offset-key=\"alfp7-0-0\">Nagranie szkolenia dla katechet\u00f3w.<\/div>\n<div class=\"_1mf _1mj\" data-offset-key=\"alfp7-0-0\"><span data-offset-key=\"alfp7-0-0\">Pomoc dla katechet\u00f3w, kt\u00f3rzy nie pracuj\u0105 w szko\u0142ach specjalnych, a maj\u0105 na lekcjach uczni\u00f3w ze specjalnymi potrzebami edukacyjnymi.<\/span><\/div>\n<\/div>\n<div class=\"\" data-block=\"true\" data-editor=\"75a6e\" data-offset-key=\"rlao-0-0\">\n<div class=\"_1mf _1mj\" data-offset-key=\"rlao-0-0\"><span data-offset-key=\"rlao-0-0\">Od prowadz\u0105cej:<\/span><\/div>\n<\/div>\n<div class=\"\" data-block=\"true\" data-editor=\"75a6e\" data-offset-key=\"1aq3h-0-0\">\n<div class=\"_1mf _1mj\" data-offset-key=\"1aq3h-0-0\"><span data-offset-key=\"1aq3h-0-0\">&#8220;Masz ucznia z niepe\u0142nosprawno\u015bci\u0105? Zastanawiasz si\u0119 jak jest r\u00f3\u017cnica pomi\u0119dzy Zespo\u0142em Aspergera a Autyzmem? Wiesz, \u017ce do klasy przyjdzie dziecko z Zespo\u0142em Dawna, ale nie wiesz z czym to si\u0119 wi\u0105\u017ce? Potrzebujesz napisa\u0107 dostosowanie do nauczania i nie wiesz jak za to si\u0119 zabra\u0107? Zapraszam na szkolenie. <\/span><\/div>\n<\/div>\n<div class=\"\" data-block=\"true\" data-editor=\"75a6e\" data-offset-key=\"4kfjq-0-0\">\n<div class=\"_1mf _1mj\" data-offset-key=\"4kfjq-0-0\"><span data-offset-key=\"4kfjq-0-0\">Podczas spotkania dowiesz si\u0119 o:<\/span><\/div>\n<\/div>\n<div class=\"\" data-block=\"true\" data-editor=\"75a6e\" data-offset-key=\"fvasj-0-0\">\n<div class=\"_1mf _1mj\" data-offset-key=\"fvasj-0-0\"><span data-offset-key=\"fvasj-0-0\">? najcz\u0119stszych zaburzeniach, <\/span><\/div>\n<\/div>\n<div class=\"\" data-block=\"true\" data-editor=\"75a6e\" data-offset-key=\"6jceo-0-0\">\n<div class=\"_1mf _1mj\" data-offset-key=\"6jceo-0-0\"><span data-offset-key=\"6jceo-0-0\">? alternatywnych \u015brodkach komunikacji, <\/span><\/div>\n<\/div>\n<div class=\"\" data-block=\"true\" data-editor=\"75a6e\" data-offset-key=\"69e5o-0-0\">\n<div class=\"_1mf _1mj\" data-offset-key=\"69e5o-0-0\"><span data-offset-key=\"69e5o-0-0\">? metodach pracy i pomocach dydaktycznych dla dzieci z niepe\u0142nosprawno\u015bci\u0105<\/span><\/div>\n<\/div>\n<div class=\"\" data-block=\"true\" data-editor=\"75a6e\" data-offset-key=\"9kqpm-0-0\">\n<div class=\"_1mf _1mj\" data-offset-key=\"9kqpm-0-0\"><span data-offset-key=\"9kqpm-0-0\">? jak radzi\u0107 sobie w sytuacjach trudnych<\/span><\/div>\n<\/div>\n<div class=\"\" data-block=\"true\" data-editor=\"75a6e\" data-offset-key=\"cle9d-0-0\">\n<div class=\"_1mf _1mj\" data-offset-key=\"cle9d-0-0\"><span data-offset-key=\"cle9d-0-0\">? jak sobie radzi\u0107 agresywnymi zachowaniami uczni\u00f3w z niepe\u0142nosprawno\u015bci\u0105&#8221;.<\/span><\/div>\n<\/div>\n<div class=\"\" data-block=\"true\" data-editor=\"75a6e\" data-offset-key=\"cqog7-0-0\">\n<div class=\"_1mf _1mj\" data-offset-key=\"cqog7-0-0\"><span data-offset-key=\"cqog7-0-0\">Prowadz\u0105ca: Anna Parfenovich (Zielinska), katechetka-oligofrenopedagog z 9-letnim sta\u017cem pracy w szkole specjalnej i 3 letnim w zwyk\u0142ej szkole. <\/span><\/div>\n<\/div>\n<div class=\"\" data-block=\"true\" data-editor=\"75a6e\" data-offset-key=\"92sjk-0-0\">\n<div class=\"_1mf _1mj\" data-offset-key=\"92sjk-0-0\"><span data-offset-key=\"92sjk-0-0\">Uko\u0144czy\u0142a studia magisterskie z oligofrenopedagogiki, w trakcie studi\u00f3w pedagogika korekcyjno-kompensacyjna. Licencjat z teologii duchowo\u015bci. Autorka wielu pomocy dydaktycznych i artyku\u0142\u00f3w dla katechet\u00f3w.<\/span><\/div>\n<\/div>\n<div class=\"\" data-block=\"true\" data-editor=\"75a6e\" data-offset-key=\"b79ds-0-0\">\n<div class=\"_1mf _1mj\" data-offset-key=\"b79ds-0-0\"><span data-offset-key=\"b79ds-0-0\">Mo\u017cliwo\u015b\u0107 uzyskania za\u015bwiadczenia.<\/span><\/div>\n<div data-offset-key=\"b79ds-0-0\">Czas trwania: 119 minut.<\/div>\n<\/div>\n","protected":false},"excerpt":{"rendered":"<div data-offset-key=\"alfp7-0-0\">Nagranie szkolenia dla katechet\u00f3w.<\/div>\n<div class=\"_1mf _1mj\" data-offset-key=\"alfp7-0-0\"><span data-offset-key=\"alfp7-0-0\">Pomoc dla katechet\u00f3w, kt\u00f3rzy nie pracuj\u0105 w szko\u0142ach specjalnych, a maj\u0105 na lekcjach uczni\u00f3w ze specjalnymi potrzebami edukacyjnymi.<\/span><\/div>\n","protected":false},"featured_media":9537,"comment_status":"open","ping_status":"closed","template":"","meta":{"site-sidebar-layout":"default","site-content-layout":"default","ast-site-content-layout":"default","site-content-style":"default","site-sidebar-style":"default","ast-global-header-display":"","ast-banner-title-visibility":"","ast-main-header-display":"","ast-hfb-above-header-display":"","ast-hfb-below-header-display":"","ast-hfb-mobile-header-display":"","site-post-title":"","ast-breadcrumbs-content":"","ast-featured-img":"","footer-sml-layout":"","ast-disable-related-posts":"","theme-transparent-header-meta":"default","adv-header-id-meta":"","stick-header-meta":"","header-above-stick-meta":"","header-main-stick-meta":"","header-below-stick-meta":"","astra-migrate-meta-layouts":"default","ast-page-background-enabled":"default","ast-page-background-meta":{"desktop":{"background-color":"var(--ast-global-color-4)","background-image":"","background-repeat":"repeat","background-position":"center center","background-size":"auto","background-attachment":"scroll","background-type":"","background-media":"","overlay-type":"","overlay-color":"","overlay-opacity":"","overlay-gradient":""},"tablet":{"background-color":"","background-image":"","background-repeat":"repeat","background-position":"center center","background-size":"auto","background-attachment":"scroll","background-type":"","background-media":"","overlay-type":"","overlay-color":"","overlay-opacity":"","overlay-gradient":""},"mobile":{"background-color":"","background-image":"","background-repeat":"repeat","background-position":"center center","background-size":"auto","background-attachment":"scroll","background-type":"","background-media":"","overlay-type":"","overlay-color":"","overlay-opacity":"","overlay-gradient":""}},"ast-content-background-meta":{"desktop":{"background-color":"var(--ast-global-color-5)","background-image":"","background-repeat":"repeat","background-position":"center center","background-size":"auto","background-attachment":"scroll","background-type":"","background-media":"","overlay-type":"","overlay-color":"","overlay-opacity":"","overlay-gradient":""},"tablet":{"background-color":"var(--ast-global-color-5)","background-image":"","background-repeat":"repeat","background-position":"center center","background-size":"auto","background-attachment":"scroll","background-type":"","background-media":"","overlay-type":"","overlay-color":"","overlay-opacity":"","overlay-gradient":""},"mobile":{"background-color":"var(--ast-global-color-5)","background-image":"","background-repeat":"repeat","background-position":"center center","background-size":"auto","background-attachment":"scroll","background-type":"","background-media":"","overlay-type":"","overlay-color":"","overlay-opacity":"","overlay-gradient":""}}},"product_brand":[],"product_cat":[47],"product_tag":[157,137,163,146],"class_list":{"0":"post-5302","1":"product","2":"type-product","3":"status-publish","4":"has-post-thumbnail","6":"product_cat-nagrania-szkolen","7":"product_tag-a-parfenovich","8":"product_tag-a-zielinska","9":"product_tag-katecheza-specjalna","10":"product_tag-specjalne-potrzeby-edukacyjne","11":"desktop-align-center","12":"tablet-align-left","13":"mobile-align-left","15":"first","16":"instock","17":"downloadable","18":"virtual","19":"purchasable","20":"product-type-simple"},"yoast_head":"<!-- This site is optimized with the Yoast SEO plugin v27.3 - https:\/\/yoast.com\/product\/yoast-seo-wordpress\/ -->\n<title>PRACA Z DZIECKIEM O SPE NA KATECHEZIE W ZWYK\u0141EJ SZKOLE | nagranie szkolenia dla katechet\u00f3w + materia\u0142y | 119 minut - pomoce katechetyczne | szkolenia dla katechet&oacute;w | STUDNIA KATECHETY<\/title>\n<meta name=\"description\" content=\"pomoce katechetyczne | szkolenia dla katechet&oacute;w | STUDNIA KATECHETY\" \/>\n<meta name=\"robots\" content=\"index, follow, max-snippet:-1, max-image-preview:large, max-video-preview:-1\" \/>\n<link rel=\"canonical\" href=\"https:\/\/studniakatechety.pl\/sklep\/produkt\/spe-n\/\" \/>\n<meta property=\"og:locale\" content=\"pl_PL\" \/>\n<meta property=\"og:type\" content=\"article\" \/>\n<meta property=\"og:title\" content=\"PRACA Z DZIECKIEM O SPE NA KATECHEZIE W ZWYK\u0141EJ SZKOLE | nagranie szkolenia dla katechet\u00f3w + materia\u0142y | 119 minut - pomoce katechetyczne | szkolenia dla katechet&oacute;w | STUDNIA KATECHETY\" \/>\n<meta property=\"og:description\" content=\"pomoce katechetyczne | szkolenia dla katechet&oacute;w | STUDNIA KATECHETY\" \/>\n<meta property=\"og:url\" content=\"https:\/\/studniakatechety.pl\/sklep\/produkt\/spe-n\/\" \/>\n<meta property=\"og:site_name\" content=\"pomoce katechetyczne | szkolenia dla katechet&oacute;w | STUDNIA KATECHETY\" \/>\n<meta property=\"article:publisher\" content=\"https:\/\/www.facebook.com\/studniakatechety\/\" \/>\n<meta property=\"article:modified_time\" content=\"2025-06-07T17:57:14+00:00\" \/>\n<meta property=\"og:image\" content=\"https:\/\/studniakatechety.pl\/sklep\/wp-content\/uploads\/2021\/03\/spe-1.jpg\" \/>\n\t<meta property=\"og:image:width\" content=\"1920\" \/>\n\t<meta property=\"og:image:height\" content=\"1280\" \/>\n\t<meta property=\"og:image:type\" content=\"image\/jpeg\" \/>\n<meta name=\"twitter:card\" content=\"summary_large_image\" \/>\n<meta name=\"twitter:label1\" content=\"Szacowany czas czytania\" \/>\n\t<meta name=\"twitter:data1\" content=\"1 minuta\" \/>\n<script type=\"application\/ld+json\" class=\"yoast-schema-graph\">{\"@context\":\"https:\\\/\\\/schema.org\",\"@graph\":[{\"@type\":\"WebPage\",\"@id\":\"https:\\\/\\\/studniakatechety.pl\\\/sklep\\\/produkt\\\/spe-n\\\/\",\"url\":\"https:\\\/\\\/studniakatechety.pl\\\/sklep\\\/produkt\\\/spe-n\\\/\",\"name\":\"PRACA Z DZIECKIEM O SPE NA KATECHEZIE W ZWYK\u0141EJ SZKOLE | nagranie szkolenia dla katechet\u00f3w + materia\u0142y | 119 minut - pomoce katechetyczne | szkolenia dla katechet&oacute;w | STUDNIA KATECHETY\",\"isPartOf\":{\"@id\":\"https:\\\/\\\/studniakatechety.pl\\\/sklep\\\/#website\"},\"primaryImageOfPage\":{\"@id\":\"https:\\\/\\\/studniakatechety.pl\\\/sklep\\\/produkt\\\/spe-n\\\/#primaryimage\"},\"image\":{\"@id\":\"https:\\\/\\\/studniakatechety.pl\\\/sklep\\\/produkt\\\/spe-n\\\/#primaryimage\"},\"thumbnailUrl\":\"https:\\\/\\\/studniakatechety.pl\\\/sklep\\\/wp-content\\\/uploads\\\/2021\\\/03\\\/spe-1.jpg\",\"datePublished\":\"2021-03-01T20:31:32+00:00\",\"dateModified\":\"2025-06-07T17:57:14+00:00\",\"description\":\"pomoce katechetyczne | szkolenia dla katechet&oacute;w | STUDNIA KATECHETY\",\"breadcrumb\":{\"@id\":\"https:\\\/\\\/studniakatechety.pl\\\/sklep\\\/produkt\\\/spe-n\\\/#breadcrumb\"},\"inLanguage\":\"pl-PL\",\"potentialAction\":[{\"@type\":\"ReadAction\",\"target\":[\"https:\\\/\\\/studniakatechety.pl\\\/sklep\\\/produkt\\\/spe-n\\\/\"]}]},{\"@type\":\"ImageObject\",\"inLanguage\":\"pl-PL\",\"@id\":\"https:\\\/\\\/studniakatechety.pl\\\/sklep\\\/produkt\\\/spe-n\\\/#primaryimage\",\"url\":\"https:\\\/\\\/studniakatechety.pl\\\/sklep\\\/wp-content\\\/uploads\\\/2021\\\/03\\\/spe-1.jpg\",\"contentUrl\":\"https:\\\/\\\/studniakatechety.pl\\\/sklep\\\/wp-content\\\/uploads\\\/2021\\\/03\\\/spe-1.jpg\",\"width\":1920,\"height\":1280,\"caption\":\"szkolenia dla katechet\u00f3w\"},{\"@type\":\"BreadcrumbList\",\"@id\":\"https:\\\/\\\/studniakatechety.pl\\\/sklep\\\/produkt\\\/spe-n\\\/#breadcrumb\",\"itemListElement\":[{\"@type\":\"ListItem\",\"position\":1,\"name\":\"Strona g\u0142\u00f3wna\",\"item\":\"https:\\\/\\\/studniakatechety.pl\\\/sklep\\\/\"},{\"@type\":\"ListItem\",\"position\":2,\"name\":\"SKLEP\",\"item\":\"https:\\\/\\\/studniakatechety.pl\\\/sklep\\\/shop\\\/\"},{\"@type\":\"ListItem\",\"position\":3,\"name\":\"PRACA Z DZIECKIEM O SPE NA KATECHEZIE W ZWYK\u0141EJ SZKOLE | nagranie szkolenia dla katechet\u00f3w + materia\u0142y | 119 minut\"}]},{\"@type\":\"WebSite\",\"@id\":\"https:\\\/\\\/studniakatechety.pl\\\/sklep\\\/#website\",\"url\":\"https:\\\/\\\/studniakatechety.pl\\\/sklep\\\/\",\"name\":\"pomoce katechetyczne | szkolenia dla katechet\u00f3w | STUDNIA KATECHETY\",\"description\":\"Strona dla katechet&oacute;w\",\"publisher\":{\"@id\":\"https:\\\/\\\/studniakatechety.pl\\\/sklep\\\/#organization\"},\"potentialAction\":[{\"@type\":\"SearchAction\",\"target\":{\"@type\":\"EntryPoint\",\"urlTemplate\":\"https:\\\/\\\/studniakatechety.pl\\\/sklep\\\/?s={search_term_string}\"},\"query-input\":{\"@type\":\"PropertyValueSpecification\",\"valueRequired\":true,\"valueName\":\"search_term_string\"}}],\"inLanguage\":\"pl-PL\"},{\"@type\":\"Organization\",\"@id\":\"https:\\\/\\\/studniakatechety.pl\\\/sklep\\\/#organization\",\"name\":\"pomoce katechetyczne | szkolenia dla katechet\u00f3w | STUDNIA KATECHETY\",\"url\":\"https:\\\/\\\/studniakatechety.pl\\\/sklep\\\/\",\"logo\":{\"@type\":\"ImageObject\",\"inLanguage\":\"pl-PL\",\"@id\":\"https:\\\/\\\/studniakatechety.pl\\\/sklep\\\/#\\\/schema\\\/logo\\\/image\\\/\",\"url\":\"https:\\\/\\\/studniakatechety.pl\\\/sklep\\\/wp-content\\\/uploads\\\/2025\\\/04\\\/Studnia-Katechety.png\",\"contentUrl\":\"https:\\\/\\\/studniakatechety.pl\\\/sklep\\\/wp-content\\\/uploads\\\/2025\\\/04\\\/Studnia-Katechety.png\",\"width\":600,\"height\":600,\"caption\":\"pomoce katechetyczne | szkolenia dla katechet\u00f3w | STUDNIA KATECHETY\"},\"image\":{\"@id\":\"https:\\\/\\\/studniakatechety.pl\\\/sklep\\\/#\\\/schema\\\/logo\\\/image\\\/\"},\"sameAs\":[\"https:\\\/\\\/www.facebook.com\\\/studniakatechety\\\/\"]}]}<\/script>\n<!-- \/ Yoast SEO plugin. -->","yoast_head_json":{"title":"PRACA Z DZIECKIEM O SPE NA KATECHEZIE W ZWYK\u0141EJ SZKOLE | nagranie szkolenia dla katechet\u00f3w + materia\u0142y | 119 minut - pomoce katechetyczne | szkolenia dla katechet&oacute;w | STUDNIA KATECHETY","description":"pomoce katechetyczne | szkolenia dla katechet&oacute;w | STUDNIA KATECHETY","robots":{"index":"index","follow":"follow","max-snippet":"max-snippet:-1","max-image-preview":"max-image-preview:large","max-video-preview":"max-video-preview:-1"},"canonical":"https:\/\/studniakatechety.pl\/sklep\/produkt\/spe-n\/","og_locale":"pl_PL","og_type":"article","og_title":"PRACA Z DZIECKIEM O SPE NA KATECHEZIE W ZWYK\u0141EJ SZKOLE | nagranie szkolenia dla katechet\u00f3w + materia\u0142y | 119 minut - pomoce katechetyczne | szkolenia dla katechet&oacute;w | STUDNIA KATECHETY","og_description":"pomoce katechetyczne | szkolenia dla katechet&oacute;w | STUDNIA KATECHETY","og_url":"https:\/\/studniakatechety.pl\/sklep\/produkt\/spe-n\/","og_site_name":"pomoce katechetyczne | szkolenia dla katechet&oacute;w | STUDNIA KATECHETY","article_publisher":"https:\/\/www.facebook.com\/studniakatechety\/","article_modified_time":"2025-06-07T17:57:14+00:00","og_image":[{"width":1920,"height":1280,"url":"https:\/\/studniakatechety.pl\/sklep\/wp-content\/uploads\/2021\/03\/spe-1.jpg","type":"image\/jpeg"}],"twitter_card":"summary_large_image","twitter_misc":{"Szacowany czas czytania":"1 minuta"},"schema":{"@context":"https:\/\/schema.org","@graph":[{"@type":"WebPage","@id":"https:\/\/studniakatechety.pl\/sklep\/produkt\/spe-n\/","url":"https:\/\/studniakatechety.pl\/sklep\/produkt\/spe-n\/","name":"PRACA Z DZIECKIEM O SPE NA KATECHEZIE W ZWYK\u0141EJ SZKOLE | nagranie szkolenia dla katechet\u00f3w + materia\u0142y | 119 minut - pomoce katechetyczne | szkolenia dla katechet&oacute;w | STUDNIA KATECHETY","isPartOf":{"@id":"https:\/\/studniakatechety.pl\/sklep\/#website"},"primaryImageOfPage":{"@id":"https:\/\/studniakatechety.pl\/sklep\/produkt\/spe-n\/#primaryimage"},"image":{"@id":"https:\/\/studniakatechety.pl\/sklep\/produkt\/spe-n\/#primaryimage"},"thumbnailUrl":"https:\/\/studniakatechety.pl\/sklep\/wp-content\/uploads\/2021\/03\/spe-1.jpg","datePublished":"2021-03-01T20:31:32+00:00","dateModified":"2025-06-07T17:57:14+00:00","description":"pomoce katechetyczne | szkolenia dla katechet&oacute;w | STUDNIA KATECHETY","breadcrumb":{"@id":"https:\/\/studniakatechety.pl\/sklep\/produkt\/spe-n\/#breadcrumb"},"inLanguage":"pl-PL","potentialAction":[{"@type":"ReadAction","target":["https:\/\/studniakatechety.pl\/sklep\/produkt\/spe-n\/"]}]},{"@type":"ImageObject","inLanguage":"pl-PL","@id":"https:\/\/studniakatechety.pl\/sklep\/produkt\/spe-n\/#primaryimage","url":"https:\/\/studniakatechety.pl\/sklep\/wp-content\/uploads\/2021\/03\/spe-1.jpg","contentUrl":"https:\/\/studniakatechety.pl\/sklep\/wp-content\/uploads\/2021\/03\/spe-1.jpg","width":1920,"height":1280,"caption":"szkolenia dla katechet\u00f3w"},{"@type":"BreadcrumbList","@id":"https:\/\/studniakatechety.pl\/sklep\/produkt\/spe-n\/#breadcrumb","itemListElement":[{"@type":"ListItem","position":1,"name":"Strona g\u0142\u00f3wna","item":"https:\/\/studniakatechety.pl\/sklep\/"},{"@type":"ListItem","position":2,"name":"SKLEP","item":"https:\/\/studniakatechety.pl\/sklep\/shop\/"},{"@type":"ListItem","position":3,"name":"PRACA Z DZIECKIEM O SPE NA KATECHEZIE W ZWYK\u0141EJ SZKOLE | nagranie szkolenia dla katechet\u00f3w + materia\u0142y | 119 minut"}]},{"@type":"WebSite","@id":"https:\/\/studniakatechety.pl\/sklep\/#website","url":"https:\/\/studniakatechety.pl\/sklep\/","name":"pomoce katechetyczne | szkolenia dla katechet\u00f3w | STUDNIA KATECHETY","description":"Strona dla katechet&oacute;w","publisher":{"@id":"https:\/\/studniakatechety.pl\/sklep\/#organization"},"potentialAction":[{"@type":"SearchAction","target":{"@type":"EntryPoint","urlTemplate":"https:\/\/studniakatechety.pl\/sklep\/?s={search_term_string}"},"query-input":{"@type":"PropertyValueSpecification","valueRequired":true,"valueName":"search_term_string"}}],"inLanguage":"pl-PL"},{"@type":"Organization","@id":"https:\/\/studniakatechety.pl\/sklep\/#organization","name":"pomoce katechetyczne | szkolenia dla katechet\u00f3w | STUDNIA KATECHETY","url":"https:\/\/studniakatechety.pl\/sklep\/","logo":{"@type":"ImageObject","inLanguage":"pl-PL","@id":"https:\/\/studniakatechety.pl\/sklep\/#\/schema\/logo\/image\/","url":"https:\/\/studniakatechety.pl\/sklep\/wp-content\/uploads\/2025\/04\/Studnia-Katechety.png","contentUrl":"https:\/\/studniakatechety.pl\/sklep\/wp-content\/uploads\/2025\/04\/Studnia-Katechety.png","width":600,"height":600,"caption":"pomoce katechetyczne | szkolenia dla katechet\u00f3w | STUDNIA KATECHETY"},"image":{"@id":"https:\/\/studniakatechety.pl\/sklep\/#\/schema\/logo\/image\/"},"sameAs":["https:\/\/www.facebook.com\/studniakatechety\/"]}]}},"_links":{"self":[{"href":"https:\/\/studniakatechety.pl\/sklep\/wp-json\/wp\/v2\/product\/5302","targetHints":{"allow":["GET"]}}],"collection":[{"href":"https:\/\/studniakatechety.pl\/sklep\/wp-json\/wp\/v2\/product"}],"about":[{"href":"https:\/\/studniakatechety.pl\/sklep\/wp-json\/wp\/v2\/types\/product"}],"replies":[{"embeddable":true,"href":"https:\/\/studniakatechety.pl\/sklep\/wp-json\/wp\/v2\/comments?post=5302"}],"version-history":[{"count":9,"href":"https:\/\/studniakatechety.pl\/sklep\/wp-json\/wp\/v2\/product\/5302\/revisions"}],"predecessor-version":[{"id":9515,"href":"https:\/\/studniakatechety.pl\/sklep\/wp-json\/wp\/v2\/product\/5302\/revisions\/9515"}],"wp:featuredmedia":[{"embeddable":true,"href":"https:\/\/studniakatechety.pl\/sklep\/wp-json\/wp\/v2\/media\/9537"}],"wp:attachment":[{"href":"https:\/\/studniakatechety.pl\/sklep\/wp-json\/wp\/v2\/media?parent=5302"}],"wp:term":[{"taxonomy":"product_brand","embeddable":true,"href":"https:\/\/studniakatechety.pl\/sklep\/wp-json\/wp\/v2\/product_brand?post=5302"},{"taxonomy":"product_cat","embeddable":true,"href":"https:\/\/studniakatechety.pl\/sklep\/wp-json\/wp\/v2\/product_cat?post=5302"},{"taxonomy":"product_tag","embeddable":true,"href":"https:\/\/studniakatechety.pl\/sklep\/wp-json\/wp\/v2\/product_tag?post=5302"}],"curies":[{"name":"wp","href":"https:\/\/api.w.org\/{rel}","templated":true}]}}