{"id":4578,"date":"2021-02-02T14:36:18","date_gmt":"2021-02-02T14:36:18","guid":{"rendered":"https:\/\/studniakatechety.pl\/sklep\/?post_type=product&#038;p=4578"},"modified":"2025-10-31T21:28:17","modified_gmt":"2025-10-31T21:28:17","slug":"warsztaty-gitarowe-n","status":"publish","type":"product","link":"https:\/\/studniakatechety.pl\/sklep\/produkt\/warsztaty-gitarowe-n\/","title":{"rendered":"WARSZTATY GITAROWE z Jakubem Tomalakiem (poziom \u015bredniozaawansowany)  | nagranie warsztatu + autorskie materia\u0142y | 127 minut"},"content":{"rendered":"<div class=\"\" data-block=\"true\" data-editor=\"5f01l\" data-offset-key=\"elshs-0-0\">\n<div class=\"_1mf _1mj\" data-offset-key=\"elshs-0-0\"><span style=\"font-size: 20px;\">Na szkoleniu:<\/span><\/div>\n<\/div>\n<div class=\"\" data-block=\"true\" data-editor=\"5f01l\" data-offset-key=\"b2i0i-0-0\">\n<div class=\"_1mf _1mj\" data-offset-key=\"b2i0i-0-0\"><span data-offset-key=\"b2i0i-0-0\">&#8211; akompaniament pie\u015bni liturgicznych<\/span><\/div>\n<\/div>\n<div class=\"\" data-block=\"true\" data-editor=\"5f01l\" data-offset-key=\"7sq82-0-0\">\n<div class=\"_1mf _1mj\" data-offset-key=\"7sq82-0-0\"><span data-offset-key=\"7sq82-0-0\">&#8211; akompaniament tzw. pie\u015bni uwielbienia: tradycyjnych piosenek oazowych, pielgrzymkowych, oraz pie\u015bni w stylu worship. <\/span><\/div>\n<\/div>\n<div class=\"\" data-block=\"true\" data-editor=\"5f01l\" data-offset-key=\"2v0tn-0-0\">\n<div class=\"_1mf _1mj\" data-offset-key=\"2v0tn-0-0\"><span data-offset-key=\"2v0tn-0-0\">&#8211; gra arpeggio i \u201ebicia\u201d gitarowe<\/span><\/div>\n<\/div>\n<div class=\"\" data-block=\"true\" data-editor=\"5f01l\" data-offset-key=\"2lnfi-0-0\">\n<div class=\"_1mf _1mj\" data-offset-key=\"2lnfi-0-0\"><span data-offset-key=\"2lnfi-0-0\">&#8211; patenty gitarowe stylu Hillsong &#8211; akordy w stroju open. <\/span><\/div>\n<\/div>\n<div class=\"\" data-block=\"true\" data-editor=\"5f01l\" data-offset-key=\"acae1-0-0\">\n<div class=\"_1mf _1mj\" data-offset-key=\"acae1-0-0\"><span data-offset-key=\"acae1-0-0\">&#8211; dobieranie akord\u00f3w<\/span><\/div>\n<\/div>\n<div class=\"\" data-block=\"true\" data-editor=\"5f01l\" data-offset-key=\"1odto-0-0\">\n<div class=\"_1mf _1mj\" data-offset-key=\"1odto-0-0\"><span data-offset-key=\"1odto-0-0\">&#8211; prawid\u0142owe notowanie akord\u00f3w &#8211; sposoby notacji. <\/span><\/div>\n<\/div>\n<div class=\"\" data-block=\"true\" data-editor=\"5f01l\" data-offset-key=\"blj74-0-0\">\n<div class=\"_1mf _1mj\" data-offset-key=\"blj74-0-0\"><span data-offset-key=\"blj74-0-0\">Od prowadz\u0105cego:<\/span><\/div>\n<\/div>\n<div class=\"\" data-block=\"true\" data-editor=\"5f01l\" data-offset-key=\"foptt-0-0\">\n<div class=\"_1mf _1mj\" data-offset-key=\"foptt-0-0\"><span data-offset-key=\"foptt-0-0\">&#8220;Nauk\u0119 gry na gitarze rozpocz\u0105\u0142em w roku 1993. Po roku gra\u0142em ju\u017c w moim pierwszym zespole. Dotkn\u0105\u0142em prawie wszystkich styl\u00f3w muzycznych od hard rock, przez bluesa, muzyk\u0119 pop po akompaniamenty liturgiczne na pie\u015bniach worship sko\u0144czywszy. Mam bardzo du\u017ce do\u015bwiadczenie studyjne i sceniczne. <\/span><\/div>\n<\/div>\n<div class=\"\" data-block=\"true\" data-editor=\"5f01l\" data-offset-key=\"r7fq-0-0\">\n<div class=\"_1mf _1mj\" data-offset-key=\"r7fq-0-0\"><span data-offset-key=\"r7fq-0-0\">Podziel\u0119 si\u0119 swoj\u0105 wiedz\u0105 z zakresu gry na gitarze akustycznej z szeroko poj\u0119tego stylu pie\u015bni religijnych. <\/span><\/div>\n<\/div>\n<div class=\"\" data-block=\"true\" data-editor=\"5f01l\" data-offset-key=\"4mphj-0-0\">\n<div class=\"_1mf _1mj\" data-offset-key=\"4mphj-0-0\"><span data-offset-key=\"4mphj-0-0\">B\u0119dziemy pracowa\u0107 na konkretnych utworach &#8211; tych mniej i bardziej znanych&#8221;. <\/span><\/div>\n<\/div>\n<div class=\"\" data-block=\"true\" data-editor=\"5f01l\" data-offset-key=\"25rdp-0-0\">\n<div class=\"_1mf _1mj\" data-offset-key=\"25rdp-0-0\"><span data-offset-key=\"25rdp-0-0\">Zaj\u0119cia nie s\u0105 skierowane dla os\u00f3b rozpoczynaj\u0105cych nauk\u0119 gry na gitarze. <\/span><\/div>\n<\/div>\n<div class=\"\" data-block=\"true\" data-editor=\"5f01l\" data-offset-key=\"572dj-0-0\">\n<div class=\"_1mf _1mj\" data-offset-key=\"572dj-0-0\"><span data-offset-key=\"572dj-0-0\">Zakupuj\u0105cy nagranie otrzyma tak\u017ce dost\u0119p do materia\u0142\u00f3w:<\/span><\/div>\n<\/div>\n<div class=\"\" data-block=\"true\" data-editor=\"5f01l\" data-offset-key=\"bqjrl-0-0\">\n<div class=\"_1mf _1mj\" data-offset-key=\"bqjrl-0-0\"><span data-offset-key=\"bqjrl-0-0\">&#8211; utwor\u00f3w w zapisie nutowym lub akordowym w formacie pdf<\/span><\/div>\n<\/div>\n<div class=\"\" data-block=\"true\" data-editor=\"5f01l\" data-offset-key=\"uf1r-0-0\">\n<div class=\"_1mf _1mj\" data-offset-key=\"uf1r-0-0\"><span data-offset-key=\"uf1r-0-0\">&#8211; pliku audio w formacie mp3 z przyk\u0142adami akompaniamentu<\/span><\/div>\n<\/div>\n<div class=\"\" data-block=\"true\" data-editor=\"5f01l\" data-offset-key=\"3anrn-0-0\">\n<div class=\"_1mf _1mj\" data-offset-key=\"3anrn-0-0\"><span data-offset-key=\"3anrn-0-0\">&#8211; tabeli akord\u00f3w w formacie pdf <\/span><\/div>\n<\/div>\n<div class=\"\" data-block=\"true\" data-editor=\"5f01l\" data-offset-key=\"dva9l-0-0\">\n<div class=\"_1mf _1mj\" data-offset-key=\"dva9l-0-0\">\n<p><span style=\"font-size: 20px;\">Prowadz\u0105cy: JAKUB TOMALAK &#8211; producent muzyczny, autor muzyki, wokalista, dyrygent, kompozytor, aran\u017cer. Lider i za\u0142o\u017cyciel zespo\u0142u ABBA PATER MUSIC prowadz\u0105cy tak\u017ce dzieci\u0119c\u0105 grup\u0119 ABBA PATER KIDS. Wsp\u00f3\u0142tw\u00f3rca projektu Bo\u017ce Granie.<\/span><\/p>\n<p>Czas trwania: 127 minut<\/p>\n<\/div>\n<\/div>\n","protected":false},"excerpt":{"rendered":"<p>Na szkoleniu: &#8211; akompaniament pie\u015bni liturgicznych &#8211; akompaniament tzw. pie\u015bni uwielbienia: tradycyjnych piosenek oazowych, pielgrzymkowych, oraz pie\u015bni w stylu worship. &#8211; gra arpeggio i \u201ebicia\u201d gitarowe &#8211; patenty gitarowe stylu Hillsong &#8211; akordy w stroju open. &#8211; dobieranie akord\u00f3w &#8211; prawid\u0142owe notowanie akord\u00f3w &#8211; sposoby notacji. Od prowadz\u0105cego: &#8220;Nauk\u0119 gry na gitarze rozpocz\u0105\u0142em w roku [&hellip;]<\/p>\n","protected":false},"featured_media":9550,"comment_status":"open","ping_status":"closed","template":"","meta":{"site-sidebar-layout":"default","site-content-layout":"default","ast-site-content-layout":"default","site-content-style":"default","site-sidebar-style":"default","ast-global-header-display":"","ast-banner-title-visibility":"","ast-main-header-display":"","ast-hfb-above-header-display":"","ast-hfb-below-header-display":"","ast-hfb-mobile-header-display":"","site-post-title":"","ast-breadcrumbs-content":"","ast-featured-img":"","footer-sml-layout":"","ast-disable-related-posts":"","theme-transparent-header-meta":"default","adv-header-id-meta":"","stick-header-meta":"","header-above-stick-meta":"","header-main-stick-meta":"","header-below-stick-meta":"","astra-migrate-meta-layouts":"set","ast-page-background-enabled":"default","ast-page-background-meta":{"desktop":{"background-color":"var(--ast-global-color-4)","background-image":"","background-repeat":"repeat","background-position":"center center","background-size":"auto","background-attachment":"scroll","background-type":"","background-media":"","overlay-type":"","overlay-color":"","overlay-opacity":"","overlay-gradient":""},"tablet":{"background-color":"","background-image":"","background-repeat":"repeat","background-position":"center center","background-size":"auto","background-attachment":"scroll","background-type":"","background-media":"","overlay-type":"","overlay-color":"","overlay-opacity":"","overlay-gradient":""},"mobile":{"background-color":"","background-image":"","background-repeat":"repeat","background-position":"center center","background-size":"auto","background-attachment":"scroll","background-type":"","background-media":"","overlay-type":"","overlay-color":"","overlay-opacity":"","overlay-gradient":""}},"ast-content-background-meta":{"desktop":{"background-color":"var(--ast-global-color-5)","background-image":"","background-repeat":"repeat","background-position":"center center","background-size":"auto","background-attachment":"scroll","background-type":"","background-media":"","overlay-type":"","overlay-color":"","overlay-opacity":"","overlay-gradient":""},"tablet":{"background-color":"var(--ast-global-color-5)","background-image":"","background-repeat":"repeat","background-position":"center center","background-size":"auto","background-attachment":"scroll","background-type":"","background-media":"","overlay-type":"","overlay-color":"","overlay-opacity":"","overlay-gradient":""},"mobile":{"background-color":"var(--ast-global-color-5)","background-image":"","background-repeat":"repeat","background-position":"center center","background-size":"auto","background-attachment":"scroll","background-type":"","background-media":"","overlay-type":"","overlay-color":"","overlay-opacity":"","overlay-gradient":""}}},"product_brand":[],"product_cat":[824,857,853,890,47,877],"product_tag":[147,148],"class_list":{"0":"post-4578","1":"product","2":"type-product","3":"status-publish","4":"has-post-thumbnail","6":"product_cat-dorosli","7":"product_cat-jakub-tomalak","8":"product_cat-muzyczne","9":"product_cat-muzyczne-nagrania-szkolen","10":"product_cat-nagrania-szkolen","11":"product_cat-nauczyciele","12":"product_tag-j-tomalak","13":"product_tag-muzyczne","14":"desktop-align-center","15":"tablet-align-left","16":"mobile-align-left","18":"first","19":"instock","20":"downloadable","21":"virtual","22":"purchasable","23":"product-type-simple"},"yoast_head":"<!-- This site is optimized with the Yoast SEO plugin v27.3 - https:\/\/yoast.com\/product\/yoast-seo-wordpress\/ -->\n<title>WARSZTATY GITAROWE z Jakubem Tomalakiem (poziom \u015bredniozaawansowany) | nagranie warsztatu + autorskie materia\u0142y | 127 minut - pomoce katechetyczne | szkolenia dla katechet&oacute;w | STUDNIA KATECHETY<\/title>\n<meta name=\"description\" content=\"pomoce katechetyczne | szkolenia dla katechet&oacute;w | STUDNIA KATECHETY\" \/>\n<meta name=\"robots\" content=\"index, follow, max-snippet:-1, max-image-preview:large, max-video-preview:-1\" \/>\n<link rel=\"canonical\" href=\"https:\/\/studniakatechety.pl\/sklep\/produkt\/warsztaty-gitarowe-n\/\" \/>\n<meta property=\"og:locale\" content=\"pl_PL\" \/>\n<meta property=\"og:type\" content=\"article\" \/>\n<meta property=\"og:title\" content=\"WARSZTATY GITAROWE z Jakubem Tomalakiem (poziom \u015bredniozaawansowany) | nagranie warsztatu + autorskie materia\u0142y | 127 minut - pomoce katechetyczne | szkolenia dla katechet&oacute;w | STUDNIA KATECHETY\" \/>\n<meta property=\"og:description\" content=\"pomoce katechetyczne | szkolenia dla katechet&oacute;w | STUDNIA KATECHETY\" \/>\n<meta property=\"og:url\" content=\"https:\/\/studniakatechety.pl\/sklep\/produkt\/warsztaty-gitarowe-n\/\" \/>\n<meta property=\"og:site_name\" content=\"pomoce katechetyczne | szkolenia dla katechet&oacute;w | STUDNIA KATECHETY\" \/>\n<meta property=\"article:publisher\" content=\"https:\/\/www.facebook.com\/studniakatechety\/\" \/>\n<meta property=\"article:modified_time\" content=\"2025-10-31T21:28:17+00:00\" \/>\n<meta property=\"og:image\" content=\"https:\/\/studniakatechety.pl\/sklep\/wp-content\/uploads\/2021\/02\/prowadzenie-scholi-444-1.png\" \/>\n\t<meta property=\"og:image:width\" content=\"1920\" \/>\n\t<meta property=\"og:image:height\" content=\"1080\" \/>\n\t<meta property=\"og:image:type\" content=\"image\/png\" \/>\n<meta name=\"twitter:card\" content=\"summary_large_image\" \/>\n<meta name=\"twitter:label1\" content=\"Szacowany czas czytania\" \/>\n\t<meta name=\"twitter:data1\" content=\"2 minuty\" \/>\n<script type=\"application\/ld+json\" class=\"yoast-schema-graph\">{\"@context\":\"https:\\\/\\\/schema.org\",\"@graph\":[{\"@type\":\"WebPage\",\"@id\":\"https:\\\/\\\/studniakatechety.pl\\\/sklep\\\/produkt\\\/warsztaty-gitarowe-n\\\/\",\"url\":\"https:\\\/\\\/studniakatechety.pl\\\/sklep\\\/produkt\\\/warsztaty-gitarowe-n\\\/\",\"name\":\"WARSZTATY GITAROWE z Jakubem Tomalakiem (poziom \u015bredniozaawansowany) | nagranie warsztatu + autorskie materia\u0142y | 127 minut - pomoce katechetyczne | szkolenia dla katechet&oacute;w | STUDNIA KATECHETY\",\"isPartOf\":{\"@id\":\"https:\\\/\\\/studniakatechety.pl\\\/sklep\\\/#website\"},\"primaryImageOfPage\":{\"@id\":\"https:\\\/\\\/studniakatechety.pl\\\/sklep\\\/produkt\\\/warsztaty-gitarowe-n\\\/#primaryimage\"},\"image\":{\"@id\":\"https:\\\/\\\/studniakatechety.pl\\\/sklep\\\/produkt\\\/warsztaty-gitarowe-n\\\/#primaryimage\"},\"thumbnailUrl\":\"https:\\\/\\\/studniakatechety.pl\\\/sklep\\\/wp-content\\\/uploads\\\/2021\\\/02\\\/prowadzenie-scholi-444-1.png\",\"datePublished\":\"2021-02-02T14:36:18+00:00\",\"dateModified\":\"2025-10-31T21:28:17+00:00\",\"description\":\"pomoce katechetyczne | szkolenia dla katechet&oacute;w | STUDNIA KATECHETY\",\"breadcrumb\":{\"@id\":\"https:\\\/\\\/studniakatechety.pl\\\/sklep\\\/produkt\\\/warsztaty-gitarowe-n\\\/#breadcrumb\"},\"inLanguage\":\"pl-PL\",\"potentialAction\":[{\"@type\":\"ReadAction\",\"target\":[\"https:\\\/\\\/studniakatechety.pl\\\/sklep\\\/produkt\\\/warsztaty-gitarowe-n\\\/\"]}]},{\"@type\":\"ImageObject\",\"inLanguage\":\"pl-PL\",\"@id\":\"https:\\\/\\\/studniakatechety.pl\\\/sklep\\\/produkt\\\/warsztaty-gitarowe-n\\\/#primaryimage\",\"url\":\"https:\\\/\\\/studniakatechety.pl\\\/sklep\\\/wp-content\\\/uploads\\\/2021\\\/02\\\/prowadzenie-scholi-444-1.png\",\"contentUrl\":\"https:\\\/\\\/studniakatechety.pl\\\/sklep\\\/wp-content\\\/uploads\\\/2021\\\/02\\\/prowadzenie-scholi-444-1.png\",\"width\":1920,\"height\":1080,\"caption\":\"szkolenia dla katechet\u00f3w\"},{\"@type\":\"BreadcrumbList\",\"@id\":\"https:\\\/\\\/studniakatechety.pl\\\/sklep\\\/produkt\\\/warsztaty-gitarowe-n\\\/#breadcrumb\",\"itemListElement\":[{\"@type\":\"ListItem\",\"position\":1,\"name\":\"Strona g\u0142\u00f3wna\",\"item\":\"https:\\\/\\\/studniakatechety.pl\\\/sklep\\\/\"},{\"@type\":\"ListItem\",\"position\":2,\"name\":\"SKLEP\",\"item\":\"https:\\\/\\\/studniakatechety.pl\\\/sklep\\\/shop\\\/\"},{\"@type\":\"ListItem\",\"position\":3,\"name\":\"WARSZTATY GITAROWE z Jakubem Tomalakiem (poziom \u015bredniozaawansowany) | nagranie warsztatu + autorskie materia\u0142y | 127 minut\"}]},{\"@type\":\"WebSite\",\"@id\":\"https:\\\/\\\/studniakatechety.pl\\\/sklep\\\/#website\",\"url\":\"https:\\\/\\\/studniakatechety.pl\\\/sklep\\\/\",\"name\":\"pomoce katechetyczne | szkolenia dla katechet\u00f3w | STUDNIA KATECHETY\",\"description\":\"Strona dla katechet&oacute;w\",\"publisher\":{\"@id\":\"https:\\\/\\\/studniakatechety.pl\\\/sklep\\\/#organization\"},\"potentialAction\":[{\"@type\":\"SearchAction\",\"target\":{\"@type\":\"EntryPoint\",\"urlTemplate\":\"https:\\\/\\\/studniakatechety.pl\\\/sklep\\\/?s={search_term_string}\"},\"query-input\":{\"@type\":\"PropertyValueSpecification\",\"valueRequired\":true,\"valueName\":\"search_term_string\"}}],\"inLanguage\":\"pl-PL\"},{\"@type\":\"Organization\",\"@id\":\"https:\\\/\\\/studniakatechety.pl\\\/sklep\\\/#organization\",\"name\":\"pomoce katechetyczne | szkolenia dla katechet\u00f3w | STUDNIA KATECHETY\",\"url\":\"https:\\\/\\\/studniakatechety.pl\\\/sklep\\\/\",\"logo\":{\"@type\":\"ImageObject\",\"inLanguage\":\"pl-PL\",\"@id\":\"https:\\\/\\\/studniakatechety.pl\\\/sklep\\\/#\\\/schema\\\/logo\\\/image\\\/\",\"url\":\"https:\\\/\\\/studniakatechety.pl\\\/sklep\\\/wp-content\\\/uploads\\\/2025\\\/04\\\/Studnia-Katechety.png\",\"contentUrl\":\"https:\\\/\\\/studniakatechety.pl\\\/sklep\\\/wp-content\\\/uploads\\\/2025\\\/04\\\/Studnia-Katechety.png\",\"width\":600,\"height\":600,\"caption\":\"pomoce katechetyczne | szkolenia dla katechet\u00f3w | STUDNIA KATECHETY\"},\"image\":{\"@id\":\"https:\\\/\\\/studniakatechety.pl\\\/sklep\\\/#\\\/schema\\\/logo\\\/image\\\/\"},\"sameAs\":[\"https:\\\/\\\/www.facebook.com\\\/studniakatechety\\\/\"]}]}<\/script>\n<!-- \/ Yoast SEO plugin. -->","yoast_head_json":{"title":"WARSZTATY GITAROWE z Jakubem Tomalakiem (poziom \u015bredniozaawansowany) | nagranie warsztatu + autorskie materia\u0142y | 127 minut - pomoce katechetyczne | szkolenia dla katechet&oacute;w | STUDNIA KATECHETY","description":"pomoce katechetyczne | szkolenia dla katechet&oacute;w | STUDNIA KATECHETY","robots":{"index":"index","follow":"follow","max-snippet":"max-snippet:-1","max-image-preview":"max-image-preview:large","max-video-preview":"max-video-preview:-1"},"canonical":"https:\/\/studniakatechety.pl\/sklep\/produkt\/warsztaty-gitarowe-n\/","og_locale":"pl_PL","og_type":"article","og_title":"WARSZTATY GITAROWE z Jakubem Tomalakiem (poziom \u015bredniozaawansowany) | nagranie warsztatu + autorskie materia\u0142y | 127 minut - pomoce katechetyczne | szkolenia dla katechet&oacute;w | STUDNIA KATECHETY","og_description":"pomoce katechetyczne | szkolenia dla katechet&oacute;w | STUDNIA KATECHETY","og_url":"https:\/\/studniakatechety.pl\/sklep\/produkt\/warsztaty-gitarowe-n\/","og_site_name":"pomoce katechetyczne | szkolenia dla katechet&oacute;w | STUDNIA KATECHETY","article_publisher":"https:\/\/www.facebook.com\/studniakatechety\/","article_modified_time":"2025-10-31T21:28:17+00:00","og_image":[{"width":1920,"height":1080,"url":"https:\/\/studniakatechety.pl\/sklep\/wp-content\/uploads\/2021\/02\/prowadzenie-scholi-444-1.png","type":"image\/png"}],"twitter_card":"summary_large_image","twitter_misc":{"Szacowany czas czytania":"2 minuty"},"schema":{"@context":"https:\/\/schema.org","@graph":[{"@type":"WebPage","@id":"https:\/\/studniakatechety.pl\/sklep\/produkt\/warsztaty-gitarowe-n\/","url":"https:\/\/studniakatechety.pl\/sklep\/produkt\/warsztaty-gitarowe-n\/","name":"WARSZTATY GITAROWE z Jakubem Tomalakiem (poziom \u015bredniozaawansowany) | nagranie warsztatu + autorskie materia\u0142y | 127 minut - pomoce katechetyczne | szkolenia dla katechet&oacute;w | STUDNIA KATECHETY","isPartOf":{"@id":"https:\/\/studniakatechety.pl\/sklep\/#website"},"primaryImageOfPage":{"@id":"https:\/\/studniakatechety.pl\/sklep\/produkt\/warsztaty-gitarowe-n\/#primaryimage"},"image":{"@id":"https:\/\/studniakatechety.pl\/sklep\/produkt\/warsztaty-gitarowe-n\/#primaryimage"},"thumbnailUrl":"https:\/\/studniakatechety.pl\/sklep\/wp-content\/uploads\/2021\/02\/prowadzenie-scholi-444-1.png","datePublished":"2021-02-02T14:36:18+00:00","dateModified":"2025-10-31T21:28:17+00:00","description":"pomoce katechetyczne | szkolenia dla katechet&oacute;w | STUDNIA KATECHETY","breadcrumb":{"@id":"https:\/\/studniakatechety.pl\/sklep\/produkt\/warsztaty-gitarowe-n\/#breadcrumb"},"inLanguage":"pl-PL","potentialAction":[{"@type":"ReadAction","target":["https:\/\/studniakatechety.pl\/sklep\/produkt\/warsztaty-gitarowe-n\/"]}]},{"@type":"ImageObject","inLanguage":"pl-PL","@id":"https:\/\/studniakatechety.pl\/sklep\/produkt\/warsztaty-gitarowe-n\/#primaryimage","url":"https:\/\/studniakatechety.pl\/sklep\/wp-content\/uploads\/2021\/02\/prowadzenie-scholi-444-1.png","contentUrl":"https:\/\/studniakatechety.pl\/sklep\/wp-content\/uploads\/2021\/02\/prowadzenie-scholi-444-1.png","width":1920,"height":1080,"caption":"szkolenia dla katechet\u00f3w"},{"@type":"BreadcrumbList","@id":"https:\/\/studniakatechety.pl\/sklep\/produkt\/warsztaty-gitarowe-n\/#breadcrumb","itemListElement":[{"@type":"ListItem","position":1,"name":"Strona g\u0142\u00f3wna","item":"https:\/\/studniakatechety.pl\/sklep\/"},{"@type":"ListItem","position":2,"name":"SKLEP","item":"https:\/\/studniakatechety.pl\/sklep\/shop\/"},{"@type":"ListItem","position":3,"name":"WARSZTATY GITAROWE z Jakubem Tomalakiem (poziom \u015bredniozaawansowany) | nagranie warsztatu + autorskie materia\u0142y | 127 minut"}]},{"@type":"WebSite","@id":"https:\/\/studniakatechety.pl\/sklep\/#website","url":"https:\/\/studniakatechety.pl\/sklep\/","name":"pomoce katechetyczne | szkolenia dla katechet\u00f3w | STUDNIA KATECHETY","description":"Strona dla katechet&oacute;w","publisher":{"@id":"https:\/\/studniakatechety.pl\/sklep\/#organization"},"potentialAction":[{"@type":"SearchAction","target":{"@type":"EntryPoint","urlTemplate":"https:\/\/studniakatechety.pl\/sklep\/?s={search_term_string}"},"query-input":{"@type":"PropertyValueSpecification","valueRequired":true,"valueName":"search_term_string"}}],"inLanguage":"pl-PL"},{"@type":"Organization","@id":"https:\/\/studniakatechety.pl\/sklep\/#organization","name":"pomoce katechetyczne | szkolenia dla katechet\u00f3w | STUDNIA KATECHETY","url":"https:\/\/studniakatechety.pl\/sklep\/","logo":{"@type":"ImageObject","inLanguage":"pl-PL","@id":"https:\/\/studniakatechety.pl\/sklep\/#\/schema\/logo\/image\/","url":"https:\/\/studniakatechety.pl\/sklep\/wp-content\/uploads\/2025\/04\/Studnia-Katechety.png","contentUrl":"https:\/\/studniakatechety.pl\/sklep\/wp-content\/uploads\/2025\/04\/Studnia-Katechety.png","width":600,"height":600,"caption":"pomoce katechetyczne | szkolenia dla katechet\u00f3w | STUDNIA KATECHETY"},"image":{"@id":"https:\/\/studniakatechety.pl\/sklep\/#\/schema\/logo\/image\/"},"sameAs":["https:\/\/www.facebook.com\/studniakatechety\/"]}]}},"_links":{"self":[{"href":"https:\/\/studniakatechety.pl\/sklep\/wp-json\/wp\/v2\/product\/4578","targetHints":{"allow":["GET"]}}],"collection":[{"href":"https:\/\/studniakatechety.pl\/sklep\/wp-json\/wp\/v2\/product"}],"about":[{"href":"https:\/\/studniakatechety.pl\/sklep\/wp-json\/wp\/v2\/types\/product"}],"replies":[{"embeddable":true,"href":"https:\/\/studniakatechety.pl\/sklep\/wp-json\/wp\/v2\/comments?post=4578"}],"version-history":[{"count":11,"href":"https:\/\/studniakatechety.pl\/sklep\/wp-json\/wp\/v2\/product\/4578\/revisions"}],"predecessor-version":[{"id":9551,"href":"https:\/\/studniakatechety.pl\/sklep\/wp-json\/wp\/v2\/product\/4578\/revisions\/9551"}],"wp:featuredmedia":[{"embeddable":true,"href":"https:\/\/studniakatechety.pl\/sklep\/wp-json\/wp\/v2\/media\/9550"}],"wp:attachment":[{"href":"https:\/\/studniakatechety.pl\/sklep\/wp-json\/wp\/v2\/media?parent=4578"}],"wp:term":[{"taxonomy":"product_brand","embeddable":true,"href":"https:\/\/studniakatechety.pl\/sklep\/wp-json\/wp\/v2\/product_brand?post=4578"},{"taxonomy":"product_cat","embeddable":true,"href":"https:\/\/studniakatechety.pl\/sklep\/wp-json\/wp\/v2\/product_cat?post=4578"},{"taxonomy":"product_tag","embeddable":true,"href":"https:\/\/studniakatechety.pl\/sklep\/wp-json\/wp\/v2\/product_tag?post=4578"}],"curies":[{"name":"wp","href":"https:\/\/api.w.org\/{rel}","templated":true}]}}