{"id":4323,"date":"2021-01-20T11:05:45","date_gmt":"2021-01-20T11:05:45","guid":{"rendered":"https:\/\/studniakatechety.pl\/sklep\/?post_type=product&#038;p=4323"},"modified":"2025-10-31T21:30:59","modified_gmt":"2025-10-31T21:30:59","slug":"gry-2-nagranie-2","status":"publish","type":"product","link":"https:\/\/studniakatechety.pl\/sklep\/produkt\/gry-2-nagranie-2\/","title":{"rendered":"GRY NA KATECHEZIE cz. 2 | nagranie szkolenia dla katechet\u00f3w + materia\u0142y | 87 minut"},"content":{"rendered":"<p><span data-offset-key=\"20if7-0-0\">Na szkoleniu oko\u0142o 10 GIER do wykorzystania na katechezie. M. in.: Plickers (tworzenie quiz\u00f3w w chmurze do kt\u00f3rych uczestnicy nie potrzebuj\u0105 smartfon\u00f3w), nowy szpieg (?), gra planszowa w Genially (Ma\u0142y Katechizm), nowa gra &#8220;Szybka Tr\u00f3jka&#8221;, sakramentalne &#8220;Ja mam! Kto ma?&#8221; &#8230; Uczestnicy otrzymaj\u0105 gotowe rozwi\u0105zania ? ale tak\u017ce podpowiedzi jak samemu przygotowa\u0107 gry ? \u2702\ufe0f Jak zwykle za\u015bwiadczenia ?\u00a0<\/span><\/p>\n<p>Zakupuj\u0105cy opr\u00f3cz dost\u0119pu do nagrania otrzymuje dost\u0119p do materia\u0142\u00f3w (w tym Gry &#8211; JA MAM! KTO MA? &#8211; sakramenty 15 kart &#8211; znak i formu\u0142a; Szybka Tr\u00f3jka &#8211; 60 kart; Gra planszowa w Genially &#8211; Ma\u0142y Katechizm).<\/p>\n<p>Czas trwania: 87 minut<\/p>\n<p>Ka\u017cda z cz\u0119\u015bci szkolenia stanowi kompletn\u0105 ca\u0142o\u015b\u0107. Do wykorzystania tre\u015bci z 2. cz\u0119\u015bci, nie ma potrzeby znajomo\u015bci 1. cz\u0119\u015bci.<\/p>\n<p>Szkolenia dla katechet\u00f3w <span style=\"color: #ffffff;\">online 2022, strony dla katechet\u00f3w, warsztaty, webinary<\/span><\/p>\n","protected":false},"excerpt":{"rendered":"<p><span data-offset-key=\"20if7-0-0\">Na szkoleniu oko\u0142o 10 GIER do wykorzystania na katechezie. M. in.: Plickers (tworzenie quiz\u00f3w w chmurze do kt\u00f3rych uczestnicy nie potrzebuj\u0105 smartfon\u00f3w), nowy szpieg (?), gra planszowa w Genially (Ma\u0142y Katechizm), nowa gra &#8220;Szybka Tr\u00f3jka&#8221;, sakramentalne &#8220;Ja mam! Kto ma?&#8221; &#8230; Uczestnicy otrzymaj\u0105 gotowe rozwi\u0105zania ? ale tak\u017ce podpowiedzi jak samemu przygotowa\u0107 gry ? \u2702\ufe0f Jak zwykle za\u015bwiadczenia ?\u00a0<\/span><\/p>\n<p>Zakupuj\u0105cy opr\u00f3cz dost\u0119pu do nagrania otrzymuje dost\u0119p do materia\u0142\u00f3w (w tym Gry &#8211; JA MAM! KTO MA? &#8211; sakramenty 15 kart &#8211; znak i formu\u0142a; Szybka Tr\u00f3jka &#8211; 60 kart; Gra planszowa w Genially &#8211; Ma\u0142y Katechizm).<\/p>\n<p>Czas trwania: 87 minut<\/p>\n<p>Ka\u017cda z cz\u0119\u015bci szkolenia stanowi kompletn\u0105 ca\u0142o\u015b\u0107. Do wykorzystania tre\u015bci z 2. cz\u0119\u015bci, nie ma potrzeby znajomo\u015bci 1. cz\u0119\u015bci.<\/p>\n<p>Szkolenia dla katechet\u00f3w <span style=\"color: #ffffff;\">online 2022, strony dla katechet\u00f3w, warsztaty, webinary<\/span><\/p>\n","protected":false},"featured_media":4339,"comment_status":"open","ping_status":"closed","template":"","meta":{"site-sidebar-layout":"default","site-content-layout":"default","ast-site-content-layout":"default","site-content-style":"default","site-sidebar-style":"default","ast-global-header-display":"","ast-banner-title-visibility":"","ast-main-header-display":"","ast-hfb-above-header-display":"","ast-hfb-below-header-display":"","ast-hfb-mobile-header-display":"","site-post-title":"","ast-breadcrumbs-content":"","ast-featured-img":"","footer-sml-layout":"","ast-disable-related-posts":"","theme-transparent-header-meta":"default","adv-header-id-meta":"","stick-header-meta":"","header-above-stick-meta":"","header-main-stick-meta":"","header-below-stick-meta":"","astra-migrate-meta-layouts":"set","ast-page-background-enabled":"default","ast-page-background-meta":{"desktop":{"background-color":"var(--ast-global-color-4)","background-image":"","background-repeat":"repeat","background-position":"center center","background-size":"auto","background-attachment":"scroll","background-type":"","background-media":"","overlay-type":"","overlay-color":"","overlay-opacity":"","overlay-gradient":""},"tablet":{"background-color":"","background-image":"","background-repeat":"repeat","background-position":"center center","background-size":"auto","background-attachment":"scroll","background-type":"","background-media":"","overlay-type":"","overlay-color":"","overlay-opacity":"","overlay-gradient":""},"mobile":{"background-color":"","background-image":"","background-repeat":"repeat","background-position":"center center","background-size":"auto","background-attachment":"scroll","background-type":"","background-media":"","overlay-type":"","overlay-color":"","overlay-opacity":"","overlay-gradient":""}},"ast-content-background-meta":{"desktop":{"background-color":"var(--ast-global-color-5)","background-image":"","background-repeat":"repeat","background-position":"center center","background-size":"auto","background-attachment":"scroll","background-type":"","background-media":"","overlay-type":"","overlay-color":"","overlay-opacity":"","overlay-gradient":""},"tablet":{"background-color":"var(--ast-global-color-5)","background-image":"","background-repeat":"repeat","background-position":"center center","background-size":"auto","background-attachment":"scroll","background-type":"","background-media":"","overlay-type":"","overlay-color":"","overlay-opacity":"","overlay-gradient":""},"mobile":{"background-color":"var(--ast-global-color-5)","background-image":"","background-repeat":"repeat","background-position":"center center","background-size":"auto","background-attachment":"scroll","background-type":"","background-media":"","overlay-type":"","overlay-color":"","overlay-opacity":"","overlay-gradient":""}}},"product_brand":[],"product_cat":[884,833,831,880,844,47,822,823,878,855],"product_tag":[105,158,242,794,109,113],"class_list":{"0":"post-4323","1":"product","2":"type-product","3":"status-publish","4":"has-post-thumbnail","6":"product_cat-gry-nagrania-szkolen","7":"product_cat-gry-metody","8":"product_cat-metody","9":"product_cat-metody-aktywizujace-nagrania-szkolen","10":"product_cat-metody-aktywizujace","11":"product_cat-nagrania-szkolen","12":"product_cat-sp-4-6","13":"product_cat-sp-7-8","14":"product_cat-szkola-srednia","15":"product_cat-tomasz-pocwiardowski","16":"product_tag-gry","17":"product_tag-gry-szkolenie","18":"product_tag-grytp","19":"product_tag-grywalizacja","20":"product_tag-metody-aktywizujace","21":"product_tag-t-pocwiardowski","22":"desktop-align-center","23":"tablet-align-left","24":"mobile-align-left","26":"first","27":"instock","28":"downloadable","29":"virtual","30":"purchasable","31":"product-type-simple"},"yoast_head":"<!-- This site is optimized with the Yoast SEO plugin v27.3 - https:\/\/yoast.com\/product\/yoast-seo-wordpress\/ -->\n<title>GRY NA KATECHEZIE cz. 2 | nagranie szkolenia dla katechet\u00f3w + materia\u0142y | 87 minut - pomoce katechetyczne | szkolenia dla katechet&oacute;w | STUDNIA KATECHETY<\/title>\n<meta name=\"description\" content=\"pomoce katechetyczne | szkolenia dla katechet&oacute;w | STUDNIA KATECHETY\" \/>\n<meta name=\"robots\" content=\"index, follow, max-snippet:-1, max-image-preview:large, max-video-preview:-1\" \/>\n<link rel=\"canonical\" href=\"https:\/\/studniakatechety.pl\/sklep\/produkt\/gry-2-nagranie-2\/\" \/>\n<meta property=\"og:locale\" content=\"pl_PL\" \/>\n<meta property=\"og:type\" content=\"article\" \/>\n<meta property=\"og:title\" content=\"GRY NA KATECHEZIE cz. 2 | nagranie szkolenia dla katechet\u00f3w + materia\u0142y | 87 minut - pomoce katechetyczne | szkolenia dla katechet&oacute;w | STUDNIA KATECHETY\" \/>\n<meta property=\"og:description\" content=\"pomoce katechetyczne | szkolenia dla katechet&oacute;w | STUDNIA KATECHETY\" \/>\n<meta property=\"og:url\" content=\"https:\/\/studniakatechety.pl\/sklep\/produkt\/gry-2-nagranie-2\/\" \/>\n<meta property=\"og:site_name\" content=\"pomoce katechetyczne | szkolenia dla katechet&oacute;w | STUDNIA KATECHETY\" \/>\n<meta property=\"article:publisher\" content=\"https:\/\/www.facebook.com\/studniakatechety\/\" \/>\n<meta property=\"article:modified_time\" content=\"2025-10-31T21:30:59+00:00\" \/>\n<meta property=\"og:image\" content=\"https:\/\/studniakatechety.pl\/sklep\/wp-content\/uploads\/2021\/01\/gry-na-katechezie-22-min-film.png\" \/>\n\t<meta property=\"og:image:width\" content=\"1600\" \/>\n\t<meta property=\"og:image:height\" content=\"917\" \/>\n\t<meta property=\"og:image:type\" content=\"image\/png\" \/>\n<meta name=\"twitter:card\" content=\"summary_large_image\" \/>\n<meta name=\"twitter:label1\" content=\"Szacowany czas czytania\" \/>\n\t<meta name=\"twitter:data1\" content=\"1 minuta\" \/>\n<script type=\"application\/ld+json\" class=\"yoast-schema-graph\">{\"@context\":\"https:\\\/\\\/schema.org\",\"@graph\":[{\"@type\":\"WebPage\",\"@id\":\"https:\\\/\\\/studniakatechety.pl\\\/sklep\\\/produkt\\\/gry-2-nagranie-2\\\/\",\"url\":\"https:\\\/\\\/studniakatechety.pl\\\/sklep\\\/produkt\\\/gry-2-nagranie-2\\\/\",\"name\":\"GRY NA KATECHEZIE cz. 2 | nagranie szkolenia dla katechet\u00f3w + materia\u0142y | 87 minut - pomoce katechetyczne | szkolenia dla katechet&oacute;w | STUDNIA KATECHETY\",\"isPartOf\":{\"@id\":\"https:\\\/\\\/studniakatechety.pl\\\/sklep\\\/#website\"},\"primaryImageOfPage\":{\"@id\":\"https:\\\/\\\/studniakatechety.pl\\\/sklep\\\/produkt\\\/gry-2-nagranie-2\\\/#primaryimage\"},\"image\":{\"@id\":\"https:\\\/\\\/studniakatechety.pl\\\/sklep\\\/produkt\\\/gry-2-nagranie-2\\\/#primaryimage\"},\"thumbnailUrl\":\"https:\\\/\\\/studniakatechety.pl\\\/sklep\\\/wp-content\\\/uploads\\\/2021\\\/01\\\/gry-na-katechezie-22-min-film.png\",\"datePublished\":\"2021-01-20T11:05:45+00:00\",\"dateModified\":\"2025-10-31T21:30:59+00:00\",\"description\":\"pomoce katechetyczne | szkolenia dla katechet&oacute;w | STUDNIA KATECHETY\",\"breadcrumb\":{\"@id\":\"https:\\\/\\\/studniakatechety.pl\\\/sklep\\\/produkt\\\/gry-2-nagranie-2\\\/#breadcrumb\"},\"inLanguage\":\"pl-PL\",\"potentialAction\":[{\"@type\":\"ReadAction\",\"target\":[\"https:\\\/\\\/studniakatechety.pl\\\/sklep\\\/produkt\\\/gry-2-nagranie-2\\\/\"]}]},{\"@type\":\"ImageObject\",\"inLanguage\":\"pl-PL\",\"@id\":\"https:\\\/\\\/studniakatechety.pl\\\/sklep\\\/produkt\\\/gry-2-nagranie-2\\\/#primaryimage\",\"url\":\"https:\\\/\\\/studniakatechety.pl\\\/sklep\\\/wp-content\\\/uploads\\\/2021\\\/01\\\/gry-na-katechezie-22-min-film.png\",\"contentUrl\":\"https:\\\/\\\/studniakatechety.pl\\\/sklep\\\/wp-content\\\/uploads\\\/2021\\\/01\\\/gry-na-katechezie-22-min-film.png\",\"width\":1600,\"height\":917,\"caption\":\"Szkolenie dla katechet\u00f3w - Gry na katechezie cz. 2\"},{\"@type\":\"BreadcrumbList\",\"@id\":\"https:\\\/\\\/studniakatechety.pl\\\/sklep\\\/produkt\\\/gry-2-nagranie-2\\\/#breadcrumb\",\"itemListElement\":[{\"@type\":\"ListItem\",\"position\":1,\"name\":\"Strona g\u0142\u00f3wna\",\"item\":\"https:\\\/\\\/studniakatechety.pl\\\/sklep\\\/\"},{\"@type\":\"ListItem\",\"position\":2,\"name\":\"SKLEP\",\"item\":\"https:\\\/\\\/studniakatechety.pl\\\/sklep\\\/shop\\\/\"},{\"@type\":\"ListItem\",\"position\":3,\"name\":\"GRY NA KATECHEZIE cz. 2 | nagranie szkolenia dla katechet\u00f3w + materia\u0142y | 87 minut\"}]},{\"@type\":\"WebSite\",\"@id\":\"https:\\\/\\\/studniakatechety.pl\\\/sklep\\\/#website\",\"url\":\"https:\\\/\\\/studniakatechety.pl\\\/sklep\\\/\",\"name\":\"pomoce katechetyczne | szkolenia dla katechet\u00f3w | STUDNIA KATECHETY\",\"description\":\"Strona dla katechet&oacute;w\",\"publisher\":{\"@id\":\"https:\\\/\\\/studniakatechety.pl\\\/sklep\\\/#organization\"},\"potentialAction\":[{\"@type\":\"SearchAction\",\"target\":{\"@type\":\"EntryPoint\",\"urlTemplate\":\"https:\\\/\\\/studniakatechety.pl\\\/sklep\\\/?s={search_term_string}\"},\"query-input\":{\"@type\":\"PropertyValueSpecification\",\"valueRequired\":true,\"valueName\":\"search_term_string\"}}],\"inLanguage\":\"pl-PL\"},{\"@type\":\"Organization\",\"@id\":\"https:\\\/\\\/studniakatechety.pl\\\/sklep\\\/#organization\",\"name\":\"pomoce katechetyczne | szkolenia dla katechet\u00f3w | STUDNIA KATECHETY\",\"url\":\"https:\\\/\\\/studniakatechety.pl\\\/sklep\\\/\",\"logo\":{\"@type\":\"ImageObject\",\"inLanguage\":\"pl-PL\",\"@id\":\"https:\\\/\\\/studniakatechety.pl\\\/sklep\\\/#\\\/schema\\\/logo\\\/image\\\/\",\"url\":\"https:\\\/\\\/studniakatechety.pl\\\/sklep\\\/wp-content\\\/uploads\\\/2025\\\/04\\\/Studnia-Katechety.png\",\"contentUrl\":\"https:\\\/\\\/studniakatechety.pl\\\/sklep\\\/wp-content\\\/uploads\\\/2025\\\/04\\\/Studnia-Katechety.png\",\"width\":600,\"height\":600,\"caption\":\"pomoce katechetyczne | szkolenia dla katechet\u00f3w | STUDNIA KATECHETY\"},\"image\":{\"@id\":\"https:\\\/\\\/studniakatechety.pl\\\/sklep\\\/#\\\/schema\\\/logo\\\/image\\\/\"},\"sameAs\":[\"https:\\\/\\\/www.facebook.com\\\/studniakatechety\\\/\"]}]}<\/script>\n<!-- \/ Yoast SEO plugin. -->","yoast_head_json":{"title":"GRY NA KATECHEZIE cz. 2 | nagranie szkolenia dla katechet\u00f3w + materia\u0142y | 87 minut - pomoce katechetyczne | szkolenia dla katechet&oacute;w | STUDNIA KATECHETY","description":"pomoce katechetyczne | szkolenia dla katechet&oacute;w | STUDNIA KATECHETY","robots":{"index":"index","follow":"follow","max-snippet":"max-snippet:-1","max-image-preview":"max-image-preview:large","max-video-preview":"max-video-preview:-1"},"canonical":"https:\/\/studniakatechety.pl\/sklep\/produkt\/gry-2-nagranie-2\/","og_locale":"pl_PL","og_type":"article","og_title":"GRY NA KATECHEZIE cz. 2 | nagranie szkolenia dla katechet\u00f3w + materia\u0142y | 87 minut - pomoce katechetyczne | szkolenia dla katechet&oacute;w | STUDNIA KATECHETY","og_description":"pomoce katechetyczne | szkolenia dla katechet&oacute;w | STUDNIA KATECHETY","og_url":"https:\/\/studniakatechety.pl\/sklep\/produkt\/gry-2-nagranie-2\/","og_site_name":"pomoce katechetyczne | szkolenia dla katechet&oacute;w | STUDNIA KATECHETY","article_publisher":"https:\/\/www.facebook.com\/studniakatechety\/","article_modified_time":"2025-10-31T21:30:59+00:00","og_image":[{"width":1600,"height":917,"url":"https:\/\/studniakatechety.pl\/sklep\/wp-content\/uploads\/2021\/01\/gry-na-katechezie-22-min-film.png","type":"image\/png"}],"twitter_card":"summary_large_image","twitter_misc":{"Szacowany czas czytania":"1 minuta"},"schema":{"@context":"https:\/\/schema.org","@graph":[{"@type":"WebPage","@id":"https:\/\/studniakatechety.pl\/sklep\/produkt\/gry-2-nagranie-2\/","url":"https:\/\/studniakatechety.pl\/sklep\/produkt\/gry-2-nagranie-2\/","name":"GRY NA KATECHEZIE cz. 2 | nagranie szkolenia dla katechet\u00f3w + materia\u0142y | 87 minut - pomoce katechetyczne | szkolenia dla katechet&oacute;w | STUDNIA KATECHETY","isPartOf":{"@id":"https:\/\/studniakatechety.pl\/sklep\/#website"},"primaryImageOfPage":{"@id":"https:\/\/studniakatechety.pl\/sklep\/produkt\/gry-2-nagranie-2\/#primaryimage"},"image":{"@id":"https:\/\/studniakatechety.pl\/sklep\/produkt\/gry-2-nagranie-2\/#primaryimage"},"thumbnailUrl":"https:\/\/studniakatechety.pl\/sklep\/wp-content\/uploads\/2021\/01\/gry-na-katechezie-22-min-film.png","datePublished":"2021-01-20T11:05:45+00:00","dateModified":"2025-10-31T21:30:59+00:00","description":"pomoce katechetyczne | szkolenia dla katechet&oacute;w | STUDNIA KATECHETY","breadcrumb":{"@id":"https:\/\/studniakatechety.pl\/sklep\/produkt\/gry-2-nagranie-2\/#breadcrumb"},"inLanguage":"pl-PL","potentialAction":[{"@type":"ReadAction","target":["https:\/\/studniakatechety.pl\/sklep\/produkt\/gry-2-nagranie-2\/"]}]},{"@type":"ImageObject","inLanguage":"pl-PL","@id":"https:\/\/studniakatechety.pl\/sklep\/produkt\/gry-2-nagranie-2\/#primaryimage","url":"https:\/\/studniakatechety.pl\/sklep\/wp-content\/uploads\/2021\/01\/gry-na-katechezie-22-min-film.png","contentUrl":"https:\/\/studniakatechety.pl\/sklep\/wp-content\/uploads\/2021\/01\/gry-na-katechezie-22-min-film.png","width":1600,"height":917,"caption":"Szkolenie dla katechet\u00f3w - Gry na katechezie cz. 2"},{"@type":"BreadcrumbList","@id":"https:\/\/studniakatechety.pl\/sklep\/produkt\/gry-2-nagranie-2\/#breadcrumb","itemListElement":[{"@type":"ListItem","position":1,"name":"Strona g\u0142\u00f3wna","item":"https:\/\/studniakatechety.pl\/sklep\/"},{"@type":"ListItem","position":2,"name":"SKLEP","item":"https:\/\/studniakatechety.pl\/sklep\/shop\/"},{"@type":"ListItem","position":3,"name":"GRY NA KATECHEZIE cz. 2 | nagranie szkolenia dla katechet\u00f3w + materia\u0142y | 87 minut"}]},{"@type":"WebSite","@id":"https:\/\/studniakatechety.pl\/sklep\/#website","url":"https:\/\/studniakatechety.pl\/sklep\/","name":"pomoce katechetyczne | szkolenia dla katechet\u00f3w | STUDNIA KATECHETY","description":"Strona dla katechet&oacute;w","publisher":{"@id":"https:\/\/studniakatechety.pl\/sklep\/#organization"},"potentialAction":[{"@type":"SearchAction","target":{"@type":"EntryPoint","urlTemplate":"https:\/\/studniakatechety.pl\/sklep\/?s={search_term_string}"},"query-input":{"@type":"PropertyValueSpecification","valueRequired":true,"valueName":"search_term_string"}}],"inLanguage":"pl-PL"},{"@type":"Organization","@id":"https:\/\/studniakatechety.pl\/sklep\/#organization","name":"pomoce katechetyczne | szkolenia dla katechet\u00f3w | STUDNIA KATECHETY","url":"https:\/\/studniakatechety.pl\/sklep\/","logo":{"@type":"ImageObject","inLanguage":"pl-PL","@id":"https:\/\/studniakatechety.pl\/sklep\/#\/schema\/logo\/image\/","url":"https:\/\/studniakatechety.pl\/sklep\/wp-content\/uploads\/2025\/04\/Studnia-Katechety.png","contentUrl":"https:\/\/studniakatechety.pl\/sklep\/wp-content\/uploads\/2025\/04\/Studnia-Katechety.png","width":600,"height":600,"caption":"pomoce katechetyczne | szkolenia dla katechet\u00f3w | STUDNIA KATECHETY"},"image":{"@id":"https:\/\/studniakatechety.pl\/sklep\/#\/schema\/logo\/image\/"},"sameAs":["https:\/\/www.facebook.com\/studniakatechety\/"]}]}},"_links":{"self":[{"href":"https:\/\/studniakatechety.pl\/sklep\/wp-json\/wp\/v2\/product\/4323","targetHints":{"allow":["GET"]}}],"collection":[{"href":"https:\/\/studniakatechety.pl\/sklep\/wp-json\/wp\/v2\/product"}],"about":[{"href":"https:\/\/studniakatechety.pl\/sklep\/wp-json\/wp\/v2\/types\/product"}],"replies":[{"embeddable":true,"href":"https:\/\/studniakatechety.pl\/sklep\/wp-json\/wp\/v2\/comments?post=4323"}],"version-history":[{"count":12,"href":"https:\/\/studniakatechety.pl\/sklep\/wp-json\/wp\/v2\/product\/4323\/revisions"}],"predecessor-version":[{"id":4327,"href":"https:\/\/studniakatechety.pl\/sklep\/wp-json\/wp\/v2\/product\/4323\/revisions\/4327"}],"wp:featuredmedia":[{"embeddable":true,"href":"https:\/\/studniakatechety.pl\/sklep\/wp-json\/wp\/v2\/media\/4339"}],"wp:attachment":[{"href":"https:\/\/studniakatechety.pl\/sklep\/wp-json\/wp\/v2\/media?parent=4323"}],"wp:term":[{"taxonomy":"product_brand","embeddable":true,"href":"https:\/\/studniakatechety.pl\/sklep\/wp-json\/wp\/v2\/product_brand?post=4323"},{"taxonomy":"product_cat","embeddable":true,"href":"https:\/\/studniakatechety.pl\/sklep\/wp-json\/wp\/v2\/product_cat?post=4323"},{"taxonomy":"product_tag","embeddable":true,"href":"https:\/\/studniakatechety.pl\/sklep\/wp-json\/wp\/v2\/product_tag?post=4323"}],"curies":[{"name":"wp","href":"https:\/\/api.w.org\/{rel}","templated":true}]}}