{"id":3809,"date":"2020-12-23T22:24:59","date_gmt":"2020-12-23T22:24:59","guid":{"rendered":"https:\/\/studniakatechety.pl\/sklep\/?post_type=product&#038;p=3809"},"modified":"2025-06-07T17:58:43","modified_gmt":"2025-06-07T17:58:43","slug":"blogger-nagranie","status":"publish","type":"product","link":"https:\/\/studniakatechety.pl\/sklep\/produkt\/blogger-nagranie\/","title":{"rendered":"BLOGGER &#8211; tworzenie stron internetowych | nagranie szkolenia dla katechet\u00f3w | 67 minut"},"content":{"rendered":"<div dir=\"auto\">Tworzenie strony internetowej, kt\u00f3ra mo\u017ce rozszerzy\u0107 nasz katechetyczny przekaz lub pom\u00f3c w ukazaniu \u015bwiatu naszych talent\u00f3w.<\/div>\n<div dir=\"auto\">Na szkoleniu:<\/div>\n<div dir=\"auto\">&#8211; zak\u0142adanie konta,<\/div>\n<div dir=\"auto\">&#8211; tworzenie kompletnej strony (tekst, grafika, filmy),<\/div>\n<div dir=\"auto\">&#8211; tworzenie podstron,<\/div>\n<div dir=\"auto\">&#8211; tworzenie wpis\u00f3w,<\/div>\n<div dir=\"auto\">&#8211; wstawianie wid\u017cet\u00f3w poprawiaj\u0105cych funkcjonalno\u015b\u0107 strony,<\/div>\n<div dir=\"auto\">&#8211; dostosowywanie wygl\u0105du i uk\u0142adu tre\u015bci.<\/div>\n<div dir=\"auto\">Czas trwania: 67 minut.<\/div>\n<div dir=\"auto\">Mo\u017cliwo\u015b\u0107 uzyskania za\u015bwiadczenia i pomocy we wdra\u017caniu zdobytych umiej\u0119tno\u015bci.<\/div>\n","protected":false},"excerpt":{"rendered":"<p>Tworzenie strony internetowej, kt\u00f3ra mo\u017ce rozszerzy\u0107 nasz katechetyczny przekaz lub pom\u00f3c w ukazaniu \u015bwiatu naszych talent\u00f3w. Na szkoleniu: &#8211; zak\u0142adanie konta, &#8211; tworzenie kompletnej strony (tekst, grafika, filmy), &#8211; tworzenie podstron, &#8211; tworzenie wpis\u00f3w, &#8211; wstawianie wid\u017cet\u00f3w poprawiaj\u0105cych funkcjonalno\u015b\u0107 strony, &#8211; dostosowywanie wygl\u0105du i uk\u0142adu tre\u015bci. Czas trwania: 67 minut. Mo\u017cliwo\u015b\u0107 uzyskania za\u015bwiadczenia i pomocy [&hellip;]<\/p>\n","protected":false},"featured_media":4616,"comment_status":"open","ping_status":"closed","template":"","meta":{"site-sidebar-layout":"default","site-content-layout":"default","ast-site-content-layout":"default","site-content-style":"default","site-sidebar-style":"default","ast-global-header-display":"","ast-banner-title-visibility":"","ast-main-header-display":"","ast-hfb-above-header-display":"","ast-hfb-below-header-display":"","ast-hfb-mobile-header-display":"","site-post-title":"","ast-breadcrumbs-content":"","ast-featured-img":"","footer-sml-layout":"","ast-disable-related-posts":"","theme-transparent-header-meta":"default","adv-header-id-meta":"","stick-header-meta":"","header-above-stick-meta":"","header-main-stick-meta":"","header-below-stick-meta":"","astra-migrate-meta-layouts":"default","ast-page-background-enabled":"default","ast-page-background-meta":{"desktop":{"background-color":"var(--ast-global-color-4)","background-image":"","background-repeat":"repeat","background-position":"center center","background-size":"auto","background-attachment":"scroll","background-type":"","background-media":"","overlay-type":"","overlay-color":"","overlay-opacity":"","overlay-gradient":""},"tablet":{"background-color":"","background-image":"","background-repeat":"repeat","background-position":"center center","background-size":"auto","background-attachment":"scroll","background-type":"","background-media":"","overlay-type":"","overlay-color":"","overlay-opacity":"","overlay-gradient":""},"mobile":{"background-color":"","background-image":"","background-repeat":"repeat","background-position":"center center","background-size":"auto","background-attachment":"scroll","background-type":"","background-media":"","overlay-type":"","overlay-color":"","overlay-opacity":"","overlay-gradient":""}},"ast-content-background-meta":{"desktop":{"background-color":"var(--ast-global-color-5)","background-image":"","background-repeat":"repeat","background-position":"center center","background-size":"auto","background-attachment":"scroll","background-type":"","background-media":"","overlay-type":"","overlay-color":"","overlay-opacity":"","overlay-gradient":""},"tablet":{"background-color":"var(--ast-global-color-5)","background-image":"","background-repeat":"repeat","background-position":"center center","background-size":"auto","background-attachment":"scroll","background-type":"","background-media":"","overlay-type":"","overlay-color":"","overlay-opacity":"","overlay-gradient":""},"mobile":{"background-color":"var(--ast-global-color-5)","background-image":"","background-repeat":"repeat","background-position":"center center","background-size":"auto","background-attachment":"scroll","background-type":"","background-media":"","overlay-type":"","overlay-color":"","overlay-opacity":"","overlay-gradient":""}}},"product_brand":[],"product_cat":[47],"product_tag":[191,76,188,113,77,190],"class_list":{"0":"post-3809","1":"product","2":"type-product","3":"status-publish","4":"has-post-thumbnail","6":"product_cat-nagrania-szkolen","7":"product_tag-blogger","8":"product_tag-nowe-technologie","9":"product_tag-ntwpk","10":"product_tag-t-pocwiardowski","11":"product_tag-tik","12":"product_tag-tworzenie-stron","13":"desktop-align-center","14":"tablet-align-left","15":"mobile-align-left","17":"first","18":"instock","19":"downloadable","20":"virtual","21":"purchasable","22":"product-type-simple"},"yoast_head":"<!-- This site is optimized with the Yoast SEO plugin v27.3 - https:\/\/yoast.com\/product\/yoast-seo-wordpress\/ -->\n<title>BLOGGER - tworzenie stron internetowych | nagranie szkolenia dla katechet\u00f3w | 67 minut - pomoce katechetyczne | szkolenia dla katechet&oacute;w | STUDNIA KATECHETY<\/title>\n<meta name=\"description\" content=\"pomoce katechetyczne | szkolenia dla katechet&oacute;w | STUDNIA KATECHETY\" \/>\n<meta name=\"robots\" content=\"index, follow, max-snippet:-1, max-image-preview:large, max-video-preview:-1\" \/>\n<link rel=\"canonical\" href=\"https:\/\/studniakatechety.pl\/sklep\/produkt\/blogger-nagranie\/\" \/>\n<meta property=\"og:locale\" content=\"pl_PL\" \/>\n<meta property=\"og:type\" content=\"article\" \/>\n<meta property=\"og:title\" content=\"BLOGGER - tworzenie stron internetowych | nagranie szkolenia dla katechet\u00f3w | 67 minut - pomoce katechetyczne | szkolenia dla katechet&oacute;w | STUDNIA KATECHETY\" \/>\n<meta property=\"og:description\" content=\"pomoce katechetyczne | szkolenia dla katechet&oacute;w | STUDNIA KATECHETY\" \/>\n<meta property=\"og:url\" content=\"https:\/\/studniakatechety.pl\/sklep\/produkt\/blogger-nagranie\/\" \/>\n<meta property=\"og:site_name\" content=\"pomoce katechetyczne | szkolenia dla katechet&oacute;w | STUDNIA KATECHETY\" \/>\n<meta property=\"article:publisher\" content=\"https:\/\/www.facebook.com\/studniakatechety\/\" \/>\n<meta property=\"article:modified_time\" content=\"2025-06-07T17:58:43+00:00\" \/>\n<meta property=\"og:image\" content=\"https:\/\/studniakatechety.pl\/sklep\/wp-content\/uploads\/2020\/12\/blogger-film.png\" \/>\n\t<meta property=\"og:image:width\" content=\"1920\" \/>\n\t<meta property=\"og:image:height\" content=\"1100\" \/>\n\t<meta property=\"og:image:type\" content=\"image\/png\" \/>\n<meta name=\"twitter:card\" content=\"summary_large_image\" \/>\n<script type=\"application\/ld+json\" class=\"yoast-schema-graph\">{\"@context\":\"https:\\\/\\\/schema.org\",\"@graph\":[{\"@type\":\"WebPage\",\"@id\":\"https:\\\/\\\/studniakatechety.pl\\\/sklep\\\/produkt\\\/blogger-nagranie\\\/\",\"url\":\"https:\\\/\\\/studniakatechety.pl\\\/sklep\\\/produkt\\\/blogger-nagranie\\\/\",\"name\":\"BLOGGER - tworzenie stron internetowych | nagranie szkolenia dla katechet\u00f3w | 67 minut - pomoce katechetyczne | szkolenia dla katechet&oacute;w | STUDNIA KATECHETY\",\"isPartOf\":{\"@id\":\"https:\\\/\\\/studniakatechety.pl\\\/sklep\\\/#website\"},\"primaryImageOfPage\":{\"@id\":\"https:\\\/\\\/studniakatechety.pl\\\/sklep\\\/produkt\\\/blogger-nagranie\\\/#primaryimage\"},\"image\":{\"@id\":\"https:\\\/\\\/studniakatechety.pl\\\/sklep\\\/produkt\\\/blogger-nagranie\\\/#primaryimage\"},\"thumbnailUrl\":\"https:\\\/\\\/studniakatechety.pl\\\/sklep\\\/wp-content\\\/uploads\\\/2020\\\/12\\\/blogger-film.png\",\"datePublished\":\"2020-12-23T22:24:59+00:00\",\"dateModified\":\"2025-06-07T17:58:43+00:00\",\"description\":\"pomoce katechetyczne | szkolenia dla katechet&oacute;w | STUDNIA KATECHETY\",\"breadcrumb\":{\"@id\":\"https:\\\/\\\/studniakatechety.pl\\\/sklep\\\/produkt\\\/blogger-nagranie\\\/#breadcrumb\"},\"inLanguage\":\"pl-PL\",\"potentialAction\":[{\"@type\":\"ReadAction\",\"target\":[\"https:\\\/\\\/studniakatechety.pl\\\/sklep\\\/produkt\\\/blogger-nagranie\\\/\"]}]},{\"@type\":\"ImageObject\",\"inLanguage\":\"pl-PL\",\"@id\":\"https:\\\/\\\/studniakatechety.pl\\\/sklep\\\/produkt\\\/blogger-nagranie\\\/#primaryimage\",\"url\":\"https:\\\/\\\/studniakatechety.pl\\\/sklep\\\/wp-content\\\/uploads\\\/2020\\\/12\\\/blogger-film.png\",\"contentUrl\":\"https:\\\/\\\/studniakatechety.pl\\\/sklep\\\/wp-content\\\/uploads\\\/2020\\\/12\\\/blogger-film.png\",\"width\":1920,\"height\":1100,\"caption\":\"Szkolenie dla katechet\u00f3w - Tworzenie strony internetowej - Blogger\"},{\"@type\":\"BreadcrumbList\",\"@id\":\"https:\\\/\\\/studniakatechety.pl\\\/sklep\\\/produkt\\\/blogger-nagranie\\\/#breadcrumb\",\"itemListElement\":[{\"@type\":\"ListItem\",\"position\":1,\"name\":\"Strona g\u0142\u00f3wna\",\"item\":\"https:\\\/\\\/studniakatechety.pl\\\/sklep\\\/\"},{\"@type\":\"ListItem\",\"position\":2,\"name\":\"SKLEP\",\"item\":\"https:\\\/\\\/studniakatechety.pl\\\/sklep\\\/shop\\\/\"},{\"@type\":\"ListItem\",\"position\":3,\"name\":\"BLOGGER &#8211; tworzenie stron internetowych | nagranie szkolenia dla katechet\u00f3w | 67 minut\"}]},{\"@type\":\"WebSite\",\"@id\":\"https:\\\/\\\/studniakatechety.pl\\\/sklep\\\/#website\",\"url\":\"https:\\\/\\\/studniakatechety.pl\\\/sklep\\\/\",\"name\":\"pomoce katechetyczne | szkolenia dla katechet\u00f3w | STUDNIA KATECHETY\",\"description\":\"Strona dla katechet&oacute;w\",\"publisher\":{\"@id\":\"https:\\\/\\\/studniakatechety.pl\\\/sklep\\\/#organization\"},\"potentialAction\":[{\"@type\":\"SearchAction\",\"target\":{\"@type\":\"EntryPoint\",\"urlTemplate\":\"https:\\\/\\\/studniakatechety.pl\\\/sklep\\\/?s={search_term_string}\"},\"query-input\":{\"@type\":\"PropertyValueSpecification\",\"valueRequired\":true,\"valueName\":\"search_term_string\"}}],\"inLanguage\":\"pl-PL\"},{\"@type\":\"Organization\",\"@id\":\"https:\\\/\\\/studniakatechety.pl\\\/sklep\\\/#organization\",\"name\":\"pomoce katechetyczne | szkolenia dla katechet\u00f3w | STUDNIA KATECHETY\",\"url\":\"https:\\\/\\\/studniakatechety.pl\\\/sklep\\\/\",\"logo\":{\"@type\":\"ImageObject\",\"inLanguage\":\"pl-PL\",\"@id\":\"https:\\\/\\\/studniakatechety.pl\\\/sklep\\\/#\\\/schema\\\/logo\\\/image\\\/\",\"url\":\"https:\\\/\\\/studniakatechety.pl\\\/sklep\\\/wp-content\\\/uploads\\\/2025\\\/04\\\/Studnia-Katechety.png\",\"contentUrl\":\"https:\\\/\\\/studniakatechety.pl\\\/sklep\\\/wp-content\\\/uploads\\\/2025\\\/04\\\/Studnia-Katechety.png\",\"width\":600,\"height\":600,\"caption\":\"pomoce katechetyczne | szkolenia dla katechet\u00f3w | STUDNIA KATECHETY\"},\"image\":{\"@id\":\"https:\\\/\\\/studniakatechety.pl\\\/sklep\\\/#\\\/schema\\\/logo\\\/image\\\/\"},\"sameAs\":[\"https:\\\/\\\/www.facebook.com\\\/studniakatechety\\\/\"]}]}<\/script>\n<!-- \/ Yoast SEO plugin. -->","yoast_head_json":{"title":"BLOGGER - tworzenie stron internetowych | nagranie szkolenia dla katechet\u00f3w | 67 minut - pomoce katechetyczne | szkolenia dla katechet&oacute;w | STUDNIA KATECHETY","description":"pomoce katechetyczne | szkolenia dla katechet&oacute;w | STUDNIA KATECHETY","robots":{"index":"index","follow":"follow","max-snippet":"max-snippet:-1","max-image-preview":"max-image-preview:large","max-video-preview":"max-video-preview:-1"},"canonical":"https:\/\/studniakatechety.pl\/sklep\/produkt\/blogger-nagranie\/","og_locale":"pl_PL","og_type":"article","og_title":"BLOGGER - tworzenie stron internetowych | nagranie szkolenia dla katechet\u00f3w | 67 minut - pomoce katechetyczne | szkolenia dla katechet&oacute;w | STUDNIA KATECHETY","og_description":"pomoce katechetyczne | szkolenia dla katechet&oacute;w | STUDNIA KATECHETY","og_url":"https:\/\/studniakatechety.pl\/sklep\/produkt\/blogger-nagranie\/","og_site_name":"pomoce katechetyczne | szkolenia dla katechet&oacute;w | STUDNIA KATECHETY","article_publisher":"https:\/\/www.facebook.com\/studniakatechety\/","article_modified_time":"2025-06-07T17:58:43+00:00","og_image":[{"width":1920,"height":1100,"url":"https:\/\/studniakatechety.pl\/sklep\/wp-content\/uploads\/2020\/12\/blogger-film.png","type":"image\/png"}],"twitter_card":"summary_large_image","schema":{"@context":"https:\/\/schema.org","@graph":[{"@type":"WebPage","@id":"https:\/\/studniakatechety.pl\/sklep\/produkt\/blogger-nagranie\/","url":"https:\/\/studniakatechety.pl\/sklep\/produkt\/blogger-nagranie\/","name":"BLOGGER - tworzenie stron internetowych | nagranie szkolenia dla katechet\u00f3w | 67 minut - pomoce katechetyczne | szkolenia dla katechet&oacute;w | STUDNIA KATECHETY","isPartOf":{"@id":"https:\/\/studniakatechety.pl\/sklep\/#website"},"primaryImageOfPage":{"@id":"https:\/\/studniakatechety.pl\/sklep\/produkt\/blogger-nagranie\/#primaryimage"},"image":{"@id":"https:\/\/studniakatechety.pl\/sklep\/produkt\/blogger-nagranie\/#primaryimage"},"thumbnailUrl":"https:\/\/studniakatechety.pl\/sklep\/wp-content\/uploads\/2020\/12\/blogger-film.png","datePublished":"2020-12-23T22:24:59+00:00","dateModified":"2025-06-07T17:58:43+00:00","description":"pomoce katechetyczne | szkolenia dla katechet&oacute;w | STUDNIA KATECHETY","breadcrumb":{"@id":"https:\/\/studniakatechety.pl\/sklep\/produkt\/blogger-nagranie\/#breadcrumb"},"inLanguage":"pl-PL","potentialAction":[{"@type":"ReadAction","target":["https:\/\/studniakatechety.pl\/sklep\/produkt\/blogger-nagranie\/"]}]},{"@type":"ImageObject","inLanguage":"pl-PL","@id":"https:\/\/studniakatechety.pl\/sklep\/produkt\/blogger-nagranie\/#primaryimage","url":"https:\/\/studniakatechety.pl\/sklep\/wp-content\/uploads\/2020\/12\/blogger-film.png","contentUrl":"https:\/\/studniakatechety.pl\/sklep\/wp-content\/uploads\/2020\/12\/blogger-film.png","width":1920,"height":1100,"caption":"Szkolenie dla katechet\u00f3w - Tworzenie strony internetowej - Blogger"},{"@type":"BreadcrumbList","@id":"https:\/\/studniakatechety.pl\/sklep\/produkt\/blogger-nagranie\/#breadcrumb","itemListElement":[{"@type":"ListItem","position":1,"name":"Strona g\u0142\u00f3wna","item":"https:\/\/studniakatechety.pl\/sklep\/"},{"@type":"ListItem","position":2,"name":"SKLEP","item":"https:\/\/studniakatechety.pl\/sklep\/shop\/"},{"@type":"ListItem","position":3,"name":"BLOGGER &#8211; tworzenie stron internetowych | nagranie szkolenia dla katechet\u00f3w | 67 minut"}]},{"@type":"WebSite","@id":"https:\/\/studniakatechety.pl\/sklep\/#website","url":"https:\/\/studniakatechety.pl\/sklep\/","name":"pomoce katechetyczne | szkolenia dla katechet\u00f3w | STUDNIA KATECHETY","description":"Strona dla katechet&oacute;w","publisher":{"@id":"https:\/\/studniakatechety.pl\/sklep\/#organization"},"potentialAction":[{"@type":"SearchAction","target":{"@type":"EntryPoint","urlTemplate":"https:\/\/studniakatechety.pl\/sklep\/?s={search_term_string}"},"query-input":{"@type":"PropertyValueSpecification","valueRequired":true,"valueName":"search_term_string"}}],"inLanguage":"pl-PL"},{"@type":"Organization","@id":"https:\/\/studniakatechety.pl\/sklep\/#organization","name":"pomoce katechetyczne | szkolenia dla katechet\u00f3w | STUDNIA KATECHETY","url":"https:\/\/studniakatechety.pl\/sklep\/","logo":{"@type":"ImageObject","inLanguage":"pl-PL","@id":"https:\/\/studniakatechety.pl\/sklep\/#\/schema\/logo\/image\/","url":"https:\/\/studniakatechety.pl\/sklep\/wp-content\/uploads\/2025\/04\/Studnia-Katechety.png","contentUrl":"https:\/\/studniakatechety.pl\/sklep\/wp-content\/uploads\/2025\/04\/Studnia-Katechety.png","width":600,"height":600,"caption":"pomoce katechetyczne | szkolenia dla katechet\u00f3w | STUDNIA KATECHETY"},"image":{"@id":"https:\/\/studniakatechety.pl\/sklep\/#\/schema\/logo\/image\/"},"sameAs":["https:\/\/www.facebook.com\/studniakatechety\/"]}]}},"_links":{"self":[{"href":"https:\/\/studniakatechety.pl\/sklep\/wp-json\/wp\/v2\/product\/3809","targetHints":{"allow":["GET"]}}],"collection":[{"href":"https:\/\/studniakatechety.pl\/sklep\/wp-json\/wp\/v2\/product"}],"about":[{"href":"https:\/\/studniakatechety.pl\/sklep\/wp-json\/wp\/v2\/types\/product"}],"replies":[{"embeddable":true,"href":"https:\/\/studniakatechety.pl\/sklep\/wp-json\/wp\/v2\/comments?post=3809"}],"version-history":[{"count":6,"href":"https:\/\/studniakatechety.pl\/sklep\/wp-json\/wp\/v2\/product\/3809\/revisions"}],"predecessor-version":[{"id":9574,"href":"https:\/\/studniakatechety.pl\/sklep\/wp-json\/wp\/v2\/product\/3809\/revisions\/9574"}],"wp:featuredmedia":[{"embeddable":true,"href":"https:\/\/studniakatechety.pl\/sklep\/wp-json\/wp\/v2\/media\/4616"}],"wp:attachment":[{"href":"https:\/\/studniakatechety.pl\/sklep\/wp-json\/wp\/v2\/media?parent=3809"}],"wp:term":[{"taxonomy":"product_brand","embeddable":true,"href":"https:\/\/studniakatechety.pl\/sklep\/wp-json\/wp\/v2\/product_brand?post=3809"},{"taxonomy":"product_cat","embeddable":true,"href":"https:\/\/studniakatechety.pl\/sklep\/wp-json\/wp\/v2\/product_cat?post=3809"},{"taxonomy":"product_tag","embeddable":true,"href":"https:\/\/studniakatechety.pl\/sklep\/wp-json\/wp\/v2\/product_tag?post=3809"}],"curies":[{"name":"wp","href":"https:\/\/api.w.org\/{rel}","templated":true}]}}